{"id":1002,"date":"2025-10-27T21:22:34","date_gmt":"2025-10-27T20:22:34","guid":{"rendered":"https:\/\/mnzp-muzealnik.pl\/?page_id=1002"},"modified":"2026-02-09T12:54:36","modified_gmt":"2026-02-09T11:54:36","slug":"fajka-wieznia-z-obozu","status":"publish","type":"page","link":"https:\/\/mnzp-muzealnik.pl\/index.php\/strona-glowna\/muzeum-dzwonow-i-fajek\/fajka-wieznia-z-obozu\/","title":{"rendered":"Fajka wi\u0119\u017ania z obozu"},"content":{"rendered":"\n<p>Fajka [MPS-f-451, wystawa fajek Wie\u017ca]<\/p>\n\n\n\n<p>Fajka wi\u0119\u017ania obozu w Dachau. Wykonana w okresie II wojny \u015bwiatowej w Dachau. G\u0142\u00f3wk\u0105 fajki pe\u0142noplastyczna, rze\u017abiona z hebanu, ustnik z tworzywa sztucznego po\u0142\u0105czony z g\u0142\u00f3wka mosi\u0119\u017cnym pier\u015bcieniem. Cze\u015b\u0107 rze\u017abiona ma kszta\u0142t g\u0142owy brodatego m\u0119\u017cczyzny w \u201etypie Jakuba\u201d, na jego g\u0142owie czapka futrzana, przypominaj\u0105ca \u017cydowskie nakrycie g\u0142owy &#8211; sztrajm\u0142. Spos\u00f3b opracowania wskazuje na umiej\u0119tno\u015bci rze\u017abiarskie autora. Na spodzie fajki wyrze\u017abione numer obozowy 46585 i napis Dachau, opr\u00f3cz tego symbol &#8211; litera \u201eP\u201d w tr\u00f3jk\u0105cie, kt\u00f3ra \u015bwiadczy, i\u017c fajka nale\u017ca\u0142a do wi\u0119\u017ania politycznego narodowo\u015bci polskiej.<\/p>\n","protected":false},"excerpt":{"rendered":"<p>Fajka [MPS-f-451, wystawa fajek Wie\u017ca] Fajka wi\u0119\u017ania obozu w Dachau. Wykonana w okresie II wojny \u015bwiatowej w Dachau. G\u0142\u00f3wk\u0105 fajki pe\u0142noplastyczna, rze\u017abiona z hebanu, ustnik z tworzywa sztucznego po\u0142\u0105czony z g\u0142\u00f3wka mosi\u0119\u017cnym pier\u015bcieniem. Cze\u015b\u0107 rze\u017abiona ma kszta\u0142t g\u0142owy brodatego m\u0119\u017cczyzny w \u201etypie Jakuba\u201d, na jego g\u0142owie czapka futrzana, przypominaj\u0105ca \u017cydowskie nakrycie g\u0142owy &#8211; sztrajm\u0142. Spos\u00f3b [&hellip;]<\/p>\n","protected":false},"author":1,"featured_media":1250,"parent":147,"menu_order":152,"comment_status":"closed","ping_status":"closed","template":"","meta":{"footnotes":""},"class_list":["post-1002","page","type-page","status-publish","has-post-thumbnail","hentry"],"_links":{"self":[{"href":"https:\/\/mnzp-muzealnik.pl\/index.php\/wp-json\/wp\/v2\/pages\/1002","targetHints":{"allow":["GET"]}}],"collection":[{"href":"https:\/\/mnzp-muzealnik.pl\/index.php\/wp-json\/wp\/v2\/pages"}],"about":[{"href":"https:\/\/mnzp-muzealnik.pl\/index.php\/wp-json\/wp\/v2\/types\/page"}],"author":[{"embeddable":true,"href":"https:\/\/mnzp-muzealnik.pl\/index.php\/wp-json\/wp\/v2\/users\/1"}],"replies":[{"embeddable":true,"href":"https:\/\/mnzp-muzealnik.pl\/index.php\/wp-json\/wp\/v2\/comments?post=1002"}],"version-history":[{"count":2,"href":"https:\/\/mnzp-muzealnik.pl\/index.php\/wp-json\/wp\/v2\/pages\/1002\/revisions"}],"predecessor-version":[{"id":1007,"href":"https:\/\/mnzp-muzealnik.pl\/index.php\/wp-json\/wp\/v2\/pages\/1002\/revisions\/1007"}],"up":[{"embeddable":true,"href":"https:\/\/mnzp-muzealnik.pl\/index.php\/wp-json\/wp\/v2\/pages\/147"}],"wp:featuredmedia":[{"embeddable":true,"href":"https:\/\/mnzp-muzealnik.pl\/index.php\/wp-json\/wp\/v2\/media\/1250"}],"wp:attachment":[{"href":"https:\/\/mnzp-muzealnik.pl\/index.php\/wp-json\/wp\/v2\/media?parent=1002"}],"curies":[{"name":"wp","href":"https:\/\/api.w.org\/{rel}","templated":true}]}}