{"id":1017,"date":"2025-10-27T21:31:17","date_gmt":"2025-10-27T20:31:17","guid":{"rendered":"https:\/\/mnzp-muzealnik.pl\/?page_id=1017"},"modified":"2026-01-07T21:59:01","modified_gmt":"2026-01-07T20:59:01","slug":"fajka-z-chlopcem-z-barbizon","status":"publish","type":"page","link":"https:\/\/mnzp-muzealnik.pl\/index.php\/strona-glowna\/muzeum-dzwonow-i-fajek\/fajka-z-chlopcem-z-barbizon\/","title":{"rendered":"Fajka z ch\u0142opcem z Barbizon"},"content":{"rendered":"\n<p><strong>Fajka [MPS-f-434, wystawa fajek Wie\u017ca]<\/strong><\/p>\n\n\n\n<p><strong>Fajka drewniana pe\u0142noplastyczna, prawdopodobnie wykonana w Francji w Barbizon w 1850 roku, z drewna leszczynowego. Fajka w kszta\u0142cie opracowanej rze\u017abiarsko m\u0119skiej sylwetki przypominaj\u0105cej gavroche\u2019a \u2013 posta\u0107 ubogiego ch\u0142opca z literatury francuskiej. Ch\u0142opiec trzyma w d\u0142oni ruchomy cybuch. G\u0142owa ch\u0142opca w du\u017cej czapce \u2013 jest to g\u0142\u00f3wka fajki, kt\u00f3ra po wyj\u0119ciu i zmontowaniu z cybuchem tworzy kompletn\u0105 fajk\u0119. W zbiorach europejskich znajduje si\u0119 kilka egzemplarzy charakterystycznych fajek, kt\u00f3re sw\u00f3j rodow\u00f3d wywodz\u0105 z Barbizon. By\u0142y one wyrobem r\u0119cznym, lokalnym, pami\u0105tkarskim, a pocz\u0105tek ich wytw\u00f3rstwa si\u0119ga lat czterdziestych XIX wieku. Fajka zosta\u0142a pozyskana przez kolekcjonera w Wilnie, a nast\u0119pnie zakupiono j\u0105 do muzeum.<\/strong><\/p>\n","protected":false},"excerpt":{"rendered":"<p>Fajka [MPS-f-434, wystawa fajek Wie\u017ca] Fajka drewniana pe\u0142noplastyczna, prawdopodobnie wykonana w Francji w Barbizon w 1850 roku, z drewna leszczynowego. Fajka w kszta\u0142cie opracowanej rze\u017abiarsko m\u0119skiej sylwetki przypominaj\u0105cej gavroche\u2019a \u2013 posta\u0107 ubogiego ch\u0142opca z literatury francuskiej. Ch\u0142opiec trzyma w d\u0142oni ruchomy cybuch. G\u0142owa ch\u0142opca w du\u017cej czapce \u2013 jest to g\u0142\u00f3wka fajki, kt\u00f3ra po wyj\u0119ciu [&hellip;]<\/p>\n","protected":false},"author":1,"featured_media":1026,"parent":147,"menu_order":155,"comment_status":"closed","ping_status":"closed","template":"","meta":{"footnotes":""},"class_list":["post-1017","page","type-page","status-publish","has-post-thumbnail","hentry"],"_links":{"self":[{"href":"https:\/\/mnzp-muzealnik.pl\/index.php\/wp-json\/wp\/v2\/pages\/1017","targetHints":{"allow":["GET"]}}],"collection":[{"href":"https:\/\/mnzp-muzealnik.pl\/index.php\/wp-json\/wp\/v2\/pages"}],"about":[{"href":"https:\/\/mnzp-muzealnik.pl\/index.php\/wp-json\/wp\/v2\/types\/page"}],"author":[{"embeddable":true,"href":"https:\/\/mnzp-muzealnik.pl\/index.php\/wp-json\/wp\/v2\/users\/1"}],"replies":[{"embeddable":true,"href":"https:\/\/mnzp-muzealnik.pl\/index.php\/wp-json\/wp\/v2\/comments?post=1017"}],"version-history":[{"count":1,"href":"https:\/\/mnzp-muzealnik.pl\/index.php\/wp-json\/wp\/v2\/pages\/1017\/revisions"}],"predecessor-version":[{"id":1018,"href":"https:\/\/mnzp-muzealnik.pl\/index.php\/wp-json\/wp\/v2\/pages\/1017\/revisions\/1018"}],"up":[{"embeddable":true,"href":"https:\/\/mnzp-muzealnik.pl\/index.php\/wp-json\/wp\/v2\/pages\/147"}],"wp:featuredmedia":[{"embeddable":true,"href":"https:\/\/mnzp-muzealnik.pl\/index.php\/wp-json\/wp\/v2\/media\/1026"}],"wp:attachment":[{"href":"https:\/\/mnzp-muzealnik.pl\/index.php\/wp-json\/wp\/v2\/media?parent=1017"}],"curies":[{"name":"wp","href":"https:\/\/api.w.org\/{rel}","templated":true}]}}