{"id":1021,"date":"2025-10-27T21:33:51","date_gmt":"2025-10-27T20:33:51","guid":{"rendered":"https:\/\/mnzp-muzealnik.pl\/?page_id=1021"},"modified":"2025-10-27T21:44:34","modified_gmt":"2025-10-27T20:44:34","slug":"glowka-typu-wegierskiego","status":"publish","type":"page","link":"https:\/\/mnzp-muzealnik.pl\/index.php\/strona-glowna\/muzeum-dzwonow-i-fajek\/glowka-typu-wegierskiego\/","title":{"rendered":"G\u0142\u00f3wka typu \u201ew\u0119gierskiego\u201d tzw. \u201efajka milenijna\u201d"},"content":{"rendered":"\n<p>Fajka [MPS-4245, wystawa fajek Wie\u017ca]<\/p>\n\n\n\n<p>G\u0142\u00f3wka fajki typu \u201ew\u0119gierskiego\u201d, tak zwana fajka milenijna. Wykonana z sepiolitu rze\u017abiona na ca\u0142ej powierzchni. Okucia i kapturek na kominku wykonane z alpaki. Fajka sygnowana inicja\u0142ami J.K. \u2013 prawdopodobnie wytw\u00f3rnia Kopp, wykonana w Budapeszcie w 1896 roku. G\u0142\u00f3wka zdobiona reliefem wypuk\u0142ym, przedstawiaj\u0105cym scen\u0119 walki W\u0119gr\u00f3w z Turkami \u2013 przypuszczalnie bitwa pod Mohaczem. Ogromne o\u017cywienie w w\u0119gierskim fajkarstwie nast\u0105pi\u0142o w po\u0142owie latach dziewi\u0119\u0107dziesi\u0105tych XIX wieku, kiedy to W\u0119grzy obchodzili uroczy\u015bcie tysi\u0105clecie swej pa\u0144stwowo\u015bci. Powsta\u0142 wtedy cykl \u201efajek milenijnych\u201d. Dekoracja tych fajek, by\u0142y wzorowana na dzie\u0142ach mistrz\u00f3w w\u0119gierskich. Najcz\u0119stszymi tematami by\u0142y sceny batalistyczne lub wa\u017cne dla W\u0119gier postacie historyczne jak \u015bwi\u0119ty Stefan. Fajka podarowana do muzeum w 1931 roku.<\/p>\n\n\n\n<p>G\u0142\u00f3wka fajka typu w\u0119gierskiego, tak zwana \u201emilenijna\u201d, autor J. Kopp, Budapeszt 1896. Rze\u017abienie, t\u0142oczenie, sepiolit, alpaka. Wymiary: wysoko\u015b\u0107 10,7 cm, d\u0142ugo\u015b\u0107 14 cm. Zbiory Muzeum Narodowego Ziemi Przemyskiej w Przemy\u015blu. Sepiolit to \u2013 minera\u0142 koloru bia\u0142ego, lekki, potocznie nazywany \u201epiank\u0105 morsk\u0105\u201d. Sepiolit po namoczeniu \u0142atwo poddaje si\u0119 obr\u00f3bce. Minera\u0142 nie przewodzi ciep\u0142a, dlatego jest doskona\u0142y do wytwarzania fajek. G\u0142\u00f3wka fajki z sepiolitu, tworzy j\u0105: cze\u015b\u0107 pionowa \u2013 kominek, oraz odstaj\u0105ca w bok tak zwana szyjka. Ca\u0142a powierzchnia kominka rze\u017abiona. W g\u00f3rnej cz\u0119\u015bci, pier\u015bcie\u0144 z wzorem ro\u015blinnym. Poni\u017cej rze\u017abiona scena bitwy. Przedstawiono dwie grupy wojownik\u00f3w na koniach, skierowanych ku sobie. Z lewej strony trzy postacie w strojach osma\u0144skich, z lewej strony trzy postacie w he\u0142mach trzymaj\u0105 okr\u0105g\u0142e tarcze. U g\u00f3ry kominka, metalowa, p\u00f3\u0142okr\u0105g\u0142a nakrywka \u2013 tak zwany kapturek. W kapturku cztery ozdobne otwory na dym. Szyjka walcowata, rozszerza si\u0119 ku ko\u0144c\u00f3wce. Na jej zako\u0144czeniu otw\u00f3r okuty metalem z ozdobn\u0105 falbank\u0105. Na spodzie szyjki wz\u00f3r ro\u015blinny. W\u0119gierskie fajki \u201emilenijne\u201d, sta\u0142y si\u0119 popularne w po\u0142owie latach dziewi\u0119\u0107dziesi\u0105tych XIX wieku, kiedy to W\u0119grzy obchodzili uroczy\u015bcie tysi\u0105clecie swej pa\u0144stwowo\u015bci.<\/p>\n","protected":false},"excerpt":{"rendered":"<p>Fajka [MPS-4245, wystawa fajek Wie\u017ca] G\u0142\u00f3wka fajki typu \u201ew\u0119gierskiego\u201d, tak zwana fajka milenijna. Wykonana z sepiolitu rze\u017abiona na ca\u0142ej powierzchni. Okucia i kapturek na kominku wykonane z alpaki. Fajka sygnowana inicja\u0142ami J.K. \u2013 prawdopodobnie wytw\u00f3rnia Kopp, wykonana w Budapeszcie w 1896 roku. G\u0142\u00f3wka zdobiona reliefem wypuk\u0142ym, przedstawiaj\u0105cym scen\u0119 walki W\u0119gr\u00f3w z Turkami \u2013 przypuszczalnie bitwa [&hellip;]<\/p>\n","protected":false},"author":1,"featured_media":1026,"parent":147,"menu_order":156,"comment_status":"closed","ping_status":"closed","template":"","meta":{"footnotes":""},"class_list":["post-1021","page","type-page","status-publish","has-post-thumbnail","hentry"],"_links":{"self":[{"href":"https:\/\/mnzp-muzealnik.pl\/index.php\/wp-json\/wp\/v2\/pages\/1021","targetHints":{"allow":["GET"]}}],"collection":[{"href":"https:\/\/mnzp-muzealnik.pl\/index.php\/wp-json\/wp\/v2\/pages"}],"about":[{"href":"https:\/\/mnzp-muzealnik.pl\/index.php\/wp-json\/wp\/v2\/types\/page"}],"author":[{"embeddable":true,"href":"https:\/\/mnzp-muzealnik.pl\/index.php\/wp-json\/wp\/v2\/users\/1"}],"replies":[{"embeddable":true,"href":"https:\/\/mnzp-muzealnik.pl\/index.php\/wp-json\/wp\/v2\/comments?post=1021"}],"version-history":[{"count":2,"href":"https:\/\/mnzp-muzealnik.pl\/index.php\/wp-json\/wp\/v2\/pages\/1021\/revisions"}],"predecessor-version":[{"id":1023,"href":"https:\/\/mnzp-muzealnik.pl\/index.php\/wp-json\/wp\/v2\/pages\/1021\/revisions\/1023"}],"up":[{"embeddable":true,"href":"https:\/\/mnzp-muzealnik.pl\/index.php\/wp-json\/wp\/v2\/pages\/147"}],"wp:featuredmedia":[{"embeddable":true,"href":"https:\/\/mnzp-muzealnik.pl\/index.php\/wp-json\/wp\/v2\/media\/1026"}],"wp:attachment":[{"href":"https:\/\/mnzp-muzealnik.pl\/index.php\/wp-json\/wp\/v2\/media?parent=1021"}],"curies":[{"name":"wp","href":"https:\/\/api.w.org\/{rel}","templated":true}]}}