{"id":1035,"date":"2025-10-27T21:51:46","date_gmt":"2025-10-27T20:51:46","guid":{"rendered":"https:\/\/mnzp-muzealnik.pl\/?page_id=1035"},"modified":"2025-10-27T21:52:05","modified_gmt":"2025-10-27T20:52:05","slug":"dzwonek-reczny-z-dekoracja-neomanierystyczna","status":"publish","type":"page","link":"https:\/\/mnzp-muzealnik.pl\/index.php\/strona-glowna\/muzeum-dzwonow-i-fajek\/dzwonek-reczny-z-dekoracja-neomanierystyczna\/","title":{"rendered":"Dzwonek r\u0119czny z dekoracja neomanierystyczn\u0105"},"content":{"rendered":"\n<p>Dzwonek odlany jest zapewne w drugiej po\u0142owie XIX wieku, z mosi\u0105dzu, ma kielichowat\u0105 form\u0119 i g\u0142adki uchwyt przymocowany do czapy za pomoc\u0105 gwintowanej nakr\u0119tki. Ca\u0142a jego zewn\u0119trzna powierzchnia pokryta jest wypuk\u0142ym reliefem z dekoracj\u0105 o motywach neomanierystyczno-neobarokowch, kt\u00f3r\u0105 tworz\u0105 elementy rolwerku, kartusze z popiersiem kobiecym i wi\u0105zki owoc\u00f3w, a u do\u0142u, na wie\u0144cu na przemian z doln\u0105 cz\u0119\u015bci\u0105 kartuszy \u2013 przedstawienia owad\u00f3w z rozpostartymi skrzyd\u0142ami. Wewn\u0105trz kielicha zawieszone jest mosi\u0119\u017cne serce w formie bu\u0142awki. Dzwonek wyr\u00f3\u017cnia si\u0119 wysok\u0105 jako\u015bci\u0105 odlewu i jest zabytkiem prezentuj\u0105cym eklektyzm modny w\u00f3wczas w sztuce.<\/p>\n\n\n\n<p>Dzwonek z bogat\u0105 wypuk\u0142\u0105 dekoracj\u0105, 2. po\u0142owa XIX wieku, odlewnik nieznany, materia\u0142 i technika: mosi\u0105dz, odlew, cyzelowanie; wymiary: \u015brednica dolna 6,6 cm, wysoko\u015b\u0107 12 cm (z uchwytem); kszta\u0142t kielichowaty, serce w kszta\u0142cie bu\u0142awki. Nale\u017cy do zbior\u00f3w Muzeum Narodowego Ziemi Przemyskiej Niewielki dzwonek odlany z mosi\u0105dzu jest z\u0142otawy, pokryty lekk\u0105 patyn\u0105, ma kielichowat\u0105 form\u0119 i g\u0142adki uchwyt w formie bu\u0142awki. Uchwyt przymocowany jest do odwr\u00f3conego kielicha za pomoc\u0105 niewidocznej na zewn\u0105trz nakr\u0119tki. Ca\u0142a zewn\u0119trzna powierzchnia kielicha dzwonka pokryta jest wypuk\u0142ym reliefem dekoruj\u0105cym p\u0142aszcz dzwonka. Dekoracj\u0119 t\u0119 tworz\u0105 drobne elementy, takie jak tarczki-kartusze z popiersiem kobiecym u\u0142o\u017cone na przemian z wi\u0105zkami owoc\u00f3w. U do\u0142u, na pier\u015bcieniu odsercowym dzwonu znajduj\u0105 si\u0119 r\u00f3wnie\u017c wypuk\u0142e przedstawienia owad\u00f3w z rozpostartymi skrzyd\u0142ami przedstawione na przemian z doln\u0105 cz\u0119\u015bci\u0105 kartuszy. Wewn\u0105trz kielicha zawieszone jest mosi\u0119\u017cne serce w formie bu\u0142awki. Dzwonek wyr\u00f3\u017cnia si\u0119 wysok\u0105 jako\u015bci\u0105 odlewu i jest zabytkiem prezentuj\u0105cym eklektyzm modny w\u00f3wczas w sztuce.<\/p>\n","protected":false},"excerpt":{"rendered":"<p>Dzwonek odlany jest zapewne w drugiej po\u0142owie XIX wieku, z mosi\u0105dzu, ma kielichowat\u0105 form\u0119 i g\u0142adki uchwyt przymocowany do czapy za pomoc\u0105 gwintowanej nakr\u0119tki. Ca\u0142a jego zewn\u0119trzna powierzchnia pokryta jest wypuk\u0142ym reliefem z dekoracj\u0105 o motywach neomanierystyczno-neobarokowch, kt\u00f3r\u0105 tworz\u0105 elementy rolwerku, kartusze z popiersiem kobiecym i wi\u0105zki owoc\u00f3w, a u do\u0142u, na wie\u0144cu na przemian [&hellip;]<\/p>\n","protected":false},"author":1,"featured_media":1036,"parent":147,"menu_order":160,"comment_status":"closed","ping_status":"closed","template":"","meta":{"footnotes":""},"class_list":["post-1035","page","type-page","status-publish","has-post-thumbnail","hentry"],"_links":{"self":[{"href":"https:\/\/mnzp-muzealnik.pl\/index.php\/wp-json\/wp\/v2\/pages\/1035","targetHints":{"allow":["GET"]}}],"collection":[{"href":"https:\/\/mnzp-muzealnik.pl\/index.php\/wp-json\/wp\/v2\/pages"}],"about":[{"href":"https:\/\/mnzp-muzealnik.pl\/index.php\/wp-json\/wp\/v2\/types\/page"}],"author":[{"embeddable":true,"href":"https:\/\/mnzp-muzealnik.pl\/index.php\/wp-json\/wp\/v2\/users\/1"}],"replies":[{"embeddable":true,"href":"https:\/\/mnzp-muzealnik.pl\/index.php\/wp-json\/wp\/v2\/comments?post=1035"}],"version-history":[{"count":1,"href":"https:\/\/mnzp-muzealnik.pl\/index.php\/wp-json\/wp\/v2\/pages\/1035\/revisions"}],"predecessor-version":[{"id":1037,"href":"https:\/\/mnzp-muzealnik.pl\/index.php\/wp-json\/wp\/v2\/pages\/1035\/revisions\/1037"}],"up":[{"embeddable":true,"href":"https:\/\/mnzp-muzealnik.pl\/index.php\/wp-json\/wp\/v2\/pages\/147"}],"wp:featuredmedia":[{"embeddable":true,"href":"https:\/\/mnzp-muzealnik.pl\/index.php\/wp-json\/wp\/v2\/media\/1036"}],"wp:attachment":[{"href":"https:\/\/mnzp-muzealnik.pl\/index.php\/wp-json\/wp\/v2\/media?parent=1035"}],"curies":[{"name":"wp","href":"https:\/\/api.w.org\/{rel}","templated":true}]}}