{"id":1047,"date":"2025-10-27T22:02:11","date_gmt":"2025-10-27T21:02:11","guid":{"rendered":"https:\/\/mnzp-muzealnik.pl\/?page_id=1047"},"modified":"2025-10-27T22:02:30","modified_gmt":"2025-10-27T21:02:30","slug":"cygarniczka-sepiolitowa-z-konmi","status":"publish","type":"page","link":"https:\/\/mnzp-muzealnik.pl\/index.php\/strona-glowna\/muzeum-dzwonow-i-fajek\/cygarniczka-sepiolitowa-z-konmi\/","title":{"rendered":"Cygarniczka sepiolitowa z ko\u0144mi"},"content":{"rendered":"\n<p>Cygarniczka sepiolitowa z ko\u0144mi, pocz\u0105tek XX wieku, Praga, Czechy. Sepiolit, materia\u0142 bursztynowy, rze\u017abienie, odlew wtryskowy. Wymiary: wysoko\u015b\u0107 5 cm, d\u0142ugo\u015b\u0107 12 cm. Zbiory Muzeum Narodowego Ziemi Przemyskiej w Przemy\u015blu. Cygarniczka ma kszta\u0142t \u0142uku. Jeden koniec \u2013 tak zwany ustnik, jest szpiczasty, z masy bursztynowej koloru \u017c\u00f3\u0142tego. Druga cz\u0119\u015bci wykonana z sepiolitu o niejednolitym kolorze ciemno \u017c\u00f3\u0142tym. Ozdobiona rze\u017ab\u0105, zako\u0144czona walcowatym kominkiem z otworem \u2013 na cygaro. Pe\u0142noplastyczne rze\u017abienie przedstawia dwa konie skierowane ty\u0142em do kominka. Stoj\u0105 obok siebie \u2013 przytulaj\u0105 si\u0119 g\u0142owami. Pod ich nogami nieokre\u015blona ro\u015blinno\u015b\u0107. Kominek rozszerza si\u0119 na ko\u0144cu, ma osmalony otw\u00f3r. Tego typu cygarniczki z sylwetkami koni lub ps\u00f3w my\u015bliwskich stanowi\u0105 najliczniejsz\u0105 grup\u0119 w muzealnej kolekcji. By\u0142y wykonywane g\u0142\u00f3wnie w Niemczech oraz na terenie monarchii austro-w\u0119gierskiej. Ich popularno\u015b\u0107 by\u0142a najwi\u0119ksza w ko\u0144cu XIX wieku i w trzech pierwszych dekadach XX wieku.<\/p>\n","protected":false},"excerpt":{"rendered":"<p>Cygarniczka sepiolitowa z ko\u0144mi, pocz\u0105tek XX wieku, Praga, Czechy. Sepiolit, materia\u0142 bursztynowy, rze\u017abienie, odlew wtryskowy. Wymiary: wysoko\u015b\u0107 5 cm, d\u0142ugo\u015b\u0107 12 cm. Zbiory Muzeum Narodowego Ziemi Przemyskiej w Przemy\u015blu. Cygarniczka ma kszta\u0142t \u0142uku. Jeden koniec \u2013 tak zwany ustnik, jest szpiczasty, z masy bursztynowej koloru \u017c\u00f3\u0142tego. Druga cz\u0119\u015bci wykonana z sepiolitu o niejednolitym kolorze ciemno [&hellip;]<\/p>\n","protected":false},"author":1,"featured_media":1048,"parent":147,"menu_order":164,"comment_status":"closed","ping_status":"closed","template":"","meta":{"footnotes":""},"class_list":["post-1047","page","type-page","status-publish","has-post-thumbnail","hentry"],"_links":{"self":[{"href":"https:\/\/mnzp-muzealnik.pl\/index.php\/wp-json\/wp\/v2\/pages\/1047","targetHints":{"allow":["GET"]}}],"collection":[{"href":"https:\/\/mnzp-muzealnik.pl\/index.php\/wp-json\/wp\/v2\/pages"}],"about":[{"href":"https:\/\/mnzp-muzealnik.pl\/index.php\/wp-json\/wp\/v2\/types\/page"}],"author":[{"embeddable":true,"href":"https:\/\/mnzp-muzealnik.pl\/index.php\/wp-json\/wp\/v2\/users\/1"}],"replies":[{"embeddable":true,"href":"https:\/\/mnzp-muzealnik.pl\/index.php\/wp-json\/wp\/v2\/comments?post=1047"}],"version-history":[{"count":1,"href":"https:\/\/mnzp-muzealnik.pl\/index.php\/wp-json\/wp\/v2\/pages\/1047\/revisions"}],"predecessor-version":[{"id":1049,"href":"https:\/\/mnzp-muzealnik.pl\/index.php\/wp-json\/wp\/v2\/pages\/1047\/revisions\/1049"}],"up":[{"embeddable":true,"href":"https:\/\/mnzp-muzealnik.pl\/index.php\/wp-json\/wp\/v2\/pages\/147"}],"wp:featuredmedia":[{"embeddable":true,"href":"https:\/\/mnzp-muzealnik.pl\/index.php\/wp-json\/wp\/v2\/media\/1048"}],"wp:attachment":[{"href":"https:\/\/mnzp-muzealnik.pl\/index.php\/wp-json\/wp\/v2\/media?parent=1047"}],"curies":[{"name":"wp","href":"https:\/\/api.w.org\/{rel}","templated":true}]}}