{"id":1053,"date":"2025-10-27T22:04:31","date_gmt":"2025-10-27T21:04:31","guid":{"rendered":"https:\/\/mnzp-muzealnik.pl\/?page_id=1053"},"modified":"2025-10-27T22:06:21","modified_gmt":"2025-10-27T21:06:21","slug":"fajka-zlozona","status":"publish","type":"page","link":"https:\/\/mnzp-muzealnik.pl\/index.php\/strona-glowna\/muzeum-dzwonow-i-fajek\/fajka-zlozona\/","title":{"rendered":"Fajka z\u0142o\u017cona"},"content":{"rendered":"\n<p>Fajka z\u0142o\u017cona z sepiolitowej g\u0142\u00f3wki lekko podbarwianej, cybucha z blachy i ebonitowego ustnika. G\u0142\u00f3wka w formie pe\u0142noplastycznej rze\u017aby, o kszta\u0142cie popiersia dojrza\u0142ego m\u0119\u017cczyzny. Fajka Prawdopodobnie pochodzi z Francji, powsta\u0142a w drugiej po\u0142owie XIX wieku. Ustnik wt\u00f3rny z lat 20-30 XX wieku. Przedstawienie opracowane realistycznie. Mimika twarzy oddaje silne emocje wywo\u0142ane b\u00f3lem. Nieobecny wzrok postaci i szeroko otwarte usta z widocznymi z\u0119bami, pomaga wyobrazi\u0107 sobie jego \u201ekrzyk\u201d. R\u00f3wnie\u017c osmalony wylot kominka, podnosi dramatyzm postaci. Autor pos\u0142u\u017cy\u0142 si\u0119 czarnym humorem \u2013 przedstawiona posta\u0107 doznaje katuszy za ka\u017cdym razem, gdy rozpalano jej \u201eg\u0142ow\u0119\u201d. Inspiracj\u0105 dla autora mog\u0142y by\u0107 siedemnastowieczne rze\u017aby: Giana Lorenza Berniniego \u201ePrzekl\u0119ta dusza\u201d lub Balthasara Permosera popiersie \u201eMarsjasza\u201d \u2013 satyr z mitologii greckiej, ukarany przez Apolla okrutnym cierpienie za jego pych\u0119.<\/p>\n\n\n\n<p>Wytw\u00f3rnia nieznana, fajka z g\u0142\u00f3wk\u0105 w kszta\u0142cie popiersia m\u0119\u017cczyzny, druga po\u0142owa XIX wieku, prawdopodobnie Francja, rze\u017abienie, sepiolit, blacha, ebonit. Zbiory Muzeum Narodowego Ziemi Przemyskiej w Przemy\u015blu. Fajka z g\u0142\u00f3wk\u0105 z sepiolitu o niejednolitym kolorze jasno br\u0105zowym, w formie pe\u0142noplastycznej rze\u017aby, o kszta\u0142cie popiersia dojrza\u0142ego m\u0119\u017cczyzny. W g\u0142owie otw\u00f3r do napychania tytoniu osmolony na kraw\u0119dziach. G\u0142owa zwr\u00f3cona w prawo, fryzura kr\u00f3tka z zakolami, grzywka zaczesana na bok, w\u0142osy pofalowane. Rysy twarzy umi\u0119\u015bnione, ko\u015bci policzkowe i \u017cuchwa mocno zaznaczone. Twarz m\u0119\u017cczyzny jest pe\u0142na ekspresji, mimika wyra\u017ca cierpienie i b\u00f3l, oczy szeroko otwarte z uniesionymi brwiami, usta otwarte w bolesnym grymasie, wida\u0107 z\u0119by i j\u0119zyk. Rze\u017aba wykonana realistycznie, z dba\u0142o\u015bci\u0105 o szczeg\u00f3\u0142y. Dolna cz\u0119\u015b\u0107 fajki ma wyd\u0142u\u017cony kszta\u0142t odchylony po skosie do g\u00f3ry, na jej przed\u0142u\u017ceniu cz\u0119\u015b\u0107 ze srebrnej blachy i \u015bpiczaste zako\u0144czenie z czarnego ebonitu &#8211; s\u0142u\u017c\u0105ce do zassania dymu do ust. Fajki w kszta\u0142cie g\u0142\u00f3w ludzkich i zwierz\u0119cych by\u0142y szczeg\u00f3lnie popularne w Europie w XIX wieku. Rze\u017abiono je r\u00f3wnie\u017c w drewnie, powstawa\u0142y tak\u017ce z gliny wyciskanej z formy a nast\u0119pnie wypalanej. Autor tej fajki pos\u0142u\u017cy\u0142 si\u0119 czarnym humorem \u2013 przedstawiona posta\u0107 \u201ekrzyczy\u201d z b\u00f3lu w momencie, gdy rozpalano w niej ogie\u0144. Inspiracj\u0105 dla autora mog\u0142y by\u0107 siedemnastowieczne rze\u017aby: Giana Lorenza Berniniego \u201ePrzekl\u0119ta dusza\u201d lub Balthasara Permosera popiersie \u201eMarsjasza\u201d \u2013 satyr z mitologii greckiej, ukarany przez Apolla okrutnym cierpienie za jego pych\u0119.<\/p>\n","protected":false},"excerpt":{"rendered":"<p>Fajka z\u0142o\u017cona z sepiolitowej g\u0142\u00f3wki lekko podbarwianej, cybucha z blachy i ebonitowego ustnika. G\u0142\u00f3wka w formie pe\u0142noplastycznej rze\u017aby, o kszta\u0142cie popiersia dojrza\u0142ego m\u0119\u017cczyzny. Fajka Prawdopodobnie pochodzi z Francji, powsta\u0142a w drugiej po\u0142owie XIX wieku. Ustnik wt\u00f3rny z lat 20-30 XX wieku. Przedstawienie opracowane realistycznie. Mimika twarzy oddaje silne emocje wywo\u0142ane b\u00f3lem. Nieobecny wzrok postaci i [&hellip;]<\/p>\n","protected":false},"author":1,"featured_media":1055,"parent":147,"menu_order":165,"comment_status":"closed","ping_status":"closed","template":"","meta":{"footnotes":""},"class_list":["post-1053","page","type-page","status-publish","has-post-thumbnail","hentry"],"_links":{"self":[{"href":"https:\/\/mnzp-muzealnik.pl\/index.php\/wp-json\/wp\/v2\/pages\/1053","targetHints":{"allow":["GET"]}}],"collection":[{"href":"https:\/\/mnzp-muzealnik.pl\/index.php\/wp-json\/wp\/v2\/pages"}],"about":[{"href":"https:\/\/mnzp-muzealnik.pl\/index.php\/wp-json\/wp\/v2\/types\/page"}],"author":[{"embeddable":true,"href":"https:\/\/mnzp-muzealnik.pl\/index.php\/wp-json\/wp\/v2\/users\/1"}],"replies":[{"embeddable":true,"href":"https:\/\/mnzp-muzealnik.pl\/index.php\/wp-json\/wp\/v2\/comments?post=1053"}],"version-history":[{"count":1,"href":"https:\/\/mnzp-muzealnik.pl\/index.php\/wp-json\/wp\/v2\/pages\/1053\/revisions"}],"predecessor-version":[{"id":1054,"href":"https:\/\/mnzp-muzealnik.pl\/index.php\/wp-json\/wp\/v2\/pages\/1053\/revisions\/1054"}],"up":[{"embeddable":true,"href":"https:\/\/mnzp-muzealnik.pl\/index.php\/wp-json\/wp\/v2\/pages\/147"}],"wp:featuredmedia":[{"embeddable":true,"href":"https:\/\/mnzp-muzealnik.pl\/index.php\/wp-json\/wp\/v2\/media\/1055"}],"wp:attachment":[{"href":"https:\/\/mnzp-muzealnik.pl\/index.php\/wp-json\/wp\/v2\/media?parent=1053"}],"curies":[{"name":"wp","href":"https:\/\/api.w.org\/{rel}","templated":true}]}}