{"id":1064,"date":"2025-10-27T22:10:30","date_gmt":"2025-10-27T21:10:30","guid":{"rendered":"https:\/\/mnzp-muzealnik.pl\/?page_id=1064"},"modified":"2025-10-27T22:10:59","modified_gmt":"2025-10-27T21:10:59","slug":"popielnik","status":"publish","type":"page","link":"https:\/\/mnzp-muzealnik.pl\/index.php\/strona-glowna\/muzeum-dzwonow-i-fajek\/popielnik\/","title":{"rendered":"Popielnik"},"content":{"rendered":"\n<p>Popielnik &#8211; os\u0142ona pod\u0142ogi przed drzwiczki do pieca jest odlana z \u017celiwa. Ma form\u0119 p\u0142askiej &#8222;misy&#8221; w kszta\u0142cie tr\u00f3jli\u015bcia, wspartej na czterech n\u00f3\u017ckach. Kraw\u0119d\u017a popielnika przytykaj\u0105ca bezpo\u015brednio do \u015bciany pieca, jest d\u0142uga i prosta. Wn\u0119trze g\u0142adkie, z zarysem tr\u00f3jli\u015bcia, brzegi popielnika wypuk\u0142e pokryte plastyczn\u0105 dekoracj\u0105, utworzon\u0105 z przestylizowanych krzaczk\u00f3w fio\u0142k\u00f3w alpejskich. Dekoracja jest widoczna w negatywie na spodzie popielnika. Popielniki, obecnie prawie zapomniane, w czasach kiedy ogrzewano pomieszczenia piecami by\u0142y bardzo powszechnym sprz\u0119tem, szczeg\u00f3lnie odk\u0105d do opalania zacz\u0119to u\u017cywa\u0107 w\u0119gla kamiennego. Wyst\u0119powa\u0142y w r\u00f3\u017cnych rozmiarach i kszta\u0142tach, zwykle dopasowane dekoracj\u0105 do pieca, a przynajmniej jego drzwiczek. Od prawdziwych majstersztyk\u00f3w do prostej blachy przybitej do pod\u0142ogi, ich w\u0142a\u015bciwie jedyn\u0105 funkcj\u0105 by\u0142o zapobieganie zapaleniu klepek (desek) od p\u0142on\u0105cego w\u0119gla, je\u015bli nieszcz\u0119\u015bliwym trafem wypad\u0142 z paleniska.<\/p>\n","protected":false},"excerpt":{"rendered":"<p>Popielnik &#8211; os\u0142ona pod\u0142ogi przed drzwiczki do pieca jest odlana z \u017celiwa. Ma form\u0119 p\u0142askiej &#8222;misy&#8221; w kszta\u0142cie tr\u00f3jli\u015bcia, wspartej na czterech n\u00f3\u017ckach. Kraw\u0119d\u017a popielnika przytykaj\u0105ca bezpo\u015brednio do \u015bciany pieca, jest d\u0142uga i prosta. Wn\u0119trze g\u0142adkie, z zarysem tr\u00f3jli\u015bcia, brzegi popielnika wypuk\u0142e pokryte plastyczn\u0105 dekoracj\u0105, utworzon\u0105 z przestylizowanych krzaczk\u00f3w fio\u0142k\u00f3w alpejskich. Dekoracja jest widoczna w [&hellip;]<\/p>\n","protected":false},"author":1,"featured_media":0,"parent":147,"menu_order":167,"comment_status":"closed","ping_status":"closed","template":"","meta":{"footnotes":""},"class_list":["post-1064","page","type-page","status-publish","hentry"],"_links":{"self":[{"href":"https:\/\/mnzp-muzealnik.pl\/index.php\/wp-json\/wp\/v2\/pages\/1064","targetHints":{"allow":["GET"]}}],"collection":[{"href":"https:\/\/mnzp-muzealnik.pl\/index.php\/wp-json\/wp\/v2\/pages"}],"about":[{"href":"https:\/\/mnzp-muzealnik.pl\/index.php\/wp-json\/wp\/v2\/types\/page"}],"author":[{"embeddable":true,"href":"https:\/\/mnzp-muzealnik.pl\/index.php\/wp-json\/wp\/v2\/users\/1"}],"replies":[{"embeddable":true,"href":"https:\/\/mnzp-muzealnik.pl\/index.php\/wp-json\/wp\/v2\/comments?post=1064"}],"version-history":[{"count":1,"href":"https:\/\/mnzp-muzealnik.pl\/index.php\/wp-json\/wp\/v2\/pages\/1064\/revisions"}],"predecessor-version":[{"id":1065,"href":"https:\/\/mnzp-muzealnik.pl\/index.php\/wp-json\/wp\/v2\/pages\/1064\/revisions\/1065"}],"up":[{"embeddable":true,"href":"https:\/\/mnzp-muzealnik.pl\/index.php\/wp-json\/wp\/v2\/pages\/147"}],"wp:attachment":[{"href":"https:\/\/mnzp-muzealnik.pl\/index.php\/wp-json\/wp\/v2\/media?parent=1064"}],"curies":[{"name":"wp","href":"https:\/\/api.w.org\/{rel}","templated":true}]}}