{"id":1068,"date":"2025-10-27T22:12:14","date_gmt":"2025-10-27T21:12:14","guid":{"rendered":"https:\/\/mnzp-muzealnik.pl\/?page_id=1068"},"modified":"2025-10-27T22:13:27","modified_gmt":"2025-10-27T21:13:27","slug":"jozef-wilk-gipsowe-projekty-dekoracji-dzwonow","status":"publish","type":"page","link":"https:\/\/mnzp-muzealnik.pl\/index.php\/strona-glowna\/muzeum-dzwonow-i-fajek\/jozef-wilk-gipsowe-projekty-dekoracji-dzwonow\/","title":{"rendered":"J\u00f3zef Wilk gipsowe projekty dekoracji dzwon\u00f3w"},"content":{"rendered":"\n<p>Plakiety s\u0105 gipsowym odlewem projekt\u00f3w dekoracji przeznaczonych na dzwony. Autorem jest J\u00f3zef Wilk rze\u017abiarz, malarz i pedagog zwi\u0105zany z Przemy\u015blem. Urodzi\u0142 si\u0119 w 1881 roku Suchodole ko\u0142o Krosna, zmar\u0142 w Przemy\u015blu w 1957 roku. W latach dwudziestych XX wieku artysta rozpocz\u0105\u0142 wsp\u00f3\u0142prace z przemysk\u0105 odlewni\u0105 dzwon\u00f3w Braci Felczy\u0144skich. Przyk\u0142adem tego s\u0105 prezentowane plakiety. Maj\u0105 one form\u0119 wypuk\u0142ego reliefu, przedstawiaj\u0105 ornamenty i sceny o tematyce religijnej. Plakieta z przedstawieniem \u201eMatki Boskiej Jackowej\u201d, wykonana w 1927. Wizerunek ozdobi\u0142 dzwon \u201eMarja\u201d o \u015brednicy oko\u0142o 75 cm, przeznaczony do przemyskiej katedry. Dzwon ufundowany przez ludwisarzy, istnieje do dzisiaj. Dzwon \u201eMarja\u201d reprezentowa\u0142 Odlewnie Braci Felczy\u0144skich na Mi\u0119dzynarodowej Wystawie w Pary\u017cu w 1927 roku i zdoby\u0142 na niej z\u0142oty medal. Plakieta \u201eMatka boska Che\u0142mska\u201d jest pami\u0105tk\u0105 po ju\u017c nieistniej\u0105cym dzwonie o imieniu \u201eMaryja\u201d. Wykonany w 1938 przez Ludwika Felczy\u0144skiego dla bazyliki w Che\u0142mie, z okazji ufundowania nowego obrazu MB Che\u0142mskiej malowanego przez W\u0142adys\u0142awa Uklej\u0119. Dzwon wa\u017cy\u0142 1950 kg. Instrument bardzo kr\u00f3tko rozbrzmiewa\u0142, poniewa\u017c w 1939 roku w skutek dzia\u0142a\u0144 wojennych p\u0119k. Po wojnie niezdatny dzwon zosta\u0142 przetopiony w warsztacie Felczy\u0144skich. Grupa pi\u0119ciu plakiet, b\u0119d\u0105cych projektami dekoracji dzwonu do ko\u015bcio\u0142a unickiego w Przemy\u015blu. Dzwon powsta\u0142 w 1937 roku w ludwisarni Braci Felczy\u0144skich. Obecnie znajduje si\u0119 na wolnostoj\u0105cej dzwonnicy przy Soborze \u015bw. Jana Chrzciciela w Przemy\u015blu. W\u015br\u00f3d grupy plakiet znajduj\u0105 si\u0119 dwie wersje przedstawienia sceny \u201eChrzest Chrystusa w Jordanie\u201d, kt\u00f3ra znajduje si\u0119 na p\u0142aszczu dzwonu. Kolejne dwie plakiety to projekty ornamentu \u201eSerafin i winne grono\u201d umieszczonego na obwodzie szyi dzwonu. Ostatnia plakieta \u201eAnio\u0142\u201d, o trzybocznym kszta\u0142cie, jest wzorem ucha z korony dzwonu. Na projekcie Anio\u0142 ma rozpostarte skrzyd\u0142a na boki na p\u0142asko, natomiast na dzwonie skrzyd\u0142a zagi\u0119te s\u0105 do ty\u0142u, dopasowane do kszta\u0142tu ucha.<\/p>\n","protected":false},"excerpt":{"rendered":"<p>Plakiety s\u0105 gipsowym odlewem projekt\u00f3w dekoracji przeznaczonych na dzwony. Autorem jest J\u00f3zef Wilk rze\u017abiarz, malarz i pedagog zwi\u0105zany z Przemy\u015blem. Urodzi\u0142 si\u0119 w 1881 roku Suchodole ko\u0142o Krosna, zmar\u0142 w Przemy\u015blu w 1957 roku. W latach dwudziestych XX wieku artysta rozpocz\u0105\u0142 wsp\u00f3\u0142prace z przemysk\u0105 odlewni\u0105 dzwon\u00f3w Braci Felczy\u0144skich. Przyk\u0142adem tego s\u0105 prezentowane plakiety. Maj\u0105 one [&hellip;]<\/p>\n","protected":false},"author":1,"featured_media":0,"parent":147,"menu_order":169,"comment_status":"closed","ping_status":"closed","template":"","meta":{"footnotes":""},"class_list":["post-1068","page","type-page","status-publish","hentry"],"_links":{"self":[{"href":"https:\/\/mnzp-muzealnik.pl\/index.php\/wp-json\/wp\/v2\/pages\/1068","targetHints":{"allow":["GET"]}}],"collection":[{"href":"https:\/\/mnzp-muzealnik.pl\/index.php\/wp-json\/wp\/v2\/pages"}],"about":[{"href":"https:\/\/mnzp-muzealnik.pl\/index.php\/wp-json\/wp\/v2\/types\/page"}],"author":[{"embeddable":true,"href":"https:\/\/mnzp-muzealnik.pl\/index.php\/wp-json\/wp\/v2\/users\/1"}],"replies":[{"embeddable":true,"href":"https:\/\/mnzp-muzealnik.pl\/index.php\/wp-json\/wp\/v2\/comments?post=1068"}],"version-history":[{"count":1,"href":"https:\/\/mnzp-muzealnik.pl\/index.php\/wp-json\/wp\/v2\/pages\/1068\/revisions"}],"predecessor-version":[{"id":1069,"href":"https:\/\/mnzp-muzealnik.pl\/index.php\/wp-json\/wp\/v2\/pages\/1068\/revisions\/1069"}],"up":[{"embeddable":true,"href":"https:\/\/mnzp-muzealnik.pl\/index.php\/wp-json\/wp\/v2\/pages\/147"}],"wp:attachment":[{"href":"https:\/\/mnzp-muzealnik.pl\/index.php\/wp-json\/wp\/v2\/media?parent=1068"}],"curies":[{"name":"wp","href":"https:\/\/api.w.org\/{rel}","templated":true}]}}