{"id":1070,"date":"2025-10-27T22:12:41","date_gmt":"2025-10-27T21:12:41","guid":{"rendered":"https:\/\/mnzp-muzealnik.pl\/?page_id=1070"},"modified":"2025-10-27T22:13:10","modified_gmt":"2025-10-27T21:13:10","slug":"jozef-wilks-plaster-bell-decoration-designs","status":"publish","type":"page","link":"https:\/\/mnzp-muzealnik.pl\/index.php\/en\/main-page\/museum-of-bells-and-pipes\/jozef-wilks-plaster-bell-decoration-designs\/","title":{"rendered":"J\u00f3zef Wilk&#8217;s Plaster Bell Decoration Designs"},"content":{"rendered":"\n<p>The plaques are plaster casts of bell decoration designs. The artist is J\u00f3zef Wilk, a sculptor, painter, and educator associated with Przemy\u015bl. He was born in 1881 in Suchodole near Krosno and died in Przemy\u015bl in 1957. In the 1920s, the artist began collaborating with the Felczy\u0144ski Brothers&#8217; bell foundry in Przemy\u015bl. The plaques on display are an example of this. They are in the form of a raised relief, depicting ornaments and religious scenes. The plaque depicts &#8222;Our Lady of St. Jack,&#8221; made in 1927. The image adorned the &#8222;Marja&#8221; bell, approximately 75 cm in diameter, intended for the Przemy\u015bl Cathedral. The bell, funded by the bell founders, still exists today. The &#8222;Marja&#8221; bell represented the Felczy\u0144ski Brothers&#8217; Foundry at the 1927 International Exhibition in Paris, where it won a gold medal. The plaque &#8222;Our Lady of Che\u0142m&#8221; is a memento of a bell named &#8222;Mary&#8221; that no longer exists. It was made in 1938 by Ludwik Felczy\u0144ski for the basilica in Che\u0142m, commemorating the founding of a new painting of Our Lady of Che\u0142m by W\u0142adys\u0142aw Ukleja. The bell weighed 1,950 kg. The instrument only lasted a short time because it cracked due to warfare in 1939. After the war, the unfit bell was melted down in the Felczy\u0144ski workshop. A group of five plaques are designs for the bell decoration for the Uniate church in Przemy\u015bl. The bell was made in 1937 at the Felczy\u0144ski Brothers&#8217; bell foundry. It currently resides in the freestanding bell tower at the Cathedral of St. John the Baptist in Przemy\u015bl. The group of plaques includes two versions of the &#8222;Baptism of Christ in the Jordan&#8221; scene, which appears on the bell&#8217;s mantle. The next two plaques are designs for the &#8222;Seraphim and Grape&#8221; ornament placed around the circumference of the bell&#8217;s neck. The final plaque, &#8222;Angel,&#8221; has a three-sided shape and is a design for the handle from the bell&#8217;s crown. In the design, the Angel has his wings spread out flat to the sides, while on the bell, the wings are bent back, conforming to the shape of the handle.<\/p>\n","protected":false},"excerpt":{"rendered":"<p>The plaques are plaster casts of bell decoration designs. The artist is J\u00f3zef Wilk, a sculptor, painter, and educator associated with Przemy\u015bl. He was born in 1881 in Suchodole near Krosno and died in Przemy\u015bl in 1957. In the 1920s, the artist began collaborating with the Felczy\u0144ski Brothers&#8217; bell foundry in Przemy\u015bl. The plaques on [&hellip;]<\/p>\n","protected":false},"author":1,"featured_media":0,"parent":530,"menu_order":169,"comment_status":"closed","ping_status":"closed","template":"","meta":{"footnotes":""},"class_list":["post-1070","page","type-page","status-publish","hentry"],"_links":{"self":[{"href":"https:\/\/mnzp-muzealnik.pl\/index.php\/wp-json\/wp\/v2\/pages\/1070","targetHints":{"allow":["GET"]}}],"collection":[{"href":"https:\/\/mnzp-muzealnik.pl\/index.php\/wp-json\/wp\/v2\/pages"}],"about":[{"href":"https:\/\/mnzp-muzealnik.pl\/index.php\/wp-json\/wp\/v2\/types\/page"}],"author":[{"embeddable":true,"href":"https:\/\/mnzp-muzealnik.pl\/index.php\/wp-json\/wp\/v2\/users\/1"}],"replies":[{"embeddable":true,"href":"https:\/\/mnzp-muzealnik.pl\/index.php\/wp-json\/wp\/v2\/comments?post=1070"}],"version-history":[{"count":1,"href":"https:\/\/mnzp-muzealnik.pl\/index.php\/wp-json\/wp\/v2\/pages\/1070\/revisions"}],"predecessor-version":[{"id":1071,"href":"https:\/\/mnzp-muzealnik.pl\/index.php\/wp-json\/wp\/v2\/pages\/1070\/revisions\/1071"}],"up":[{"embeddable":true,"href":"https:\/\/mnzp-muzealnik.pl\/index.php\/wp-json\/wp\/v2\/pages\/530"}],"wp:attachment":[{"href":"https:\/\/mnzp-muzealnik.pl\/index.php\/wp-json\/wp\/v2\/media?parent=1070"}],"curies":[{"name":"wp","href":"https:\/\/api.w.org\/{rel}","templated":true}]}}