{"id":1072,"date":"2025-10-27T22:14:05","date_gmt":"2025-10-27T21:14:05","guid":{"rendered":"https:\/\/mnzp-muzealnik.pl\/?page_id=1072"},"modified":"2025-10-27T22:14:23","modified_gmt":"2025-10-27T21:14:23","slug":"magazyn-kolekcja-dzwonkow","status":"publish","type":"page","link":"https:\/\/mnzp-muzealnik.pl\/index.php\/strona-glowna\/muzeum-dzwonow-i-fajek\/magazyn-kolekcja-dzwonkow\/","title":{"rendered":"Magazyn (kolekcja dzwonk\u00f3w)"},"content":{"rendered":"\n<p>Ostatnia kondygnacja wie\u017cy zosta\u0142a zaadaptowana na magazyn, w kt\u00f3rym przechowywane s\u0105 dwie kolekcje dzwonk\u00f3w, w pewien spos\u00f3b uzupe\u0142niaj\u0105ce zasadnicz\u0105 ekspozycj\u0119 wyrob\u00f3w ludwisarskich. S\u0105 to kolekcje J\u00f3zefa Ryby i Jana Krasnod\u0119bskiego. Obaj panowie swoje kolekcjonerskie pasje po\u015bwi\u0119cili r\u0119cznym dzwonkom wykonanym z r\u00f3\u017cnych materia\u0142\u00f3w. W obu zbiorach przewa\u017caj\u0105 dzwonki ceramiczne, przede wszystkim porcelanowe, ale te\u017c znalaz\u0142y si\u0119 w nich wyroby szklane i metalowe. Wi\u0119kszo\u015b\u0107 z nich ma charakter pami\u0105tki, czy to z jakiego\u015b miejsca, czy jako upami\u0119tnienie wa\u017cnego wydarzenia, np. rocznicy \u015blubu. Nawi\u0105zuj\u0105 te\u017c dekoracj\u0105 do r\u00f3\u017cnych \u015bwi\u0105t \u2013 Bo\u017cego Narodzenia, Wielkanocy, Dnia Matki, jak te\u017c miesi\u0119cy i p\u00f3r roku W\u015br\u00f3d ceramicznych s\u0105 dzwonki sygnowane przez artyst\u00f3w lub znane wytw\u00f3rnie, np. Wegdwood, Limoges, Hutschenreuter, przewa\u017caj\u0105 jednak anonimowe. Wi\u0119kszo\u015b\u0107 zdobiona jest technik\u0105 kalkomanii lub druku naszkliwnego, ale s\u0105 te\u017c malowane r\u0119cznie. Dzwonki szklane w pe\u0142ni oddaj\u0105 w\u0142a\u015bciwo\u015bci materia\u0142u z jakiego zosta\u0142y wykonane. Cz\u0119\u015b\u0107 przyci\u0105ga wzrok kolorami, bezbarwne kolorowymi zdobieniami i z\u0142oceniami, a du\u017ca cz\u0119\u015b\u0107 plastycznymi wzorami uzyskanymi na powierzchni. Metalem, z kt\u00f3rego wykonano wi\u0119kszo\u015b\u0107 dzwonk\u00f3w jest mosi\u0105dz. Wiele z nich wykonano w tradycyjnej technice odlewu. Obecnie jednak spotyka si\u0119 wiele dzwonk\u00f3w formowanych z blachy, tak\u017ce stalowej. W\u015br\u00f3d dzwonk\u00f3w metalowych w obu kolekcjach wyst\u0119puj\u0105 figuralne, o p\u0142aszczach zdobionych plastycznymi motywami r\u00f3\u017cnego rodzaju, zdobione emali\u0105 i jej na\u015bladownictwami. Obie kolekcje daj\u0105 przyk\u0142ad bogactwa i r\u00f3\u017cnorodno\u015bci form i materia\u0142\u00f3w, w jakich obecnie wyst\u0119puj\u0105 dzwonki w\u0142a\u015bciwie na ca\u0142ym na \u015bwiecie.<\/p>\n","protected":false},"excerpt":{"rendered":"<p>Ostatnia kondygnacja wie\u017cy zosta\u0142a zaadaptowana na magazyn, w kt\u00f3rym przechowywane s\u0105 dwie kolekcje dzwonk\u00f3w, w pewien spos\u00f3b uzupe\u0142niaj\u0105ce zasadnicz\u0105 ekspozycj\u0119 wyrob\u00f3w ludwisarskich. S\u0105 to kolekcje J\u00f3zefa Ryby i Jana Krasnod\u0119bskiego. Obaj panowie swoje kolekcjonerskie pasje po\u015bwi\u0119cili r\u0119cznym dzwonkom wykonanym z r\u00f3\u017cnych materia\u0142\u00f3w. W obu zbiorach przewa\u017caj\u0105 dzwonki ceramiczne, przede wszystkim porcelanowe, ale te\u017c znalaz\u0142y si\u0119 [&hellip;]<\/p>\n","protected":false},"author":1,"featured_media":0,"parent":147,"menu_order":170,"comment_status":"closed","ping_status":"closed","template":"","meta":{"footnotes":""},"class_list":["post-1072","page","type-page","status-publish","hentry"],"_links":{"self":[{"href":"https:\/\/mnzp-muzealnik.pl\/index.php\/wp-json\/wp\/v2\/pages\/1072","targetHints":{"allow":["GET"]}}],"collection":[{"href":"https:\/\/mnzp-muzealnik.pl\/index.php\/wp-json\/wp\/v2\/pages"}],"about":[{"href":"https:\/\/mnzp-muzealnik.pl\/index.php\/wp-json\/wp\/v2\/types\/page"}],"author":[{"embeddable":true,"href":"https:\/\/mnzp-muzealnik.pl\/index.php\/wp-json\/wp\/v2\/users\/1"}],"replies":[{"embeddable":true,"href":"https:\/\/mnzp-muzealnik.pl\/index.php\/wp-json\/wp\/v2\/comments?post=1072"}],"version-history":[{"count":1,"href":"https:\/\/mnzp-muzealnik.pl\/index.php\/wp-json\/wp\/v2\/pages\/1072\/revisions"}],"predecessor-version":[{"id":1073,"href":"https:\/\/mnzp-muzealnik.pl\/index.php\/wp-json\/wp\/v2\/pages\/1072\/revisions\/1073"}],"up":[{"embeddable":true,"href":"https:\/\/mnzp-muzealnik.pl\/index.php\/wp-json\/wp\/v2\/pages\/147"}],"wp:attachment":[{"href":"https:\/\/mnzp-muzealnik.pl\/index.php\/wp-json\/wp\/v2\/media?parent=1072"}],"curies":[{"name":"wp","href":"https:\/\/api.w.org\/{rel}","templated":true}]}}