{"id":118,"date":"2025-10-15T22:49:42","date_gmt":"2025-10-15T20:49:42","guid":{"rendered":"https:\/\/mnzp-muzealnik.pl\/?page_id=118"},"modified":"2025-10-20T20:44:27","modified_gmt":"2025-10-20T18:44:27","slug":"polpietro-kolo-ksiegarni","status":"publish","type":"page","link":"https:\/\/mnzp-muzealnik.pl\/index.php\/strona-glowna\/budynek-glowny-muzeum-narodowego-ziemi-przemyskiej\/polpietro-kolo-ksiegarni\/","title":{"rendered":"P\u00f3\u0142pi\u0119tro ko\u0142o ksi\u0119garni"},"content":{"rendered":"<ul class=\"wp-block-page-list\"><li class=\"wp-block-pages-list__item\"><a class=\"wp-block-pages-list__item__link\" href=\"https:\/\/mnzp-muzealnik.pl\/index.php\/strona-glowna\/budynek-glowny-muzeum-narodowego-ziemi-przemyskiej\/polpietro-kolo-ksiegarni\/tablica-grunwaldzka\/\">Tablica Grunwaldzka<\/a><\/li><li class=\"wp-block-pages-list__item\"><a class=\"wp-block-pages-list__item__link\" href=\"https:\/\/mnzp-muzealnik.pl\/index.php\/strona-glowna\/budynek-glowny-muzeum-narodowego-ziemi-przemyskiej\/polpietro-kolo-ksiegarni\/wazy\/\">Wazy<\/a><\/li><li class=\"wp-block-pages-list__item\"><a class=\"wp-block-pages-list__item__link\" href=\"https:\/\/mnzp-muzealnik.pl\/index.php\/strona-glowna\/budynek-glowny-muzeum-narodowego-ziemi-przemyskiej\/polpietro-kolo-ksiegarni\/kaziutek\/\">Rze\u017aba Kazimierza Marii Osi\u0144skiego<\/a><\/li><li class=\"wp-block-pages-list__item\"><a class=\"wp-block-pages-list__item__link\" href=\"https:\/\/mnzp-muzealnik.pl\/index.php\/strona-glowna\/budynek-glowny-muzeum-narodowego-ziemi-przemyskiej\/polpietro-kolo-ksiegarni\/glowy\/\">Galeria rze\u017ab antycznych<\/a><\/li><\/ul>","protected":false},"excerpt":{"rendered":"","protected":false},"author":1,"featured_media":0,"parent":111,"menu_order":1,"comment_status":"closed","ping_status":"closed","template":"","meta":{"footnotes":""},"class_list":["post-118","page","type-page","status-publish","hentry"],"_links":{"self":[{"href":"https:\/\/mnzp-muzealnik.pl\/index.php\/wp-json\/wp\/v2\/pages\/118","targetHints":{"allow":["GET"]}}],"collection":[{"href":"https:\/\/mnzp-muzealnik.pl\/index.php\/wp-json\/wp\/v2\/pages"}],"about":[{"href":"https:\/\/mnzp-muzealnik.pl\/index.php\/wp-json\/wp\/v2\/types\/page"}],"author":[{"embeddable":true,"href":"https:\/\/mnzp-muzealnik.pl\/index.php\/wp-json\/wp\/v2\/users\/1"}],"replies":[{"embeddable":true,"href":"https:\/\/mnzp-muzealnik.pl\/index.php\/wp-json\/wp\/v2\/comments?post=118"}],"version-history":[{"count":2,"href":"https:\/\/mnzp-muzealnik.pl\/index.php\/wp-json\/wp\/v2\/pages\/118\/revisions"}],"predecessor-version":[{"id":475,"href":"https:\/\/mnzp-muzealnik.pl\/index.php\/wp-json\/wp\/v2\/pages\/118\/revisions\/475"}],"up":[{"embeddable":true,"href":"https:\/\/mnzp-muzealnik.pl\/index.php\/wp-json\/wp\/v2\/pages\/111"}],"wp:attachment":[{"href":"https:\/\/mnzp-muzealnik.pl\/index.php\/wp-json\/wp\/v2\/media?parent=118"}],"curies":[{"name":"wp","href":"https:\/\/api.w.org\/{rel}","templated":true}]}}