{"id":123,"date":"2025-10-15T22:52:36","date_gmt":"2025-10-15T20:52:36","guid":{"rendered":"https:\/\/mnzp-muzealnik.pl\/?page_id=123"},"modified":"2026-01-12T12:21:48","modified_gmt":"2026-01-12T11:21:48","slug":"panorama-pradziejow-i-wczesnego-sredniowieczaregionu-przemyskiego","status":"publish","type":"page","link":"https:\/\/mnzp-muzealnik.pl\/index.php\/strona-glowna\/budynek-glowny-muzeum-narodowego-ziemi-przemyskiej\/panorama-pradziejow-i-wczesnego-sredniowieczaregionu-przemyskiego\/","title":{"rendered":"Panorama pradziej\u00f3w i wczesnego \u015bredniowiecza regionu przemyskiego"},"content":{"rendered":"<ul class=\"wp-block-page-list\"><li class=\"wp-block-pages-list__item\"><a class=\"wp-block-pages-list__item__link\" href=\"https:\/\/mnzp-muzealnik.pl\/index.php\/strona-glowna\/budynek-glowny-muzeum-narodowego-ziemi-przemyskiej\/panorama-pradziejow-i-wczesnego-sredniowieczaregionu-przemyskiego\/toporek-kamienny-neolit-pozny-kultura-ceramiki-sznurowej\/\">Toporek kamienny, neolit p\u00f3\u017any, kultura ceramiki sznurowej<\/a><\/li><li class=\"wp-block-pages-list__item\"><a class=\"wp-block-pages-list__item__link\" href=\"https:\/\/mnzp-muzealnik.pl\/index.php\/strona-glowna\/budynek-glowny-muzeum-narodowego-ziemi-przemyskiej\/panorama-pradziejow-i-wczesnego-sredniowieczaregionu-przemyskiego\/ploszcze-krzemienne-z-lublinca\/\">P\u0142oszcze krzemienne z Lubli\u0144ca<\/a><\/li><li class=\"wp-block-pages-list__item\"><a class=\"wp-block-pages-list__item__link\" href=\"https:\/\/mnzp-muzealnik.pl\/index.php\/strona-glowna\/budynek-glowny-muzeum-narodowego-ziemi-przemyskiej\/panorama-pradziejow-i-wczesnego-sredniowieczaregionu-przemyskiego\/siekierka-brazowa\/\">Siekierka br\u0105zowa<\/a><\/li><li class=\"wp-block-pages-list__item\"><a class=\"wp-block-pages-list__item__link\" href=\"https:\/\/mnzp-muzealnik.pl\/index.php\/strona-glowna\/budynek-glowny-muzeum-narodowego-ziemi-przemyskiej\/panorama-pradziejow-i-wczesnego-sredniowieczaregionu-przemyskiego\/naczynie-gliniane-z-pokrywka\/\">Naczynie gliniane z pokrywk\u0105<\/a><\/li><li class=\"wp-block-pages-list__item\"><a class=\"wp-block-pages-list__item__link\" href=\"https:\/\/mnzp-muzealnik.pl\/index.php\/strona-glowna\/budynek-glowny-muzeum-narodowego-ziemi-przemyskiej\/panorama-pradziejow-i-wczesnego-sredniowieczaregionu-przemyskiego\/rdzen-krzemienny\/\">Rdze\u0144 krzemienny<\/a><\/li><li class=\"wp-block-pages-list__item\"><a class=\"wp-block-pages-list__item__link\" href=\"https:\/\/mnzp-muzealnik.pl\/index.php\/strona-glowna\/budynek-glowny-muzeum-narodowego-ziemi-przemyskiej\/panorama-pradziejow-i-wczesnego-sredniowieczaregionu-przemyskiego\/grot-zelazny-wloczni-z-przemysla\/\">Grot \u017celazny broni drzewcowej z Pikulic<\/a><\/li><li class=\"wp-block-pages-list__item\"><a class=\"wp-block-pages-list__item__link\" href=\"https:\/\/mnzp-muzealnik.pl\/index.php\/strona-glowna\/budynek-glowny-muzeum-narodowego-ziemi-przemyskiej\/panorama-pradziejow-i-wczesnego-sredniowieczaregionu-przemyskiego\/zespol-rotunda-palatium\/\">Zesp\u00f3\u0142 rotunda-palatium<\/a><\/li><li class=\"wp-block-pages-list__item\"><a class=\"wp-block-pages-list__item__link\" href=\"https:\/\/mnzp-muzealnik.pl\/index.php\/strona-glowna\/budynek-glowny-muzeum-narodowego-ziemi-przemyskiej\/panorama-pradziejow-i-wczesnego-sredniowieczaregionu-przemyskiego\/narzedzia-mikrolityczne-epoki-mezolitu\/\">Narz\u0119dzia mikrolityczne epoki mezolitu<\/a><\/li><li class=\"wp-block-pages-list__item\"><a class=\"wp-block-pages-list__item__link\" href=\"https:\/\/mnzp-muzealnik.pl\/index.php\/strona-glowna\/budynek-glowny-muzeum-narodowego-ziemi-przemyskiej\/panorama-pradziejow-i-wczesnego-sredniowieczaregionu-przemyskiego\/chata-neolityczna-z-kormanic\/\">Chata neolityczna z Kormanic<\/a><\/li><li class=\"wp-block-pages-list__item\"><a class=\"wp-block-pages-list__item__link\" href=\"https:\/\/mnzp-muzealnik.pl\/index.php\/strona-glowna\/budynek-glowny-muzeum-narodowego-ziemi-przemyskiej\/panorama-pradziejow-i-wczesnego-sredniowieczaregionu-przemyskiego\/skarb-ozdob-brazowych-z-przedzela\/\">Skarb ozd\u00f3b br\u0105zowych z Prz\u0119dzela<\/a><\/li><li class=\"wp-block-pages-list__item\"><a class=\"wp-block-pages-list__item__link\" href=\"https:\/\/mnzp-muzealnik.pl\/index.php\/strona-glowna\/budynek-glowny-muzeum-narodowego-ziemi-przemyskiej\/panorama-pradziejow-i-wczesnego-sredniowieczaregionu-przemyskiego\/wazy-nadsanskie\/\">Wazy nadsa\u0144skie<\/a><\/li><li class=\"wp-block-pages-list__item\"><a class=\"wp-block-pages-list__item__link\" href=\"https:\/\/mnzp-muzealnik.pl\/index.php\/strona-glowna\/budynek-glowny-muzeum-narodowego-ziemi-przemyskiej\/panorama-pradziejow-i-wczesnego-sredniowieczaregionu-przemyskiego\/zausznice-gwozdziowate-typu-scytyjskiego\/\">Zausznice gwo\u017adziowate typu scytyjskiego<\/a><\/li><li class=\"wp-block-pages-list__item\"><a class=\"wp-block-pages-list__item__link\" href=\"https:\/\/mnzp-muzealnik.pl\/index.php\/strona-glowna\/budynek-glowny-muzeum-narodowego-ziemi-przemyskiej\/panorama-pradziejow-i-wczesnego-sredniowieczaregionu-przemyskiego\/monety-celtyckie-z-pikulic-dodac-do-wystawy\/\">Monety celtyckie z Pikulic<\/a><\/li><li class=\"wp-block-pages-list__item\"><a class=\"wp-block-pages-list__item__link\" href=\"https:\/\/mnzp-muzealnik.pl\/index.php\/strona-glowna\/budynek-glowny-muzeum-narodowego-ziemi-przemyskiej\/panorama-pradziejow-i-wczesnego-sredniowieczaregionu-przemyskiego\/situla-brazowa-z-przemysla-kazanowa\/\">Situla br\u0105zowa z Przemy\u015bla-Kazanowa<\/a><\/li><li class=\"wp-block-pages-list__item\"><a class=\"wp-block-pages-list__item__link\" href=\"https:\/\/mnzp-muzealnik.pl\/index.php\/strona-glowna\/budynek-glowny-muzeum-narodowego-ziemi-przemyskiej\/panorama-pradziejow-i-wczesnego-sredniowieczaregionu-przemyskiego\/naczynie-zasobowe-z-przedzielnicy\/\">Naczynie zasobowe z Przedzielnicy<\/a><\/li><li class=\"wp-block-pages-list__item\"><a class=\"wp-block-pages-list__item__link\" href=\"https:\/\/mnzp-muzealnik.pl\/index.php\/strona-glowna\/budynek-glowny-muzeum-narodowego-ziemi-przemyskiej\/panorama-pradziejow-i-wczesnego-sredniowieczaregionu-przemyskiego\/grzywna-siekieropodobna-z-radymna\/\">Grzywna siekieropodobna z Radymna<\/a><\/li><li class=\"wp-block-pages-list__item\"><a class=\"wp-block-pages-list__item__link\" href=\"https:\/\/mnzp-muzealnik.pl\/index.php\/strona-glowna\/budynek-glowny-muzeum-narodowego-ziemi-przemyskiej\/panorama-pradziejow-i-wczesnego-sredniowieczaregionu-przemyskiego\/grob-wojownika-starowegierskiego-z-koniem-na-przykladzie-gr-6-z-ul-rycerskiej\/\">Gr\u00f3b wojownika starow\u0119gierskiego z koniem (na przyk\u0142adzie gr. 6 z ul. Rycerskiej)<\/a><\/li><li class=\"wp-block-pages-list__item\"><a class=\"wp-block-pages-list__item__link\" href=\"https:\/\/mnzp-muzealnik.pl\/index.php\/strona-glowna\/budynek-glowny-muzeum-narodowego-ziemi-przemyskiej\/panorama-pradziejow-i-wczesnego-sredniowieczaregionu-przemyskiego\/wczesnosredniowieczne-amfory-z-grodu-przemyskiego\/\">Wczesno\u015bredniowieczne amfory z grodu przemyskiego<\/a><\/li><li class=\"wp-block-pages-list__item\"><a class=\"wp-block-pages-list__item__link\" href=\"https:\/\/mnzp-muzealnik.pl\/index.php\/strona-glowna\/budynek-glowny-muzeum-narodowego-ziemi-przemyskiej\/panorama-pradziejow-i-wczesnego-sredniowieczaregionu-przemyskiego\/wisior-z-krysztalu-gorskiego-z-kurhanu-w-solcy\/\">Wisior z kryszta\u0142u g\u00f3rskiego z kurhanu w S\u00f3lcy<\/a><\/li><\/ul>","protected":false},"excerpt":{"rendered":"","protected":false},"author":1,"featured_media":0,"parent":111,"menu_order":3,"comment_status":"closed","ping_status":"closed","template":"","meta":{"footnotes":""},"class_list":["post-123","page","type-page","status-publish","hentry"],"_links":{"self":[{"href":"https:\/\/mnzp-muzealnik.pl\/index.php\/wp-json\/wp\/v2\/pages\/123","targetHints":{"allow":["GET"]}}],"collection":[{"href":"https:\/\/mnzp-muzealnik.pl\/index.php\/wp-json\/wp\/v2\/pages"}],"about":[{"href":"https:\/\/mnzp-muzealnik.pl\/index.php\/wp-json\/wp\/v2\/types\/page"}],"author":[{"embeddable":true,"href":"https:\/\/mnzp-muzealnik.pl\/index.php\/wp-json\/wp\/v2\/users\/1"}],"replies":[{"embeddable":true,"href":"https:\/\/mnzp-muzealnik.pl\/index.php\/wp-json\/wp\/v2\/comments?post=123"}],"version-history":[{"count":6,"href":"https:\/\/mnzp-muzealnik.pl\/index.php\/wp-json\/wp\/v2\/pages\/123\/revisions"}],"predecessor-version":[{"id":1221,"href":"https:\/\/mnzp-muzealnik.pl\/index.php\/wp-json\/wp\/v2\/pages\/123\/revisions\/1221"}],"up":[{"embeddable":true,"href":"https:\/\/mnzp-muzealnik.pl\/index.php\/wp-json\/wp\/v2\/pages\/111"}],"wp:attachment":[{"href":"https:\/\/mnzp-muzealnik.pl\/index.php\/wp-json\/wp\/v2\/media?parent=123"}],"curies":[{"name":"wp","href":"https:\/\/api.w.org\/{rel}","templated":true}]}}