{"id":149,"date":"2025-10-17T18:51:21","date_gmt":"2025-10-17T16:51:21","guid":{"rendered":"https:\/\/mnzp-muzealnik.pl\/?page_id=149"},"modified":"2026-01-07T23:25:35","modified_gmt":"2026-01-07T22:25:35","slug":"dostepnosc-w-muzeum","status":"publish","type":"page","link":"https:\/\/mnzp-muzealnik.pl\/index.php\/strona-glowna\/dostepnosc-w-muzeum\/","title":{"rendered":"Dost\u0119pno\u015b\u0107 w muzeum"},"content":{"rendered":"\n<h2 class=\"wp-block-heading\"><strong>Muzeum Narodowe Ziemi Przemyskiej \u2013 budynek g\u0142\u00f3wny, Pl. Berka Joselewicza 1<\/strong><\/h2>\n\n\n\n<p>Na zewn\u0105trz Muzeum do wej\u015bcia g\u0142\u00f3wnego prowadzi pochylnia zaprojektowana dla w\u00f3zk\u00f3w inwalidzkich. Zwiedzaj\u0105cy przybywa do przestronnego holu na parterze, gdzie wita go pracownik recepcji przy \u0142atwo dost\u0119pnej ladzie.<\/p>\n\n\n\n<p>W Muzeum brak jest prog\u00f3w i ogranicze\u0144. Dzi\u0119ki zamontowaniu windy wewn\u0119trznej (zaopatrzonej w komunikator g\u0142osowy) gmach Muzeum jest przyjazny dla os\u00f3b z niepe\u0142nosprawno\u015bciami. Winda pozwala dotrze\u0107 na ekspozycje usytuowane na czterech kondygnacjach, do muzealnej ksi\u0119garni, biblioteki oraz na taras widokowy. Przej\u015bcia pomi\u0119dzy salami s\u0105 pozbawione prog\u00f3w. Na szklanych drzwiach, uchylnych w obie strony, umieszczono dla bezpiecze\u0144stwa naklejki. Na parterze przy szatni jest specjalna toaleta dla os\u00f3b niepe\u0142nosprawnych ruchowo.<\/p>\n\n\n\n<p>Wszystkie g\u0142\u00f3wne ci\u0105gi komunikacyjne oznaczone s\u0105 za pomoc\u0105 fakturowego oznaczenia nawierzchni. Klatki schodowe posiadaj\u0105 balustrady i por\u0119cze umo\u017cliwi\u0105j\u0105ce \u0142atwe podparcie przy wychodzeniu do g\u00f3ry i schodzeniu, umieszczone s\u0105 na dw\u00f3ch wysoko\u015bciach. Ponadto pierwszy i ostatni stopie\u0144 w ka\u017cdym z biegu schod\u00f3w zosta\u0142 kontrastowo oznakowany na kraw\u0119dzi, a biegi schod\u00f3w zaczynaj\u0105 si\u0119 i ko\u0144cz\u0105 od pas\u00f3w ostrzegawczych.&nbsp;<\/p>\n\n\n\n<p>Wzd\u0142u\u017c ci\u0105g\u00f3w komunikacyjnych wyznaczone s\u0105 r\u00f3wnie\u017c strefy odpoczynku \u2013 fotele z wyprofilowanym oparciem i pod\u0142okietnikami.<\/p>\n\n\n\n<p>Dla zapewnienia orientacji w przestrzeni u\u017cyto tabliczek z informacj\u0105 w czarnodruku, za\u015b dla os\u00f3b niewidomych i s\u0142abowidz\u0105cych dodatkowo u\u017cyto plan\u00f3w tyflograficznych. Przy wi\u0119kszo\u015bci z plan\u00f3w, po ich lewej lub prawej stronie na \u015bcianie (w zale\u017cno\u015bci od konkretnego miejsca) znajduje si\u0119 uchwyt na bia\u0142\u0105 lask\u0119 lub kul\u0119.&nbsp;<\/p>\n\n\n\n<p>Cz\u0119\u015b\u0107 eksponat\u00f3w zosta\u0142a zaadaptowana r\u00f3wnie\u017c na tyflografiki, dzi\u0119ki kt\u00f3rym osoba niewidoma dotykiem mo\u017ce pozna\u0107 najwa\u017cniejsze elementy. Jest to dodatkowe wsparcie do systemu audioprzewodnik\u00f3w, w kt\u00f3rych mo\u017cna wybra\u0107 r\u00f3wnie\u017c tras\u0119 z audiodeskrypcj\u0105. Ponadto przy cz\u0119\u015bci z eksponat\u00f3w znajduj\u0105 si\u0119 kody QR, po zeskanowaniu kt\u00f3rych w\u0142asnym smartfonem u\u017cytkownik zostanie przeniesiony do opisu w dedykowanej aplikacji.&nbsp;<\/p>\n\n\n\n<h2 class=\"wp-block-heading\"><strong>Muzeum Historii Miasta Przemy\u015bla, Oddzia\u0142 Muzeum Narodowego Ziemi Przemyskiej, Rynek 9<\/strong><\/h2>\n\n\n\n<p>Do wej\u015bcia prowadzi pochylnia, a dodatkowo na zewn\u0105trz zamontowana jest winda. Do zabytkowej przestrzeni szesnastowiecznej kamienicy wprowadzono dodatkowo nowoczesne windy oraz platformy schodowe, zaopatrzone w alarm, umo\u017cliwiaj\u0105ce swobodny dost\u0119p do sal ekspozycyjnych osobom poruszaj\u0105cym si\u0119 na w\u00f3zkach. Przej\u015bcia pomi\u0119dzy salami pozbawione s\u0105 prog\u00f3w. Na II pi\u0119trze znajduje si\u0119 toaleta dla os\u00f3b niepe\u0142nosprawnych ruchowo.<\/p>\n\n\n\n<p>Wszystkie g\u0142\u00f3wne ci\u0105gi komunikacyjne oznaczone s\u0105 za pomoc\u0105 fakturowego oznaczenia nawierzchni. Klatki schodowe posiadaj\u0105 balustrady i por\u0119cze umo\u017cliwi\u0105j\u0105ce \u0142atwe podparcie przy wychodzeniu do g\u00f3ry i schodzeniu, umieszczone s\u0105 na dw\u00f3ch wysoko\u015bciach. Ponadto pierwszy i ostatni stopie\u0144 w ka\u017cdym z biegu schod\u00f3w zosta\u0142 kontrastowo oznakowany na kraw\u0119dzi, a biegi schod\u00f3w zaczynaj\u0105 si\u0119 i ko\u0144cz\u0105 od pas\u00f3w ostrzegawczych.&nbsp;<\/p>\n\n\n\n<p>Wzd\u0142u\u017c ci\u0105g\u00f3w komunikacyjnych wyznaczone s\u0105 r\u00f3wnie\u017c strefy odpoczynku \u2013 fotele z wyprofilowanym oparciem i pod\u0142okietnikami.<\/p>\n\n\n\n<p>Dla zapewnienia orientacji w przestrzeni u\u017cyto tabliczek z informacj\u0105 w czarnodruku, za\u015b dla os\u00f3b niewidomych i s\u0142abowidz\u0105cych dodatkowo u\u017cyto plan\u00f3w tyflograficznych. Przy wi\u0119kszo\u015bci z plan\u00f3w, po ich lewej lub prawej stronie na \u015bcianie (w zale\u017cno\u015bci od konkretnego miejsca) znajduje si\u0119 uchwyt na bia\u0142\u0105 lask\u0119 lub kul\u0119.&nbsp;<\/p>\n\n\n\n<p>Cz\u0119\u015b\u0107 eksponat\u00f3w zosta\u0142a zaadaptowana r\u00f3wnie\u017c na tyflografiki, dzi\u0119ki kt\u00f3rym osoba niewidoma dotykiem mo\u017ce pozna\u0107 najwa\u017cniejsze elementy. Jest to dodatkowe wsparcie do systemu audioprzewodnik\u00f3w, w kt\u00f3rych mo\u017cna wybra\u0107 r\u00f3wnie\u017c tras\u0119 z audiodeskrypcj\u0105. Ponadto przy cz\u0119\u015bci z eksponat\u00f3w znajduj\u0105 si\u0119 kody QR, po zeskanowaniu kt\u00f3rych w\u0142asnym smartfonem u\u017cytkownik zostanie przeniesiony do opisu w dedykowanej aplikacji.&nbsp;<\/p>\n\n\n\n<p>W budynku znajduje si\u0119 infokiosk z ruchomym monitorem, dzi\u0119ki kt\u00f3remu mog\u0105 obs\u0142u\u017cy\u0107 go osoby o niskim wzro\u015bcie lub poruszaj\u0105ce si\u0119 na w\u00f3zkach. Infokiosk jest&nbsp; w pe\u0142ni ud\u017awi\u0119kowiony, dlatego te\u017c jest dost\u0119pny dla os\u00f3b niewidomych, ma r\u00f3wnie\u017c opcj\u0119 zmiany kontrastu oraz powi\u0119kszenia czcionki. Osoby niewidome mog\u0105 go \u0142atwo obs\u0142u\u017cy\u0107, gdy\u017c poza opcj\u0105 dotykowego ekranu wyposa\u017cono go te\u017c w fizyczne przyciski, dzi\u0119ki kt\u00f3rym mo\u017cna swobodnie porusza\u0107 si\u0119 po menu i dociera\u0107 do kolejnych informacji.&nbsp;<\/p>\n\n\n\n<h2 class=\"wp-block-heading\"><strong>Muzeum Dzwon\u00f3w i Fajek, Oddzia\u0142 Muzeum Narodowego Ziemi Przemyskiej, W\u0142adycze 3<\/strong><\/h2>\n\n\n\n<p>Warunki architektoniczne budynku, w kt\u00f3rym znajduje si\u0119 Muzeum \u2013 dawna Wie\u017ca Zegarowa, uniemo\u017cliwi\u0142y zamontowanie urz\u0105dze\u0144 pozwalaj\u0105cym zwiedzanie osobom z dysfunkcj\u0105 ruchu.<\/p>\n\n\n\n<p>Wszystkie g\u0142\u00f3wne ci\u0105gi komunikacyjne oznaczone s\u0105 za pomoc\u0105 fakturowego oznaczenia nawierzchni. Klatki schodowe posiadaj\u0105 balustrady i por\u0119cze umo\u017cliwi\u0105j\u0105ce \u0142atwe podparcie przy wychodzeniu do g\u00f3ry i schodzeniu, umieszczone s\u0105 na dw\u00f3ch wysoko\u015bciach. Ponadto pierwszy i ostatni stopie\u0144 w ka\u017cdym z biegu schod\u00f3w zosta\u0142 kontrastowo oznakowany na kraw\u0119dzi, a biegi schod\u00f3w zaczynaj\u0105 si\u0119 i ko\u0144cz\u0105 od pas\u00f3w ostrzegawczych.&nbsp;<\/p>\n\n\n\n<p>Wzd\u0142u\u017c ci\u0105g\u00f3w komunikacyjnych wyznaczone s\u0105 r\u00f3wnie\u017c strefy odpoczynku \u2013 fotele z wyprofilowanym oparciem i pod\u0142okietnikami.<\/p>\n\n\n\n<p>Dla zapewnienia orientacji w przestrzeni u\u017cyto tabliczek z informacj\u0105 w czarnodruku, za\u015b dla os\u00f3b niewidomych i s\u0142abowidz\u0105cych dodatkowo u\u017cyto plan\u00f3w tyflograficznych. Przy wi\u0119kszo\u015bci z plan\u00f3w, po ich lewej lub prawej stronie na \u015bcianie (w zale\u017cno\u015bci od konkretnego miejsca) znajduje si\u0119 uchwyt na bia\u0142\u0105 lask\u0119 lub kul\u0119.&nbsp;<\/p>\n\n\n\n<p>Cz\u0119\u015b\u0107 eksponat\u00f3w zosta\u0142a zaadaptowana r\u00f3wnie\u017c na tyflografiki, dzi\u0119ki kt\u00f3rym osoba niewidoma dotykiem mo\u017ce pozna\u0107 najwa\u017cniejsze elementy. Jest to dodatkowe wsparcie do systemu audioprzewodnik\u00f3w, w kt\u00f3rych mo\u017cna wybra\u0107 r\u00f3wnie\u017c tras\u0119 z audiodeskrypcj\u0105. Ponadto przy cz\u0119\u015bci z eksponat\u00f3w znajduj\u0105 si\u0119 kody QR, po zeskanowaniu kt\u00f3rych w\u0142asnym smartfonem u\u017cytkownik zostanie przeniesiony do opisu w dedykowanej aplikacji.&nbsp;<\/p>\n\n\n\n<p>W budynku znajduje si\u0119 infokiosk z ruchomym monitorem, dzi\u0119ki kt\u00f3remu mog\u0105 obs\u0142u\u017cy\u0107 go osoby o niskim wzro\u015bcie lub poruszaj\u0105ce si\u0119 na w\u00f3zkach. Infokiosk jest&nbsp; w pe\u0142ni ud\u017awi\u0119kowiony, dlatego te\u017c jest dost\u0119pny dla os\u00f3b niewidomych, ma r\u00f3wnie\u017c opcj\u0119 zmiany kontrastu oraz powi\u0119kszenia czcionki. Osoby niewidome mog\u0105 go \u0142atwo obs\u0142u\u017cy\u0107, gdy\u017c poza opcj\u0105 dotykowego ekranu wyposa\u017cono go te\u017c w fizyczne przyciski, dzi\u0119ki kt\u00f3rym mo\u017cna swobodnie porusza\u0107 si\u0119 po menu i dociera\u0107 do kolejnych informacji.&nbsp;<\/p>\n","protected":false},"excerpt":{"rendered":"<p>Muzeum Narodowe Ziemi Przemyskiej \u2013 budynek g\u0142\u00f3wny, Pl. Berka Joselewicza 1 Na zewn\u0105trz Muzeum do wej\u015bcia g\u0142\u00f3wnego prowadzi pochylnia zaprojektowana dla w\u00f3zk\u00f3w inwalidzkich. Zwiedzaj\u0105cy przybywa do przestronnego holu na parterze, gdzie wita go pracownik recepcji przy \u0142atwo dost\u0119pnej ladzie. W Muzeum brak jest prog\u00f3w i ogranicze\u0144. Dzi\u0119ki zamontowaniu windy wewn\u0119trznej (zaopatrzonej w komunikator g\u0142osowy) gmach [&hellip;]<\/p>\n","protected":false},"author":1,"featured_media":0,"parent":41,"menu_order":0,"comment_status":"closed","ping_status":"closed","template":"","meta":{"footnotes":""},"class_list":["post-149","page","type-page","status-publish","hentry"],"_links":{"self":[{"href":"https:\/\/mnzp-muzealnik.pl\/index.php\/wp-json\/wp\/v2\/pages\/149","targetHints":{"allow":["GET"]}}],"collection":[{"href":"https:\/\/mnzp-muzealnik.pl\/index.php\/wp-json\/wp\/v2\/pages"}],"about":[{"href":"https:\/\/mnzp-muzealnik.pl\/index.php\/wp-json\/wp\/v2\/types\/page"}],"author":[{"embeddable":true,"href":"https:\/\/mnzp-muzealnik.pl\/index.php\/wp-json\/wp\/v2\/users\/1"}],"replies":[{"embeddable":true,"href":"https:\/\/mnzp-muzealnik.pl\/index.php\/wp-json\/wp\/v2\/comments?post=149"}],"version-history":[{"count":2,"href":"https:\/\/mnzp-muzealnik.pl\/index.php\/wp-json\/wp\/v2\/pages\/149\/revisions"}],"predecessor-version":[{"id":1219,"href":"https:\/\/mnzp-muzealnik.pl\/index.php\/wp-json\/wp\/v2\/pages\/149\/revisions\/1219"}],"up":[{"embeddable":true,"href":"https:\/\/mnzp-muzealnik.pl\/index.php\/wp-json\/wp\/v2\/pages\/41"}],"wp:attachment":[{"href":"https:\/\/mnzp-muzealnik.pl\/index.php\/wp-json\/wp\/v2\/media?parent=149"}],"curies":[{"name":"wp","href":"https:\/\/api.w.org\/{rel}","templated":true}]}}