{"id":159,"date":"2025-10-17T18:55:45","date_gmt":"2025-10-17T16:55:45","guid":{"rendered":"https:\/\/mnzp-muzealnik.pl\/?page_id=159"},"modified":"2025-10-20T22:38:12","modified_gmt":"2025-10-20T20:38:12","slug":"atelier-fotograficzne-b-hennera","status":"publish","type":"page","link":"https:\/\/mnzp-muzealnik.pl\/index.php\/strona-glowna\/muzeum-historii-miasta-przemysla\/atelier-fotograficzne-b-hennera\/","title":{"rendered":"Atelier fotograficzne B. Hennera"},"content":{"rendered":"<ul class=\"wp-block-page-list\"><li class=\"wp-block-pages-list__item\"><a class=\"wp-block-pages-list__item__link\" href=\"https:\/\/mnzp-muzealnik.pl\/index.php\/strona-glowna\/muzeum-historii-miasta-przemysla\/atelier-fotograficzne-b-hennera\/aparat-fotograficzny-mieszkowy-podrozny-kodak\/\">Aparat fotograficzny mieszkowy podr\u00f3\u017cny: Kodak<\/a><\/li><li class=\"wp-block-pages-list__item\"><a class=\"wp-block-pages-list__item__link\" href=\"https:\/\/mnzp-muzealnik.pl\/index.php\/strona-glowna\/muzeum-historii-miasta-przemysla\/atelier-fotograficzne-b-hennera\/aparat-fotograficzny\/\">Aparat fotograficzny<\/a><\/li><li class=\"wp-block-pages-list__item\"><a class=\"wp-block-pages-list__item__link\" href=\"https:\/\/mnzp-muzealnik.pl\/index.php\/strona-glowna\/muzeum-historii-miasta-przemysla\/atelier-fotograficzne-b-hennera\/medalion-z-portretem-profilowym-l-j-daguerra\/\">Medalion z portretem profilowym L. J. Daguerra<\/a><\/li><li class=\"wp-block-pages-list__item\"><a class=\"wp-block-pages-list__item__link\" href=\"https:\/\/mnzp-muzealnik.pl\/index.php\/strona-glowna\/muzeum-historii-miasta-przemysla\/atelier-fotograficzne-b-hennera\/wyposazenie-retuszerni\/\">Wyposa\u017cenie retuszerni<\/a><\/li><li class=\"wp-block-pages-list__item\"><a class=\"wp-block-pages-list__item__link\" href=\"https:\/\/mnzp-muzealnik.pl\/index.php\/strona-glowna\/muzeum-historii-miasta-przemysla\/atelier-fotograficzne-b-hennera\/zdjecia-poprzednich-zakladow-hennera\/\">Zdj\u0119cia poprzednich zak\u0142ad\u00f3w Hennera<\/a><\/li><\/ul>","protected":false},"excerpt":{"rendered":"","protected":false},"author":1,"featured_media":0,"parent":145,"menu_order":3,"comment_status":"closed","ping_status":"closed","template":"","meta":{"footnotes":""},"class_list":["post-159","page","type-page","status-publish","hentry"],"_links":{"self":[{"href":"https:\/\/mnzp-muzealnik.pl\/index.php\/wp-json\/wp\/v2\/pages\/159","targetHints":{"allow":["GET"]}}],"collection":[{"href":"https:\/\/mnzp-muzealnik.pl\/index.php\/wp-json\/wp\/v2\/pages"}],"about":[{"href":"https:\/\/mnzp-muzealnik.pl\/index.php\/wp-json\/wp\/v2\/types\/page"}],"author":[{"embeddable":true,"href":"https:\/\/mnzp-muzealnik.pl\/index.php\/wp-json\/wp\/v2\/users\/1"}],"replies":[{"embeddable":true,"href":"https:\/\/mnzp-muzealnik.pl\/index.php\/wp-json\/wp\/v2\/comments?post=159"}],"version-history":[{"count":2,"href":"https:\/\/mnzp-muzealnik.pl\/index.php\/wp-json\/wp\/v2\/pages\/159\/revisions"}],"predecessor-version":[{"id":644,"href":"https:\/\/mnzp-muzealnik.pl\/index.php\/wp-json\/wp\/v2\/pages\/159\/revisions\/644"}],"up":[{"embeddable":true,"href":"https:\/\/mnzp-muzealnik.pl\/index.php\/wp-json\/wp\/v2\/pages\/145"}],"wp:attachment":[{"href":"https:\/\/mnzp-muzealnik.pl\/index.php\/wp-json\/wp\/v2\/media?parent=159"}],"curies":[{"name":"wp","href":"https:\/\/api.w.org\/{rel}","templated":true}]}}