{"id":167,"date":"2025-10-17T18:56:27","date_gmt":"2025-10-17T16:56:27","guid":{"rendered":"https:\/\/mnzp-muzealnik.pl\/?page_id=167"},"modified":"2026-01-07T08:23:32","modified_gmt":"2026-01-07T07:23:32","slug":"wazy","status":"publish","type":"page","link":"https:\/\/mnzp-muzealnik.pl\/index.php\/strona-glowna\/budynek-glowny-muzeum-narodowego-ziemi-przemyskiej\/polpietro-kolo-ksiegarni\/wazy\/","title":{"rendered":"Wazy"},"content":{"rendered":"\n<p><strong>Waza alabastrowa [H-256 MK, hol \u2013 balkon g\u0142. bud.]<\/strong><\/p>\n\n\n\n<p><strong>Waza wykonana z alabastru, powsta\u0142a na pocz\u0105tku XIX wieku, wytw\u00f3rnia nieznana. Muzeum posiada dwie takie same wazy, przekazane do zbior\u00f3w 1970 roku. Druga prezentowana jest pi\u0119tro ni\u017cej. Rze\u017abiona waza o bogatej dekoracji z ornamentem ro\u015blinnym i antycznym. Ma form\u0119 amfory na w\u0105skiej stopie, z dwoma uszami, przykryta pokrywk\u0105 zwie\u0144czon\u0105 motywem szyszki. Uszy maj\u0105 esowaty kszta\u0142t, w dolnej ich cz\u0119\u015bci maszkarony &#8211; g\u0142owy wy\u0142aniaj\u0105cej si\u0119 z li\u015bci, u g\u00f3ry, ucha zako\u0144czone g\u0142ow\u0105 ptaka na d\u0142ugiej szyi. Na brzu\u015bcu wazy przedstawiona scena \u201eOdyseusz przy stole Kirke\u201d. Relief wykonany na podstawie szkicu z pocz\u0105tku lat dziewi\u0119\u0107dziesi\u0105tych XVIII wieku, autorstwa angielskiego rze\u017abiarza Johna Flaxmana. Artysta stworzy\u0142 cykl ilustracji do \u201eOdysei\u201d Homera. W 1805 roku opublikowano je w wersji akwaforty. Waza prezentowana pi\u0119tro ni\u017cej analogiczna do tej, przedstawiono na niej inn\u0105 scen\u0119 z \u201eOdysei\u201d &#8211; \u201e Eurykleja odkrywa Odyseusza\u201d. Tego typu wazy, podobnie jak rze\u017aby w stylu antycznym, by\u0142y elementem wystroju magnackich rezydencji. Najcz\u0119\u015bciej z bia\u0142ego marmuru lub alabastru, nadawa\u0142y wn\u0119trzu lekko\u015bci i romantyczno\u015bci. Moda na sztuk\u0119 antyczn\u0105 nieprzerwalnie trwa\u0142a od okresu nowo\u017cytno\u015bci do pocz\u0105tku XX wieku. Umi\u0142owanie klasycznego kanonu pi\u0119kna, mia\u0142o odzwierciedlenie w wszystkich dziedzinach sztuki. Do tej popularno\u015bci przyczyni\u0142y si\u0119 odkrycia archeologiczne, w XVIII wieku. W Polsce sztuk\u0119 antyczn\u0105 spopularyzowa\u0142 Kr\u00f3l Stanis\u0142aw August Poniatowski. Jako wielki mi\u0142o\u015bnik sztuki, sprowadzi\u0142 do Polski kopie najpopularniejszych rze\u017ab staro\u017cytnych. Zatrudni\u0142 w\u0142oskich rze\u017abiarzy, kt\u00f3rzy wykonywali na jego zam\u00f3wienie liczne dzie\u0142a.<\/strong><\/p>\n","protected":false},"excerpt":{"rendered":"<p>Waza alabastrowa [H-256 MK, hol \u2013 balkon g\u0142. bud.] Waza wykonana z alabastru, powsta\u0142a na pocz\u0105tku XIX wieku, wytw\u00f3rnia nieznana. Muzeum posiada dwie takie same wazy, przekazane do zbior\u00f3w 1970 roku. Druga prezentowana jest pi\u0119tro ni\u017cej. Rze\u017abiona waza o bogatej dekoracji z ornamentem ro\u015blinnym i antycznym. Ma form\u0119 amfory na w\u0105skiej stopie, z dwoma uszami, [&hellip;]<\/p>\n","protected":false},"author":1,"featured_media":1195,"parent":118,"menu_order":2,"comment_status":"closed","ping_status":"closed","template":"","meta":{"footnotes":""},"class_list":["post-167","page","type-page","status-publish","has-post-thumbnail","hentry"],"_links":{"self":[{"href":"https:\/\/mnzp-muzealnik.pl\/index.php\/wp-json\/wp\/v2\/pages\/167","targetHints":{"allow":["GET"]}}],"collection":[{"href":"https:\/\/mnzp-muzealnik.pl\/index.php\/wp-json\/wp\/v2\/pages"}],"about":[{"href":"https:\/\/mnzp-muzealnik.pl\/index.php\/wp-json\/wp\/v2\/types\/page"}],"author":[{"embeddable":true,"href":"https:\/\/mnzp-muzealnik.pl\/index.php\/wp-json\/wp\/v2\/users\/1"}],"replies":[{"embeddable":true,"href":"https:\/\/mnzp-muzealnik.pl\/index.php\/wp-json\/wp\/v2\/comments?post=167"}],"version-history":[{"count":2,"href":"https:\/\/mnzp-muzealnik.pl\/index.php\/wp-json\/wp\/v2\/pages\/167\/revisions"}],"predecessor-version":[{"id":771,"href":"https:\/\/mnzp-muzealnik.pl\/index.php\/wp-json\/wp\/v2\/pages\/167\/revisions\/771"}],"up":[{"embeddable":true,"href":"https:\/\/mnzp-muzealnik.pl\/index.php\/wp-json\/wp\/v2\/pages\/118"}],"wp:featuredmedia":[{"embeddable":true,"href":"https:\/\/mnzp-muzealnik.pl\/index.php\/wp-json\/wp\/v2\/media\/1195"}],"wp:attachment":[{"href":"https:\/\/mnzp-muzealnik.pl\/index.php\/wp-json\/wp\/v2\/media?parent=167"}],"curies":[{"name":"wp","href":"https:\/\/api.w.org\/{rel}","templated":true}]}}