{"id":169,"date":"2025-10-17T18:56:34","date_gmt":"2025-10-17T16:56:34","guid":{"rendered":"https:\/\/mnzp-muzealnik.pl\/?page_id=169"},"modified":"2025-10-21T23:40:03","modified_gmt":"2025-10-21T21:40:03","slug":"kaziutek","status":"publish","type":"page","link":"https:\/\/mnzp-muzealnik.pl\/index.php\/strona-glowna\/budynek-glowny-muzeum-narodowego-ziemi-przemyskiej\/polpietro-kolo-ksiegarni\/kaziutek\/","title":{"rendered":"Rze\u017aba Kazimierza Marii Osi\u0144skiego"},"content":{"rendered":"\n<p>Przed wej\u015bciem do Muzeum znajduje si\u0119 rze\u017aba przedstawiaj\u0105ca Kazimierza Mari\u0119 Osi\u0144skiego &#8211; architekta, za\u0142o\u017cyciela i pierwszy dyrektora przemyskiego Muzeum, dzia\u0142aj\u0105cego od 1909 roku w ramach Towarzystwa Przyjaci\u00f3\u0142 Nauk. Jego pomnik zosta\u0142 ods\u0142oni\u0119ty w 2009 roku, w 100 rocznic\u0119 za\u0142o\u017cenia Muzeum w Przemy\u015blu. Autorem pomnika jest Marian Szajda, artysta, kt\u00f3ry mieszka i tworzy w Przemy\u015blu. Autor wielu rze\u017ab, p\u0142askorze\u017ab, p\u0142yt pami\u0105tkowych i medali.<\/p>\n","protected":false},"excerpt":{"rendered":"<p>Przed wej\u015bciem do Muzeum znajduje si\u0119 rze\u017aba przedstawiaj\u0105ca Kazimierza Mari\u0119 Osi\u0144skiego &#8211; architekta, za\u0142o\u017cyciela i pierwszy dyrektora przemyskiego Muzeum, dzia\u0142aj\u0105cego od 1909 roku w ramach Towarzystwa Przyjaci\u00f3\u0142 Nauk. Jego pomnik zosta\u0142 ods\u0142oni\u0119ty w 2009 roku, w 100 rocznic\u0119 za\u0142o\u017cenia Muzeum w Przemy\u015blu. Autorem pomnika jest Marian Szajda, artysta, kt\u00f3ry mieszka i tworzy w Przemy\u015blu. Autor [&hellip;]<\/p>\n","protected":false},"author":1,"featured_media":0,"parent":118,"menu_order":3,"comment_status":"closed","ping_status":"closed","template":"","meta":{"footnotes":""},"class_list":["post-169","page","type-page","status-publish","hentry"],"_links":{"self":[{"href":"https:\/\/mnzp-muzealnik.pl\/index.php\/wp-json\/wp\/v2\/pages\/169","targetHints":{"allow":["GET"]}}],"collection":[{"href":"https:\/\/mnzp-muzealnik.pl\/index.php\/wp-json\/wp\/v2\/pages"}],"about":[{"href":"https:\/\/mnzp-muzealnik.pl\/index.php\/wp-json\/wp\/v2\/types\/page"}],"author":[{"embeddable":true,"href":"https:\/\/mnzp-muzealnik.pl\/index.php\/wp-json\/wp\/v2\/users\/1"}],"replies":[{"embeddable":true,"href":"https:\/\/mnzp-muzealnik.pl\/index.php\/wp-json\/wp\/v2\/comments?post=169"}],"version-history":[{"count":2,"href":"https:\/\/mnzp-muzealnik.pl\/index.php\/wp-json\/wp\/v2\/pages\/169\/revisions"}],"predecessor-version":[{"id":774,"href":"https:\/\/mnzp-muzealnik.pl\/index.php\/wp-json\/wp\/v2\/pages\/169\/revisions\/774"}],"up":[{"embeddable":true,"href":"https:\/\/mnzp-muzealnik.pl\/index.php\/wp-json\/wp\/v2\/pages\/118"}],"wp:attachment":[{"href":"https:\/\/mnzp-muzealnik.pl\/index.php\/wp-json\/wp\/v2\/media?parent=169"}],"curies":[{"name":"wp","href":"https:\/\/api.w.org\/{rel}","templated":true}]}}