{"id":241,"date":"2025-10-19T21:11:45","date_gmt":"2025-10-19T19:11:45","guid":{"rendered":"https:\/\/mnzp-muzealnik.pl\/?page_id=241"},"modified":"2025-10-20T20:29:13","modified_gmt":"2025-10-20T18:29:13","slug":"ikona-mandylion","status":"publish","type":"page","link":"https:\/\/mnzp-muzealnik.pl\/index.php\/strona-glowna\/budynek-glowny-muzeum-narodowego-ziemi-przemyskiej\/credo-na-dwa-glosy\/ikona-mandylion\/","title":{"rendered":"Ikona \u201eMandylion\u201d"},"content":{"rendered":"\n<p>W j\u0119zyku greckim s\u0142owo mandylion oznacza chust\u0119. W ikonografii Ko\u015bcio\u0142a Wschodniego terminem tym okre\u015bla si\u0119 ikon\u0119, kt\u00f3rej zaginiony dzisiaj pierwowz\u00f3r powsta\u0142 poprzez odbicie twarzy Chrystusa na lnianej chu\u015bcie. Chusta ta \u2013 wed\u0142ug tradycji \u2013 dzi\u0119ki temu zyska\u0142a lecznicz\u0105 moc i uzdrowi\u0142a m. in. Abgara, kr\u00f3la Edessy. Zadziwiaj\u0105ce jest podobie\u0144stwo rys\u00f3w Chrystusa utrwalonych na najstarszych mandylionach malowanych w X wieku z Obliczem Boga z ca\u0142unu tury\u0144skiego. W Mandylionie ze wsi We\u0142ykie ko\u0142o Dobromila wida\u0107 twarz Chrystusa otoczon\u0105 nimbem krzy\u017cowym na pofa\u0142dowanej chu\u015bcie rozpi\u0119tej pomi\u0119dzy strojnie odzianymi archanio\u0142ami Micha\u0142em i Gabrielem. Przedstawienie twarzy Jezusa wype\u0142nia znaczn\u0105 cz\u0119\u015b\u0107 kowczegu (wg\u0142\u0119bienia) ikony. S\u0142owo kowczeg w j\u0119zyku starocerkiewnos\u0142owia\u0144skim oznacza ark\u0119 i w ten spos\u00f3b symbolicznie nawi\u0105zuje do starotestamentowej Arki Przymierza, kt\u00f3rej strzeg\u0142y dwa cheruby. Przedstawienie wyd\u0142u\u017conej w poziomie ikony Mandylionu umieszczane by\u0142o na pionowej osi ikonostasu w nad Carskimi Wrotami i symbolizowa\u0142o zawarcie Przymierza Boga z lud\u017ami i Odkupienie, a poniewa\u017c pierwotnie nie zosta\u0142o namalowane ludzk\u0105 r\u0119k\u0105, po grecku okre\u015blano je jako Acheropoietos, a po rusku Spas Nierukotwornyj. W ikonie z We\u0142ykiego krzy\u017cowy nimb Chrystusa jest z\u0142ocony i ozdobiony reliefow\u0105 dekoracj\u0105 spotykan\u0105 w zabytkach z XVI wieku. Ikona trafi\u0142a do zbior\u00f3w w 1945 roku z Ukrai\u0144skiego Muzeum \u201eStrywihor\u201d.<\/p>\n","protected":false},"excerpt":{"rendered":"<p>W j\u0119zyku greckim s\u0142owo mandylion oznacza chust\u0119. W ikonografii Ko\u015bcio\u0142a Wschodniego terminem tym okre\u015bla si\u0119 ikon\u0119, kt\u00f3rej zaginiony dzisiaj pierwowz\u00f3r powsta\u0142 poprzez odbicie twarzy Chrystusa na lnianej chu\u015bcie. Chusta ta \u2013 wed\u0142ug tradycji \u2013 dzi\u0119ki temu zyska\u0142a lecznicz\u0105 moc i uzdrowi\u0142a m. in. Abgara, kr\u00f3la Edessy. Zadziwiaj\u0105ce jest podobie\u0144stwo rys\u00f3w Chrystusa utrwalonych na najstarszych mandylionach [&hellip;]<\/p>\n","protected":false},"author":1,"featured_media":354,"parent":121,"menu_order":9,"comment_status":"closed","ping_status":"closed","template":"","meta":{"footnotes":""},"class_list":["post-241","page","type-page","status-publish","has-post-thumbnail","hentry"],"_links":{"self":[{"href":"https:\/\/mnzp-muzealnik.pl\/index.php\/wp-json\/wp\/v2\/pages\/241","targetHints":{"allow":["GET"]}}],"collection":[{"href":"https:\/\/mnzp-muzealnik.pl\/index.php\/wp-json\/wp\/v2\/pages"}],"about":[{"href":"https:\/\/mnzp-muzealnik.pl\/index.php\/wp-json\/wp\/v2\/types\/page"}],"author":[{"embeddable":true,"href":"https:\/\/mnzp-muzealnik.pl\/index.php\/wp-json\/wp\/v2\/users\/1"}],"replies":[{"embeddable":true,"href":"https:\/\/mnzp-muzealnik.pl\/index.php\/wp-json\/wp\/v2\/comments?post=241"}],"version-history":[{"count":2,"href":"https:\/\/mnzp-muzealnik.pl\/index.php\/wp-json\/wp\/v2\/pages\/241\/revisions"}],"predecessor-version":[{"id":356,"href":"https:\/\/mnzp-muzealnik.pl\/index.php\/wp-json\/wp\/v2\/pages\/241\/revisions\/356"}],"up":[{"embeddable":true,"href":"https:\/\/mnzp-muzealnik.pl\/index.php\/wp-json\/wp\/v2\/pages\/121"}],"wp:featuredmedia":[{"embeddable":true,"href":"https:\/\/mnzp-muzealnik.pl\/index.php\/wp-json\/wp\/v2\/media\/354"}],"wp:attachment":[{"href":"https:\/\/mnzp-muzealnik.pl\/index.php\/wp-json\/wp\/v2\/media?parent=241"}],"curies":[{"name":"wp","href":"https:\/\/api.w.org\/{rel}","templated":true}]}}