{"id":252,"date":"2025-10-19T21:12:54","date_gmt":"2025-10-19T19:12:54","guid":{"rendered":"https:\/\/mnzp-muzealnik.pl\/?page_id=252"},"modified":"2026-01-07T17:45:17","modified_gmt":"2026-01-07T16:45:17","slug":"rzezba-thomas-hutter-aniol","status":"publish","type":"page","link":"https:\/\/mnzp-muzealnik.pl\/index.php\/strona-glowna\/budynek-glowny-muzeum-narodowego-ziemi-przemyskiej\/credo-na-dwa-glosy\/rzezba-thomas-hutter-aniol\/","title":{"rendered":"Rze\u017aba Thomas Hutter \u201eAnio\u0142\u201d"},"content":{"rendered":"\n<p><strong>Thomas Hutter, rze\u017aba Anio\u0142 [MPS-4040, wystawa Credo]<\/strong><\/p>\n\n\n\n<p><strong>Thomas Hutter urodzi\u0142 si\u0119 w 1696 roku w Bawarii. Zmar\u0142 w 1745 roku. Rze\u017abiarz w 1718 roku przyby\u0142 do Polski. W kolejnych latach wykonywa\u0142 zlecenia dla ko\u015bcio\u0142\u00f3w oraz pa\u0142ac\u00f3w na terenie Ma\u0142opolski. Jego dzie\u0142a zosta\u0142y docenione a styl coraz bardziej rozpoznawalny. Wykona\u0142 zlecenia rze\u017abiarskie mi\u0119dzy innymi dla parafii w Sandomierzu, Tarnowie, Rzeszowie, Le\u017cajsku, w latach 1724-1733 w Przemy\u015blu, oraz we Lwowie. Artysta w 1736 roku wraz z \u017con\u0105 Ann\u0105 z domu Kowalsk\u0105 zamieszkali w Jaros\u0142awiu. Tu otworzy\u0142 warsztat rze\u017abiarski, kt\u00f3ry mie\u015bci\u0142 si\u0119 w Kamienicy Orsettich \u2013 obecnie siedziba Muzeum Narodowego w Jaros\u0142awiu. Anio\u0142 ze zbior\u00f3w Muzeum Narodowego Ziemi Przemyskiej, prawdopodobnie pochodzi z wystroju katedry przemyskiej z pocz\u0105tku lat trzydziestych XVIII wieku. W nast\u0119pnym wieku wystr\u00f3j ten zast\u0105piono obecny wyposa\u017ceniem w stylu neogotyckim. Anio\u0142 przypuszczalnie jest jedyn\u0105 rze\u017ab\u0105, jaka si\u0119 zachowa\u0142a. Rze\u017aba wykonana z drewna lipowego, pokryta polichromi\u0105 i z\u0142oceniem. W manierze p\u00f3\u017anobarokowej, przedstawia anio\u0142a z grupy gloryfikuj\u0105cej. Anio\u0142 o ch\u0142opi\u0119cych rysach twarzy, ukazany w pozycji kl\u0119cz\u0105cej. Niestety nie zachowa\u0142y si\u0119 jego skrzyd\u0142a i r\u0119ce. Rze\u017aba ma charakterystyczne cechy dla stylu Huttera takie jak: fizjonomia o grubszych rysach, du\u017ce i wyra\u017ane oczy, mi\u0119siste usta, spos\u00f3b rze\u017abienia w\u0142os\u00f3w czy uk\u0142adu fa\u0142d tkaniny.<\/strong><\/p>\n","protected":false},"excerpt":{"rendered":"<p>Thomas Hutter, rze\u017aba Anio\u0142 [MPS-4040, wystawa Credo] Thomas Hutter urodzi\u0142 si\u0119 w 1696 roku w Bawarii. Zmar\u0142 w 1745 roku. Rze\u017abiarz w 1718 roku przyby\u0142 do Polski. W kolejnych latach wykonywa\u0142 zlecenia dla ko\u015bcio\u0142\u00f3w oraz pa\u0142ac\u00f3w na terenie Ma\u0142opolski. Jego dzie\u0142a zosta\u0142y docenione a styl coraz bardziej rozpoznawalny. Wykona\u0142 zlecenia rze\u017abiarskie mi\u0119dzy innymi dla parafii [&hellip;]<\/p>\n","protected":false},"author":1,"featured_media":1200,"parent":121,"menu_order":15,"comment_status":"closed","ping_status":"closed","template":"","meta":{"footnotes":""},"class_list":["post-252","page","type-page","status-publish","has-post-thumbnail","hentry"],"_links":{"self":[{"href":"https:\/\/mnzp-muzealnik.pl\/index.php\/wp-json\/wp\/v2\/pages\/252","targetHints":{"allow":["GET"]}}],"collection":[{"href":"https:\/\/mnzp-muzealnik.pl\/index.php\/wp-json\/wp\/v2\/pages"}],"about":[{"href":"https:\/\/mnzp-muzealnik.pl\/index.php\/wp-json\/wp\/v2\/types\/page"}],"author":[{"embeddable":true,"href":"https:\/\/mnzp-muzealnik.pl\/index.php\/wp-json\/wp\/v2\/users\/1"}],"replies":[{"embeddable":true,"href":"https:\/\/mnzp-muzealnik.pl\/index.php\/wp-json\/wp\/v2\/comments?post=252"}],"version-history":[{"count":2,"href":"https:\/\/mnzp-muzealnik.pl\/index.php\/wp-json\/wp\/v2\/pages\/252\/revisions"}],"predecessor-version":[{"id":388,"href":"https:\/\/mnzp-muzealnik.pl\/index.php\/wp-json\/wp\/v2\/pages\/252\/revisions\/388"}],"up":[{"embeddable":true,"href":"https:\/\/mnzp-muzealnik.pl\/index.php\/wp-json\/wp\/v2\/pages\/121"}],"wp:featuredmedia":[{"embeddable":true,"href":"https:\/\/mnzp-muzealnik.pl\/index.php\/wp-json\/wp\/v2\/media\/1200"}],"wp:attachment":[{"href":"https:\/\/mnzp-muzealnik.pl\/index.php\/wp-json\/wp\/v2\/media?parent=252"}],"curies":[{"name":"wp","href":"https:\/\/api.w.org\/{rel}","templated":true}]}}