{"id":254,"date":"2025-10-19T21:13:05","date_gmt":"2025-10-19T19:13:05","guid":{"rendered":"https:\/\/mnzp-muzealnik.pl\/?page_id=254"},"modified":"2026-02-09T12:51:34","modified_gmt":"2026-02-09T11:51:34","slug":"obraz-koronacja-mb-z-dubiecka","status":"publish","type":"page","link":"https:\/\/mnzp-muzealnik.pl\/index.php\/strona-glowna\/budynek-glowny-muzeum-narodowego-ziemi-przemyskiej\/credo-na-dwa-glosy\/obraz-koronacja-mb-z-dubiecka\/","title":{"rendered":"Obraz \u201eKoronacja Matki Boskiej\u201d z Dubiecka"},"content":{"rendered":"\n<p><strong>Miko\u0142aj Tereinski , KORONACJA \/ APOTEOZA MATKI BOSKIEJ<\/strong><\/p>\n\n\n\n<p><strong>Skomplikowana ikonografia sprawia, \u017ce obrazowi Koronacja Matki Boskiej mo\u017cna r\u00f3wnie\u017c nada\u0107 tytu\u0142 Apoteoza Matki Boskiej Niepokalanie Pocz\u0119tej. Obraz podzielono na dwie strefy. W centrum dolnej, na wypuszczaj\u0105cym p\u0119dy pniu roz\u0142o\u017cystego drzewa, widoczna jest Maryja podtrzymywana przez rodzic\u00f3w, \u015bw. Joachima i \u015bw. Ann\u0119, stoj\u0105cych jego ga\u0142\u0119ziach. Maryja pod stopami ma p\u00f3\u0142ksi\u0119\u017cyc i g\u0142ow\u0119 w\u0119\u017ca. Po lewej, za \u015bw. Ann\u0105 widoczni s\u0105 Zachariasz i \u015bw. J\u00f3zef trzymaj\u0105cy w d\u0142oni rozkwit\u0142\u0105 r\u00f3\u017cd\u017ck\u0119, a po prawej, za \u015bw. Joachimem \u2013 \u015bw. El\u017cbieta Zachariaszowa. W g\u00f3rnej strefie przedstawiono w ob\u0142okach Tr\u00f3jc\u0119 \u015awi\u0119t\u0105, anio\u0142y nios\u0105ce krzy\u017c i putta. B\u00f3g Ojciec i Chrystus trzymaj\u0105 w d\u0142oniach kr\u00f3lewsk\u0105 koron\u0119 przeznaczon\u0105 dla Maryi. Wizerunek powsta\u0142 na zam\u00f3wienie Anny ze Starzechowskich Krasickiej, matki ksi\u0119cia poet\u00f3w, Ignacego Krasickiego, kt\u00f3ra w latach 1753-1755 fundowa\u0142a i wyposa\u017ca\u0142a ko\u015bci\u00f3\u0142 parafialny w Dubiecku. Tw\u00f3rca obrazu, Miko\u0142aj Tereinski (ok. 1718-1790), opr\u00f3cz dzia\u0142alno\u015bci artystycznej by\u0142 poczmistrzem kr\u00f3lewskim, a po utracie niepodleg\u0142o\u015bci zosta\u0142 unickim duchownym i parochem w Przekopanej. W rzeczywisto\u015bci Tereinski namalowa\u0142 dwa obrazy o tej samej ikonografii, ale w r\u00f3\u017cnych formatach. Oba zachowa\u0142y si\u0119. Jeden mniejszy \u2013 o\u0142tarzowy znajduje si\u0119 obecnie w ko\u015bciele p.w. \u015bw. Marcina w Krasiczynie, dok\u0105d zaw\u0119drowa\u0142 na pocz\u0105tku lat 70. XX wieku wraz z o\u0142tarzem z Dubiecka. Drugi by\u0142 nieco wi\u0119ksz\u0105 replik\u0105 przeznaczon\u0105 dla fundatorki do zamku Krasickich w Dubiecku i w 1968 roku zosta\u0142 przekazany do zbior\u00f3w MNZP.<\/strong><\/p>\n","protected":false},"excerpt":{"rendered":"<p>Miko\u0142aj Tereinski , KORONACJA \/ APOTEOZA MATKI BOSKIEJ Skomplikowana ikonografia sprawia, \u017ce obrazowi Koronacja Matki Boskiej mo\u017cna r\u00f3wnie\u017c nada\u0107 tytu\u0142 Apoteoza Matki Boskiej Niepokalanie Pocz\u0119tej. Obraz podzielono na dwie strefy. W centrum dolnej, na wypuszczaj\u0105cym p\u0119dy pniu roz\u0142o\u017cystego drzewa, widoczna jest Maryja podtrzymywana przez rodzic\u00f3w, \u015bw. Joachima i \u015bw. Ann\u0119, stoj\u0105cych jego ga\u0142\u0119ziach. Maryja pod [&hellip;]<\/p>\n","protected":false},"author":1,"featured_media":1246,"parent":121,"menu_order":16,"comment_status":"closed","ping_status":"closed","template":"","meta":{"footnotes":""},"class_list":["post-254","page","type-page","status-publish","has-post-thumbnail","hentry"],"_links":{"self":[{"href":"https:\/\/mnzp-muzealnik.pl\/index.php\/wp-json\/wp\/v2\/pages\/254","targetHints":{"allow":["GET"]}}],"collection":[{"href":"https:\/\/mnzp-muzealnik.pl\/index.php\/wp-json\/wp\/v2\/pages"}],"about":[{"href":"https:\/\/mnzp-muzealnik.pl\/index.php\/wp-json\/wp\/v2\/types\/page"}],"author":[{"embeddable":true,"href":"https:\/\/mnzp-muzealnik.pl\/index.php\/wp-json\/wp\/v2\/users\/1"}],"replies":[{"embeddable":true,"href":"https:\/\/mnzp-muzealnik.pl\/index.php\/wp-json\/wp\/v2\/comments?post=254"}],"version-history":[{"count":2,"href":"https:\/\/mnzp-muzealnik.pl\/index.php\/wp-json\/wp\/v2\/pages\/254\/revisions"}],"predecessor-version":[{"id":378,"href":"https:\/\/mnzp-muzealnik.pl\/index.php\/wp-json\/wp\/v2\/pages\/254\/revisions\/378"}],"up":[{"embeddable":true,"href":"https:\/\/mnzp-muzealnik.pl\/index.php\/wp-json\/wp\/v2\/pages\/121"}],"wp:featuredmedia":[{"embeddable":true,"href":"https:\/\/mnzp-muzealnik.pl\/index.php\/wp-json\/wp\/v2\/media\/1246"}],"wp:attachment":[{"href":"https:\/\/mnzp-muzealnik.pl\/index.php\/wp-json\/wp\/v2\/media?parent=254"}],"curies":[{"name":"wp","href":"https:\/\/api.w.org\/{rel}","templated":true}]}}