{"id":262,"date":"2025-10-19T21:13:54","date_gmt":"2025-10-19T19:13:54","guid":{"rendered":"https:\/\/mnzp-muzealnik.pl\/?page_id=262"},"modified":"2026-01-07T17:52:05","modified_gmt":"2026-01-07T16:52:05","slug":"chrzcielnica","status":"publish","type":"page","link":"https:\/\/mnzp-muzealnik.pl\/index.php\/strona-glowna\/budynek-glowny-muzeum-narodowego-ziemi-przemyskiej\/credo-na-dwa-glosy\/chrzcielnica\/","title":{"rendered":"Kropielnica"},"content":{"rendered":"\n<p><strong>Kropielnica [MPS-11915, wystawa Credo]<\/strong><\/p>\n\n\n\n<p><strong>Kropielnica z oko\u0142o 1581 roku, z ko\u015bcio\u0142a w \u017burawicy. Wyrze\u017abiona z wapienia, na jej czaszy i na podstawie zachowa\u0142y si\u0119 \u015blady polichromii. Kropielnica bu\u0142a pierwotnie chrzcielnic\u0105, fundowan\u0105 przez Sebastiana Lubomirskiego i jego \u017con\u0119 Ann\u0119 z Branickich w 1581 roku, jako cz\u0119\u015b\u0107 wyposa\u017cenia drewnianego ko\u015bcio\u0142a w \u017burawicy \u2013 r\u00f3wnie\u017c ich fundacji. Ko\u015bci\u00f3\u0142 dzi\u015b ju\u017c nie istnieje. Kropielnica pochodzi z dawnych zbior\u00f3w muzeum. Na czaszy kropielnicy, biegunowo w stosunku do siebie, umieszczone s\u0105 dwa herby w manierystycznych, ozdobnych kartuszach, zdobionych ornamentem zawijanym. Po lewej umieszczony jest czterodzielny herb Sebastiana Lubomirskiego. W lewym g\u00f3rnym polu umieszczono herb Szreniawa odmiany Lubomirski, ni\u017cej prawdopodobnie herb matki Sebastiana &#8211; Barbary Hrussoy de Zablath &#8211; ouroboros &#8211; smok po\u0142ykaj\u0105cy w\u0142asny ogon, po prawej stronie u g\u00f3ry tarczy umieszczono herb Odrow\u0105\u017c. Ni\u017cej herb Leliwa. Po prawej stronie czaszy znajduje si\u0119 herb Anny z Branickich Lubomirskiej &#8211; Gryf. Spo\u015br\u00f3d wszystkich herb\u00f3w umieszczonych w dw\u00f3ch tarczach najbardziej interesuj\u0105cy jest ten, nale\u017c\u0105cy do matki Sebastiana &#8211; by\u0107 mo\u017ce z pochodzenia W\u0119gierki. Herb ze smokiem po\u0142ykaj\u0105cego w\u0142asny ogon, dawniej reprezentowa\u0142 Zakon Smoka za\u0142o\u017conego w 1408 przez kr\u00f3la W\u0119gier Zygmunta Luksemburczyka. Z czasem ouroboros przeszed\u0142 do heraldyki w\u0119gierskiej.<\/strong><\/p>\n","protected":false},"excerpt":{"rendered":"<p>Kropielnica [MPS-11915, wystawa Credo] Kropielnica z oko\u0142o 1581 roku, z ko\u015bcio\u0142a w \u017burawicy. Wyrze\u017abiona z wapienia, na jej czaszy i na podstawie zachowa\u0142y si\u0119 \u015blady polichromii. Kropielnica bu\u0142a pierwotnie chrzcielnic\u0105, fundowan\u0105 przez Sebastiana Lubomirskiego i jego \u017con\u0119 Ann\u0119 z Branickich w 1581 roku, jako cz\u0119\u015b\u0107 wyposa\u017cenia drewnianego ko\u015bcio\u0142a w \u017burawicy \u2013 r\u00f3wnie\u017c ich fundacji. Ko\u015bci\u00f3\u0142 [&hellip;]<\/p>\n","protected":false},"author":1,"featured_media":1204,"parent":121,"menu_order":20,"comment_status":"closed","ping_status":"closed","template":"","meta":{"footnotes":""},"class_list":["post-262","page","type-page","status-publish","has-post-thumbnail","hentry"],"_links":{"self":[{"href":"https:\/\/mnzp-muzealnik.pl\/index.php\/wp-json\/wp\/v2\/pages\/262","targetHints":{"allow":["GET"]}}],"collection":[{"href":"https:\/\/mnzp-muzealnik.pl\/index.php\/wp-json\/wp\/v2\/pages"}],"about":[{"href":"https:\/\/mnzp-muzealnik.pl\/index.php\/wp-json\/wp\/v2\/types\/page"}],"author":[{"embeddable":true,"href":"https:\/\/mnzp-muzealnik.pl\/index.php\/wp-json\/wp\/v2\/users\/1"}],"replies":[{"embeddable":true,"href":"https:\/\/mnzp-muzealnik.pl\/index.php\/wp-json\/wp\/v2\/comments?post=262"}],"version-history":[{"count":3,"href":"https:\/\/mnzp-muzealnik.pl\/index.php\/wp-json\/wp\/v2\/pages\/262\/revisions"}],"predecessor-version":[{"id":1205,"href":"https:\/\/mnzp-muzealnik.pl\/index.php\/wp-json\/wp\/v2\/pages\/262\/revisions\/1205"}],"up":[{"embeddable":true,"href":"https:\/\/mnzp-muzealnik.pl\/index.php\/wp-json\/wp\/v2\/pages\/121"}],"wp:featuredmedia":[{"embeddable":true,"href":"https:\/\/mnzp-muzealnik.pl\/index.php\/wp-json\/wp\/v2\/media\/1204"}],"wp:attachment":[{"href":"https:\/\/mnzp-muzealnik.pl\/index.php\/wp-json\/wp\/v2\/media?parent=262"}],"curies":[{"name":"wp","href":"https:\/\/api.w.org\/{rel}","templated":true}]}}