{"id":264,"date":"2025-10-19T21:14:04","date_gmt":"2025-10-19T19:14:04","guid":{"rendered":"https:\/\/mnzp-muzealnik.pl\/?page_id=264"},"modified":"2025-10-20T20:30:44","modified_gmt":"2025-10-20T18:30:44","slug":"epimanikium-z-serafinem","status":"publish","type":"page","link":"https:\/\/mnzp-muzealnik.pl\/index.php\/strona-glowna\/budynek-glowny-muzeum-narodowego-ziemi-przemyskiej\/credo-na-dwa-glosy\/epimanikium-z-serafinem\/","title":{"rendered":"Epimanikium z serafinem"},"content":{"rendered":"\n<p>Epimanikia inaczej nar\u0119kawniki s\u0105 elementami stroju liturgicznego noszonego przez duchownego w ko\u015bciele obrz\u0105dku wschodniego. Nak\u0142ada si\u0119 je na ko\u0144ce r\u0119kaw\u00f3w sticharionu (inaczej alby). Prezentowane epimanikium posiada par\u0119, powsta\u0142y w pierwszej po\u0142owie XVIII wieku, pochodz\u0105 z dawnej katedry greckokatolickiej eparchii przemyskiej. Zabytki trafi\u0142y do zbior\u00f3w muzeum po II wojnie \u015bwiatowej, przekazane przez oo. karmelit\u00f3w bosych w Przemy\u015blu. Szaty liturgiczne oraz elementy stroju (paramenty) w ko\u015bciele katolickim maj\u0105 okre\u015blony porz\u0105dek i symboliczne znaczenie. Epimanikia symbolizuj\u0105 moc bo\u017c\u0105, kt\u00f3ra otacza \u201e\u017co\u0142nierza chrystusowego\u201d. Nawi\u0105zuj\u0105 tak\u017ce do kajdan za\u0142o\u017conych Jezusowi w czasie niewoli. Prezentowane epimanikium koloru karminowego, stanowi\u0142o komplet do szat w tym samym kolorze u\u017cywanych podczas najwa\u017cniejszych \u015bwi\u0105t i uroczysto\u015bci. Epimanikium o bogatym zdobieniu, uszyte z jedwabiu, z haftem na podk\u0142adzie wykonanym metalowymi ni\u0107mi koloru srebrno-z\u0142otego. Na \u015brodku wizerunek serafina &#8211; anio\u0142 z trzema parami skrzyde\u0142. G\u0142owa wypuk\u0142a, wykonana z utwardzonego wosku, twarz namalowana farbami. G\u0142ow\u0119 otacza aureola. Para epimanikium przesz\u0142a gruntown\u0105 renowacj\u0119.<\/p>\n\n\n\n<p>Warsztat nieznany, epimanikium z serafinem, pierwsza po\u0142owa XVIII wieku, prawdopodobnie Polska, haft, szycie r\u0119czne, aplikacja z wosku utwardzona malatur\u0105, jedwab, p\u0142\u00f3tno, galon, mosi\u0105dz. Wymiary: d\u0142ugo\u015b\u0107 19 cm, szeroko\u015b\u0107 31 cm. Zbiory Muzeum Narodowego Ziemi Przemyskiej w Przemy\u015blu. Roz\u0142o\u017cone epimanikium ma kszta\u0142t trapezu. Na wierzchu jest tkanina jedwabna g\u0142adka z po\u0142yskiem koloru czerwonego. Na \u015brodku znajduje si\u0119 haft, kt\u00f3ry przedstawia serafina, czyli anio\u0142a z trzema parami skrzyde\u0142. G\u0142owa serafina jest wypuk\u0142a, wykonana z utwardzonego wosku. Twarz namalowana farbami. G\u0142ow\u0119 otacza aureola. Haft ma wypuk\u0142\u0105 struktur\u0119 przypominaj\u0105c\u0105 relief, wykonany jest metalowymi ni\u0107mi koloru z\u0142otego. Po obu stronach serafina dekoracja z po\u0142amanych pas\u00f3w po\u0142\u0105czonych z pozawijanymi ro\u015blinnymi motywami. Na kraw\u0119dziach epimanikium naszyty galon, czyli ta\u015bma utkana z metalowych nici. Na bocznych kraw\u0119dziach metalowe k\u00f3\u0142eczka s\u0142u\u017c\u0105ce do przewleczenia wst\u0105\u017cki wi\u0105\u017c\u0105cej epimanikium wok\u00f3\u0142 r\u0119ki. Epimanikia inaczej nar\u0119kawniki wyst\u0119puj\u0105 jako para, s\u0105 elementami stroju liturgicznego noszonego przez duchownego w ko\u015bciele greckokatolickim. Prezentowane epimanikium r\u00f3wnie\u017c posiada par\u0119. Maj\u0105 bogat\u0105 dekoracj\u0119, s\u0105 najpi\u0119kniejszymi egzemplarzami w zbiorach muzeum. Pochodz\u0105 z dawnej katedry greckokatolickiej w Przemy\u015blu.<\/p>\n","protected":false},"excerpt":{"rendered":"<p>Epimanikia inaczej nar\u0119kawniki s\u0105 elementami stroju liturgicznego noszonego przez duchownego w ko\u015bciele obrz\u0105dku wschodniego. Nak\u0142ada si\u0119 je na ko\u0144ce r\u0119kaw\u00f3w sticharionu (inaczej alby). Prezentowane epimanikium posiada par\u0119, powsta\u0142y w pierwszej po\u0142owie XVIII wieku, pochodz\u0105 z dawnej katedry greckokatolickiej eparchii przemyskiej. Zabytki trafi\u0142y do zbior\u00f3w muzeum po II wojnie \u015bwiatowej, przekazane przez oo. karmelit\u00f3w bosych w [&hellip;]<\/p>\n","protected":false},"author":1,"featured_media":337,"parent":121,"menu_order":21,"comment_status":"closed","ping_status":"closed","template":"","meta":{"footnotes":""},"class_list":["post-264","page","type-page","status-publish","has-post-thumbnail","hentry"],"_links":{"self":[{"href":"https:\/\/mnzp-muzealnik.pl\/index.php\/wp-json\/wp\/v2\/pages\/264","targetHints":{"allow":["GET"]}}],"collection":[{"href":"https:\/\/mnzp-muzealnik.pl\/index.php\/wp-json\/wp\/v2\/pages"}],"about":[{"href":"https:\/\/mnzp-muzealnik.pl\/index.php\/wp-json\/wp\/v2\/types\/page"}],"author":[{"embeddable":true,"href":"https:\/\/mnzp-muzealnik.pl\/index.php\/wp-json\/wp\/v2\/users\/1"}],"replies":[{"embeddable":true,"href":"https:\/\/mnzp-muzealnik.pl\/index.php\/wp-json\/wp\/v2\/comments?post=264"}],"version-history":[{"count":2,"href":"https:\/\/mnzp-muzealnik.pl\/index.php\/wp-json\/wp\/v2\/pages\/264\/revisions"}],"predecessor-version":[{"id":336,"href":"https:\/\/mnzp-muzealnik.pl\/index.php\/wp-json\/wp\/v2\/pages\/264\/revisions\/336"}],"up":[{"embeddable":true,"href":"https:\/\/mnzp-muzealnik.pl\/index.php\/wp-json\/wp\/v2\/pages\/121"}],"wp:featuredmedia":[{"embeddable":true,"href":"https:\/\/mnzp-muzealnik.pl\/index.php\/wp-json\/wp\/v2\/media\/337"}],"wp:attachment":[{"href":"https:\/\/mnzp-muzealnik.pl\/index.php\/wp-json\/wp\/v2\/media?parent=264"}],"curies":[{"name":"wp","href":"https:\/\/api.w.org\/{rel}","templated":true}]}}