{"id":268,"date":"2025-10-19T21:14:24","date_gmt":"2025-10-19T19:14:24","guid":{"rendered":"https:\/\/mnzp-muzealnik.pl\/?page_id=268"},"modified":"2026-02-09T12:49:59","modified_gmt":"2026-02-09T11:49:59","slug":"cyborium","status":"publish","type":"page","link":"https:\/\/mnzp-muzealnik.pl\/index.php\/strona-glowna\/budynek-glowny-muzeum-narodowego-ziemi-przemyskiej\/credo-na-dwa-glosy\/cyborium\/","title":{"rendered":"Cyborium"},"content":{"rendered":"\n<p><strong>Cyborium to puszka do przechowywania Naj\u015bwi\u0119tszego Sakramentu, konkretnie konsekrowanych hostii. O wymiarach 33 cm wysoko\u015bci, \u015brednica stopy 14,2 cm, puszka inaczej czara oraz pokrywy o \u015brednicy 14,3 cm. W historii przybiera\u0142a r\u00f3\u017cne kszta\u0142ty, ale co najmniej od czas\u00f3w baroku wyst\u0119puje w formie du\u017cego kielicha z nakryw\u0105. Puszki na komunikanty, podobnie jak i inne naczynia liturgiczne, odzwierciedla\u0142y w swojej formie i sposobie zdobienia \u00f3wczesne style obowi\u0105zuj\u0105ce r\u00f3wnie\u017c w z\u0142otnictwie. Ze wzgl\u0119du na kontakt z Naj\u015bwi\u0119tszym Sakramentem cyboria musia\u0142y by\u0107 wykonywane z trwa\u0142ych i szlachetnych materia\u0142\u00f3w. Najcz\u0119\u015bciej by\u0142y to metale szlachetne, g\u0142\u00f3wnie srebro, ale zawsze z\u0142ocone, przynajmniej wewn\u0105trz. Prezentowane cyborium fundacji Stanis\u0142awa Ossoli\u0144skiego dla parafii w Ko\u017cuchowie wyr\u00f3\u017cnia si\u0119 klasyczn\u0105 form\u0105, skromn\u0105 dekoracj\u0105 i dobrymi proporcjami stanowi\u0105c interesuj\u0105cy przyk\u0142ad wyrobu z\u0142otniczego z pocz\u0105tku XIX wieku. Prawdopodobnie zosta\u0142a wykonana w technice plateru tzn. z miedzianej blachy z wprasowan\u0105 warstw\u0105 srebra, opracowywanej p\u00f3\u017aniej jak wyroby ze srerba.<\/strong><\/p>\n","protected":false},"excerpt":{"rendered":"<p>Cyborium to puszka do przechowywania Naj\u015bwi\u0119tszego Sakramentu, konkretnie konsekrowanych hostii. O wymiarach 33 cm wysoko\u015bci, \u015brednica stopy 14,2 cm, puszka inaczej czara oraz pokrywy o \u015brednicy 14,3 cm. W historii przybiera\u0142a r\u00f3\u017cne kszta\u0142ty, ale co najmniej od czas\u00f3w baroku wyst\u0119puje w formie du\u017cego kielicha z nakryw\u0105. Puszki na komunikanty, podobnie jak i inne naczynia liturgiczne, [&hellip;]<\/p>\n","protected":false},"author":1,"featured_media":1244,"parent":121,"menu_order":25,"comment_status":"closed","ping_status":"closed","template":"","meta":{"footnotes":""},"class_list":["post-268","page","type-page","status-publish","has-post-thumbnail","hentry"],"_links":{"self":[{"href":"https:\/\/mnzp-muzealnik.pl\/index.php\/wp-json\/wp\/v2\/pages\/268","targetHints":{"allow":["GET"]}}],"collection":[{"href":"https:\/\/mnzp-muzealnik.pl\/index.php\/wp-json\/wp\/v2\/pages"}],"about":[{"href":"https:\/\/mnzp-muzealnik.pl\/index.php\/wp-json\/wp\/v2\/types\/page"}],"author":[{"embeddable":true,"href":"https:\/\/mnzp-muzealnik.pl\/index.php\/wp-json\/wp\/v2\/users\/1"}],"replies":[{"embeddable":true,"href":"https:\/\/mnzp-muzealnik.pl\/index.php\/wp-json\/wp\/v2\/comments?post=268"}],"version-history":[{"count":3,"href":"https:\/\/mnzp-muzealnik.pl\/index.php\/wp-json\/wp\/v2\/pages\/268\/revisions"}],"predecessor-version":[{"id":325,"href":"https:\/\/mnzp-muzealnik.pl\/index.php\/wp-json\/wp\/v2\/pages\/268\/revisions\/325"}],"up":[{"embeddable":true,"href":"https:\/\/mnzp-muzealnik.pl\/index.php\/wp-json\/wp\/v2\/pages\/121"}],"wp:featuredmedia":[{"embeddable":true,"href":"https:\/\/mnzp-muzealnik.pl\/index.php\/wp-json\/wp\/v2\/media\/1244"}],"wp:attachment":[{"href":"https:\/\/mnzp-muzealnik.pl\/index.php\/wp-json\/wp\/v2\/media?parent=268"}],"curies":[{"name":"wp","href":"https:\/\/api.w.org\/{rel}","templated":true}]}}