{"id":389,"date":"2025-10-20T19:47:48","date_gmt":"2025-10-20T17:47:48","guid":{"rendered":"https:\/\/mnzp-muzealnik.pl\/?page_id=389"},"modified":"2026-01-07T17:46:32","modified_gmt":"2026-01-07T16:46:32","slug":"thomas-hutters-sculpture-angel","status":"publish","type":"page","link":"https:\/\/mnzp-muzealnik.pl\/index.php\/en\/main-page\/the-main-building-of-the-national-museum-of-the-przemysl-region-2\/credo-for-two-voices\/thomas-hutters-sculpture-angel\/","title":{"rendered":"Thomas Hutter&#8217;s sculpture &#8222;Angel&#8221;"},"content":{"rendered":"\n<p>Thomas Hutter, sculpture Angel [MPS-4040, Credo exhibition]<\/p>\n\n\n\n<p>Thomas Hutter was born in Bavaria in 1696 and died in 1745. The sculptor came to Poland in 1718. In the following years, he completed commissions for churches and palaces in the Ma\u0142opolska region. His works were appreciated, and his style became increasingly recognizable. He completed sculptural commissions for parishes in Sandomierz, Tarn\u00f3w, Rzesz\u00f3w, Le\u017cajsk, Przemy\u015bl (1724-1733), and Lviv, among others. In 1736, the artist and his wife, Anna (n\u00e9e Kowalska), settled in Jaros\u0142aw. There, he opened a sculpting workshop located in the Orsetti Tenement House \u2013 currently the seat of the National Museum in Jaros\u0142aw. The angel, from the collection of the National Museum of the Przemy\u015bl Region, likely comes from the interior design of Przemy\u015bl Cathedral from the early 1730s. In the following century, this interior design was replaced by the current neo-Gothic furnishings. The angel is likely the only surviving sculpture. The sculpture is made of linden wood, covered with polychrome and gilding. In a late Baroque style, it depicts an angel from a glorifying group. The angel has boyish facial features, shown kneeling. Unfortunately, his wings and arms have not survived. The sculpture displays characteristic features of Hutter&#8217;s style, such as a physiognomy with coarser features, large and expressive eyes, a fleshy mouth, the carving of the hair, and the arrangement of the fabric folds.<\/p>\n","protected":false},"excerpt":{"rendered":"<p>Thomas Hutter, sculpture Angel [MPS-4040, Credo exhibition] Thomas Hutter was born in Bavaria in 1696 and died in 1745. The sculptor came to Poland in 1718. In the following years, he completed commissions for churches and palaces in the Ma\u0142opolska region. His works were appreciated, and his style became increasingly recognizable. He completed sculptural commissions [&hellip;]<\/p>\n","protected":false},"author":1,"featured_media":1201,"parent":306,"menu_order":15,"comment_status":"closed","ping_status":"closed","template":"","meta":{"footnotes":""},"class_list":["post-389","page","type-page","status-publish","has-post-thumbnail","hentry"],"_links":{"self":[{"href":"https:\/\/mnzp-muzealnik.pl\/index.php\/wp-json\/wp\/v2\/pages\/389","targetHints":{"allow":["GET"]}}],"collection":[{"href":"https:\/\/mnzp-muzealnik.pl\/index.php\/wp-json\/wp\/v2\/pages"}],"about":[{"href":"https:\/\/mnzp-muzealnik.pl\/index.php\/wp-json\/wp\/v2\/types\/page"}],"author":[{"embeddable":true,"href":"https:\/\/mnzp-muzealnik.pl\/index.php\/wp-json\/wp\/v2\/users\/1"}],"replies":[{"embeddable":true,"href":"https:\/\/mnzp-muzealnik.pl\/index.php\/wp-json\/wp\/v2\/comments?post=389"}],"version-history":[{"count":1,"href":"https:\/\/mnzp-muzealnik.pl\/index.php\/wp-json\/wp\/v2\/pages\/389\/revisions"}],"predecessor-version":[{"id":390,"href":"https:\/\/mnzp-muzealnik.pl\/index.php\/wp-json\/wp\/v2\/pages\/389\/revisions\/390"}],"up":[{"embeddable":true,"href":"https:\/\/mnzp-muzealnik.pl\/index.php\/wp-json\/wp\/v2\/pages\/306"}],"wp:featuredmedia":[{"embeddable":true,"href":"https:\/\/mnzp-muzealnik.pl\/index.php\/wp-json\/wp\/v2\/media\/1201"}],"wp:attachment":[{"href":"https:\/\/mnzp-muzealnik.pl\/index.php\/wp-json\/wp\/v2\/media?parent=389"}],"curies":[{"name":"wp","href":"https:\/\/api.w.org\/{rel}","templated":true}]}}