{"id":393,"date":"2025-10-20T19:54:46","date_gmt":"2025-10-20T17:54:46","guid":{"rendered":"https:\/\/mnzp-muzealnik.pl\/?page_id=393"},"modified":"2025-10-20T20:35:40","modified_gmt":"2025-10-20T18:35:40","slug":"dzban-ceramika-huculska","status":"publish","type":"page","link":"https:\/\/mnzp-muzealnik.pl\/index.php\/strona-glowna\/budynek-glowny-muzeum-narodowego-ziemi-przemyskiej\/huculskie-skarby\/dzban-ceramika-huculska\/","title":{"rendered":"Dzban (ceramika huculska)"},"content":{"rendered":"\n<p>Dzban gliniany o wysoko\u015bci 30 cm. Wykonany prawdopodobnie przez Aleksandra Bachmi\u0144skiego z Kosowa. Powsta\u0142 przypuszczalnie pod koniec XIX wieku. W zbiorach Muzeum Narodowe Ziemi Przemyskiej. Dzban nale\u017cy do cenionej i poszukiwanej ceramiki pokuckiej. Ceramik\u0119 huculsk\u0105 powszechnie nazywa si\u0119 pokuck\u0105, od miejsca jej wytwarzania \u2013 regionu Pokucie we wschodnich Karpatach. Do g\u0142\u00f3wnych o\u015brodk\u00f3w ceramicznych nale\u017ca\u0142y: Kuty, Pisty\u0144, Ko\u0142omyja i Kos\u00f3w. Dzban jest bia\u0142y i ca\u0142y ozdobiony kwiatami i figurami geometrycznym w uk\u0142adzie poziomych pas\u00f3w. Sk\u0142ada si\u0119 z okr\u0105g\u0142ej podstawy, p\u0119katego brzu\u015bca i szyjki z wylewem. Zosta\u0142 wykonany zgodnie z procesem technologicznym garncarzy huculskich, czyli po odpowiednim przygotowaniu gliny \u017celazistej uformowano na kole garncarskim naczynie. Po przeschni\u0119ciu na\u0142o\u017cono warstw\u0119 pobia\u0142ki imituj\u0105cej naczynia fajansowe. Kiedy podk\u0142ad st\u0119\u017ca\u0142 wykonano poprzez rytowanie motyw zdobniczy. Pomalowano go w kilku typowych dla ceramiki huculskiej kolor\u00f3w: \u017c\u00f3\u0142tym, br\u0105zowym i zielonym, w ko\u0144cu na\u0142o\u017cono szkliwo o\u0142owiowe i dzban wypalano. Dzban to przedmiot codziennego u\u017cytku do przechowywania i podawania r\u00f3\u017cnych p\u0142yn\u00f3w, ale r\u00f3wnie\u017c dekoracyjny. Na powierzchni brzu\u015bca znajduje si\u0119 regularny motyw kwiatowy: o\u015bmiop\u0142atkowe br\u0105zowo-\u017c\u00f3\u0142to-zielone kwiaty oraz kielichowate kwiaty z br\u0105zowymi i zielonymi li\u015b\u0107mi, z g\u00f3ry i od do\u0142u tego ornamentu znajduje si\u0119 cienka br\u0105zowa linia. Do brzu\u015bca przymocowana jest szyjka bogato zdobiona regularnie powtarzaj\u0105cymi si\u0119 sze\u015bciop\u0142atkowymi kwiatami oraz dzwonkowatymi kwiatami zako\u0144czonymi od g\u00f3ry br\u0105zowymi \u0142ukami. Pod szyjk\u0105 jest pas br\u0105zowych i zielonych z\u0105bk\u00f3w oraz tr\u00f3jk\u0105t\u00f3w. W po\u0142owie brzu\u015bca i pod wylewem umocowany uchwyt. Na kraw\u0119dzi wylewu wymodelowany dziobek. Powierzchnia pod wylewem w kolorze zielonym z motywem drobnej kratki. Podstawa dzbanka zdobiona geometrycznymi i kwiatowymi wzorami. \u015arednica wylewu zbli\u017cona do \u015brednicy podstawy.<\/p>\n","protected":false},"excerpt":{"rendered":"<p>Dzban gliniany o wysoko\u015bci 30 cm. Wykonany prawdopodobnie przez Aleksandra Bachmi\u0144skiego z Kosowa. Powsta\u0142 przypuszczalnie pod koniec XIX wieku. W zbiorach Muzeum Narodowe Ziemi Przemyskiej. Dzban nale\u017cy do cenionej i poszukiwanej ceramiki pokuckiej. Ceramik\u0119 huculsk\u0105 powszechnie nazywa si\u0119 pokuck\u0105, od miejsca jej wytwarzania \u2013 regionu Pokucie we wschodnich Karpatach. Do g\u0142\u00f3wnych o\u015brodk\u00f3w ceramicznych nale\u017ca\u0142y: Kuty, [&hellip;]<\/p>\n","protected":false},"author":1,"featured_media":394,"parent":128,"menu_order":65,"comment_status":"closed","ping_status":"closed","template":"","meta":{"footnotes":""},"class_list":["post-393","page","type-page","status-publish","has-post-thumbnail","hentry"],"_links":{"self":[{"href":"https:\/\/mnzp-muzealnik.pl\/index.php\/wp-json\/wp\/v2\/pages\/393","targetHints":{"allow":["GET"]}}],"collection":[{"href":"https:\/\/mnzp-muzealnik.pl\/index.php\/wp-json\/wp\/v2\/pages"}],"about":[{"href":"https:\/\/mnzp-muzealnik.pl\/index.php\/wp-json\/wp\/v2\/types\/page"}],"author":[{"embeddable":true,"href":"https:\/\/mnzp-muzealnik.pl\/index.php\/wp-json\/wp\/v2\/users\/1"}],"replies":[{"embeddable":true,"href":"https:\/\/mnzp-muzealnik.pl\/index.php\/wp-json\/wp\/v2\/comments?post=393"}],"version-history":[{"count":1,"href":"https:\/\/mnzp-muzealnik.pl\/index.php\/wp-json\/wp\/v2\/pages\/393\/revisions"}],"predecessor-version":[{"id":395,"href":"https:\/\/mnzp-muzealnik.pl\/index.php\/wp-json\/wp\/v2\/pages\/393\/revisions\/395"}],"up":[{"embeddable":true,"href":"https:\/\/mnzp-muzealnik.pl\/index.php\/wp-json\/wp\/v2\/pages\/128"}],"wp:featuredmedia":[{"embeddable":true,"href":"https:\/\/mnzp-muzealnik.pl\/index.php\/wp-json\/wp\/v2\/media\/394"}],"wp:attachment":[{"href":"https:\/\/mnzp-muzealnik.pl\/index.php\/wp-json\/wp\/v2\/media?parent=393"}],"curies":[{"name":"wp","href":"https:\/\/api.w.org\/{rel}","templated":true}]}}