{"id":402,"date":"2025-10-20T20:02:27","date_gmt":"2025-10-20T18:02:27","guid":{"rendered":"https:\/\/mnzp-muzealnik.pl\/?page_id=402"},"modified":"2026-02-09T12:59:24","modified_gmt":"2026-02-09T11:59:24","slug":"krzyz-benedykcjonal","status":"publish","type":"page","link":"https:\/\/mnzp-muzealnik.pl\/index.php\/strona-glowna\/budynek-glowny-muzeum-narodowego-ziemi-przemyskiej\/huculskie-skarby\/krzyz-benedykcjonal\/","title":{"rendered":"Krzy\u017c \u2013 benedykcjona\u0142"},"content":{"rendered":"\n<p>Huculski krzy\u017c \u2013 o wysoko\u015bci 32 cm, wykonany z drewna, w br\u0105zowym kolorze. Krzy\u017c jest datowany na koniec XVIII lub pocz\u0105tek XIX wieku. Sk\u0142ada si\u0119 z trzech ramion i r\u0105czki. Krzy\u017c s\u0142u\u017cy\u0142 do b\u0142ogos\u0142awie\u0144stwa. W zbiorach Muzeum Narodowe Ziemi Przemyskiej. Wyr\u00f3\u017cnikiem krzy\u017ca jest dwukrotna figura Chrystusa. U g\u00f3ry znajduje si\u0119 mosi\u0119\u017cny odlew Ukrzy\u017cowanego, a poni\u017cej wyrze\u017abiona posta\u0107 rozci\u0105gni\u0119tego na krzy\u017cu Jezusa. Krzy\u017c jest bogato zdobiony ornamentyk\u0105 snycersk\u0105. Ornament z\u0142o\u017cony z szeregu niewielkich tr\u00f3jk\u0105t\u00f3w wype\u0142nia ca\u0142\u0105 powierzchni\u0119 krzy\u017ca. Na pierwszym i trzecim ramieniu krzy\u017ca wyrze\u017abione s\u0105 g\u0142owy anio\u0142k\u00f3w ze skrzyd\u0142ami. Na \u015brodkowym ramieniu obok r\u0105k wyrze\u017abionego Chrystusa s\u0105 dwie postacie. Krzy\u017c stanowi przyk\u0142ad ludowej sztuki sakralnej Huculszczyzny.<\/p>\n","protected":false},"excerpt":{"rendered":"<p>Huculski krzy\u017c \u2013 o wysoko\u015bci 32 cm, wykonany z drewna, w br\u0105zowym kolorze. Krzy\u017c jest datowany na koniec XVIII lub pocz\u0105tek XIX wieku. Sk\u0142ada si\u0119 z trzech ramion i r\u0105czki. Krzy\u017c s\u0142u\u017cy\u0142 do b\u0142ogos\u0142awie\u0144stwa. W zbiorach Muzeum Narodowe Ziemi Przemyskiej. Wyr\u00f3\u017cnikiem krzy\u017ca jest dwukrotna figura Chrystusa. U g\u00f3ry znajduje si\u0119 mosi\u0119\u017cny odlew Ukrzy\u017cowanego, a poni\u017cej [&hellip;]<\/p>\n","protected":false},"author":1,"featured_media":1258,"parent":128,"menu_order":67,"comment_status":"closed","ping_status":"closed","template":"","meta":{"footnotes":""},"class_list":["post-402","page","type-page","status-publish","has-post-thumbnail","hentry"],"_links":{"self":[{"href":"https:\/\/mnzp-muzealnik.pl\/index.php\/wp-json\/wp\/v2\/pages\/402","targetHints":{"allow":["GET"]}}],"collection":[{"href":"https:\/\/mnzp-muzealnik.pl\/index.php\/wp-json\/wp\/v2\/pages"}],"about":[{"href":"https:\/\/mnzp-muzealnik.pl\/index.php\/wp-json\/wp\/v2\/types\/page"}],"author":[{"embeddable":true,"href":"https:\/\/mnzp-muzealnik.pl\/index.php\/wp-json\/wp\/v2\/users\/1"}],"replies":[{"embeddable":true,"href":"https:\/\/mnzp-muzealnik.pl\/index.php\/wp-json\/wp\/v2\/comments?post=402"}],"version-history":[{"count":1,"href":"https:\/\/mnzp-muzealnik.pl\/index.php\/wp-json\/wp\/v2\/pages\/402\/revisions"}],"predecessor-version":[{"id":403,"href":"https:\/\/mnzp-muzealnik.pl\/index.php\/wp-json\/wp\/v2\/pages\/402\/revisions\/403"}],"up":[{"embeddable":true,"href":"https:\/\/mnzp-muzealnik.pl\/index.php\/wp-json\/wp\/v2\/pages\/128"}],"wp:featuredmedia":[{"embeddable":true,"href":"https:\/\/mnzp-muzealnik.pl\/index.php\/wp-json\/wp\/v2\/media\/1258"}],"wp:attachment":[{"href":"https:\/\/mnzp-muzealnik.pl\/index.php\/wp-json\/wp\/v2\/media?parent=402"}],"curies":[{"name":"wp","href":"https:\/\/api.w.org\/{rel}","templated":true}]}}