{"id":406,"date":"2025-10-20T20:06:20","date_gmt":"2025-10-20T18:06:20","guid":{"rendered":"https:\/\/mnzp-muzealnik.pl\/?page_id=406"},"modified":"2025-10-20T20:37:33","modified_gmt":"2025-10-20T18:37:33","slug":"kazimierz-sichulski-wesele-huculskie","status":"publish","type":"page","link":"https:\/\/mnzp-muzealnik.pl\/index.php\/strona-glowna\/budynek-glowny-muzeum-narodowego-ziemi-przemyskiej\/huculskie-skarby\/kazimierz-sichulski-wesele-huculskie\/","title":{"rendered":"Kazimierz Sichulski, \u201eWesele huculskie\u201d"},"content":{"rendered":"\n<p>Obraz \u201eWesele huculskie\u201d, namalowany zosta\u0142 przez Stanis\u0142awa Sichulskiego w 1938 roku. Kazimierz Sichulski by\u0142 malarzem okresu M\u0142odej Polski i dwudziestolecia wojennego. Urodzi\u0142 si\u0119 w 1879 roku we Lwowie. Wykszta\u0142cony w Krakowie, w Akademii Sztuk Pi\u0119knych przez J\u00f3zefa Mehoffera, Leona Wycz\u00f3\u0142kowskiego i Stanis\u0142awa Wyspia\u0144skiego. W swojej tw\u00f3rczo\u015bci cz\u0119sto podejmowa\u0142 tematy ludowe, ch\u0119tnie malowa\u0142 sceny z \u017cycia Hucu\u0142\u00f3w, st\u0105d nazywany by\u0142 barwnym ilustratorem Huculszczyzny. W kr\u0119gu jego zainteresowa\u0144 by\u0142a r\u00f3wnie\u017c karykatura. Kazimierz Sichulski znany jest ze swoich satyrycznych rysunk\u00f3w, przedstawiaj\u0105cych osoby ze \u015bwiata kultury i polityki polskiej sprzed drugiej wojny \u015bwiatowej. Zmar\u0142 w 1942 roku we Lwowie. Temat wesela huculskiego by\u0142 wielokrotnie podejmowany przez malarza. W przypadku obrazu w zbiorach Muzeum Narodowego Ziemi Przemyskiej, Kazimierz Sichulski podszed\u0142 do tematu z rozmachem i wielk\u0105 swobod\u0105 malarsk\u0105. Obraz znakomicie oddaje barwno\u015b\u0107 ubior\u00f3w Hucu\u0142\u00f3w oraz zwyczaje dotycz\u0105ce obrz\u0119du za\u015blubin tej mniejszo\u015bci kulturowej zamieszkuj\u0105cej g\u00f3rskie tereny Karpat Wschodnich. Scena ma miejsce w pejza\u017cu, nad rzek\u0105, w czasie ch\u0142odnej jesieni, o czym \u015bwiadcz\u0105 ciep\u0142e ubrania przedstawionych na obrazie os\u00f3b, maj\u0105cych na sobie ko\u017cuchy i we\u0142niane serdaki, kierpce i wysokie skarpety. Na g\u0142owach m\u0119\u017cczyzn wida\u0107 kapelusze z podwini\u0119tym rondem \u2013 tzw. krzesania lub \u201ekrysania\u201d ozdobione kolorowymi cekinami i wst\u0105\u017ckami, a na g\u0142owach kobiet kolorowe chusty. M\u0119\u017cczy\u017ani ubrani s\u0105 w szerokie spodnie, a kobiety bia\u0142e sp\u00f3dnice i karminowo-pomara\u0144czowe zapaski okrywaj\u0105ce biodra i uda. Barwno\u015bci ca\u0142ej kompozycji dodaj\u0105 \u017c\u00f3\u0142tawo-pomara\u0144czowe jesienne trawy i drzewa w tle. Na pierwszym planie widzimy krocz\u0105cy w lewo orszak weselny z pann\u0105 m\u0142od\u0105, zwan\u0105 \u201ekniahyni\u0105\u201d, siedz\u0105c\u0105 na koniu w centrum kompozycji. Kobieta wyr\u00f3\u017cnia si\u0119 bia\u0142ym serdakiem i kolorow\u0105 opask\u0105 na g\u0142owie z bia\u0142ymi kwiatami na skroniach. Tu\u017c za ni\u0105, lecz nieco w cieniu przedstawiony zosta\u0142 \u201eknia\u017a\u201d, czyli pan m\u0142ody. On r\u00f3wnie\u017c ma taki sam bia\u0142y we\u0142niany serdak \u015blubny, a na g\u0142owie kolorowo przyozdobiony kapelusz. Konia panny m\u0142odej prowadzi id\u0105ca po prawej stronie staro\u015bcina trzymaj\u0105ca zakrzywion\u0105 lask\u0119, ozdobion\u0105 barwnymi wst\u0105\u017ckami. Jej znakiem szczeg\u00f3lnym opr\u00f3cz laski, jest podobna opaska, jak u panny m\u0142odej. Orszakowi towarzysz\u0105 muzykanci. Jednego z nich, graj\u0105cego na skrzypcach widzimy po prawej stronie staro\u015bciny. Orszak prowadzi tanecznym krokiem starosta weselny, ukazany w lewym dolnym rogu obrazu, trzymaj\u0105cy r\u00f3zg\u0119 weseln\u0105, czyli ga\u0142\u0105\u017a przystrojon\u0105 kolorowymi wst\u0105\u017ckami, z nabitym na ni\u0105 korowajem, to jest rodzajem pieczywa, kt\u00f3rym podzieli si\u0119 para m\u0142oda podczas obrz\u0119du za\u015blubin. Rzek\u0105 sp\u0142ywaj\u0105 flisacy, a na przeciwleg\u0142ym brzegu wida\u0107 ludzi, kt\u00f3rzy ta\u0144cz\u0105 i machaj\u0105 widz\u0105c id\u0105cy orszak.<\/p>\n","protected":false},"excerpt":{"rendered":"<p>Obraz \u201eWesele huculskie\u201d, namalowany zosta\u0142 przez Stanis\u0142awa Sichulskiego w 1938 roku. Kazimierz Sichulski by\u0142 malarzem okresu M\u0142odej Polski i dwudziestolecia wojennego. Urodzi\u0142 si\u0119 w 1879 roku we Lwowie. Wykszta\u0142cony w Krakowie, w Akademii Sztuk Pi\u0119knych przez J\u00f3zefa Mehoffera, Leona Wycz\u00f3\u0142kowskiego i Stanis\u0142awa Wyspia\u0144skiego. W swojej tw\u00f3rczo\u015bci cz\u0119sto podejmowa\u0142 tematy ludowe, ch\u0119tnie malowa\u0142 sceny z \u017cycia [&hellip;]<\/p>\n","protected":false},"author":1,"featured_media":0,"parent":128,"menu_order":69,"comment_status":"closed","ping_status":"closed","template":"","meta":{"footnotes":""},"class_list":["post-406","page","type-page","status-publish","hentry"],"_links":{"self":[{"href":"https:\/\/mnzp-muzealnik.pl\/index.php\/wp-json\/wp\/v2\/pages\/406","targetHints":{"allow":["GET"]}}],"collection":[{"href":"https:\/\/mnzp-muzealnik.pl\/index.php\/wp-json\/wp\/v2\/pages"}],"about":[{"href":"https:\/\/mnzp-muzealnik.pl\/index.php\/wp-json\/wp\/v2\/types\/page"}],"author":[{"embeddable":true,"href":"https:\/\/mnzp-muzealnik.pl\/index.php\/wp-json\/wp\/v2\/users\/1"}],"replies":[{"embeddable":true,"href":"https:\/\/mnzp-muzealnik.pl\/index.php\/wp-json\/wp\/v2\/comments?post=406"}],"version-history":[{"count":1,"href":"https:\/\/mnzp-muzealnik.pl\/index.php\/wp-json\/wp\/v2\/pages\/406\/revisions"}],"predecessor-version":[{"id":407,"href":"https:\/\/mnzp-muzealnik.pl\/index.php\/wp-json\/wp\/v2\/pages\/406\/revisions\/407"}],"up":[{"embeddable":true,"href":"https:\/\/mnzp-muzealnik.pl\/index.php\/wp-json\/wp\/v2\/pages\/128"}],"wp:attachment":[{"href":"https:\/\/mnzp-muzealnik.pl\/index.php\/wp-json\/wp\/v2\/media?parent=406"}],"curies":[{"name":"wp","href":"https:\/\/api.w.org\/{rel}","templated":true}]}}