{"id":41,"date":"2025-10-15T20:16:15","date_gmt":"2025-10-15T18:16:15","guid":{"rendered":"https:\/\/mnzp-muzealnik.pl\/?page_id=41"},"modified":"2025-10-29T22:11:39","modified_gmt":"2025-10-29T21:11:39","slug":"strona-glowna","status":"publish","type":"page","link":"https:\/\/mnzp-muzealnik.pl\/","title":{"rendered":"Strona g\u0142\u00f3wna Muzeum Narodowe Ziemi Przemyskiej"},"content":{"rendered":"\n<div class=\"wp-block-buttons main-buttons is-horizontal is-content-justification-center is-layout-flex wp-container-core-buttons-is-layout-8adf0fb8 wp-block-buttons-is-layout-flex\" style=\"margin-top:var(--wp--preset--spacing--40);margin-bottom:var(--wp--preset--spacing--40);font-style:normal;font-weight:500;text-decoration:none;text-transform:none\">\n<div class=\"wp-block-button btn-main is-style-fill\"><a class=\"wp-block-button__link wp-element-button\" href=\"https:\/\/mnzp-muzealnik.pl\/index.php\/budynek-glowny-muzeum-narodowego-ziemi-przemyskiej\/\" style=\"border-width:2px;border-radius:0px\">Budynek g\u0142\u00f3wny Muzeum Narodowego Ziemi Przemyskiej<\/a><\/div>\n\n\n\n<div class=\"wp-block-button btn-main\"><a class=\"wp-block-button__link has-accent-3-color has-accent-1-background-color has-text-color has-background has-link-color wp-element-button\" href=\"https:\/\/mnzp-muzealnik.pl\/index.php\/strona-glowna\/muzeum-historii-miasta-przemysla\/\" style=\"border-width:2px;border-radius:0px\">Muzeum Historii Miasta Przemy\u015bla<\/a><\/div>\n\n\n\n<div class=\"wp-block-button btn-main\"><a class=\"wp-block-button__link has-accent-3-color has-accent-1-background-color has-text-color has-background has-link-color wp-element-button\" href=\"https:\/\/mnzp-muzealnik.pl\/index.php\/strona-glowna\/muzeum-dzwonow-i-fajek\/\" style=\"border-width:2px;border-radius:0px\">Muzeum Dzwon\u00f3w i Fajek<\/a><\/div>\n\n\n\n<div class=\"wp-block-button btn-main\"><a class=\"wp-block-button__link has-accent-3-color has-accent-1-background-color has-text-color has-background has-link-color wp-element-button\" href=\"https:\/\/mnzp-muzealnik.pl\/index.php\/strona-glowna\/dostepnosc-w-muzeum\/\" style=\"border-width:2px;border-radius:0px\">Dost\u0119pno\u015b\u0107 w muzeum<\/a><\/div>\n\n\n\n<div class=\"wp-block-button btn-main\"><a class=\"wp-block-button__link has-accent-3-color has-accent-1-background-color has-text-color has-background has-link-color wp-element-button\" href=\"https:\/\/mnzp-muzealnik.pl\/index.php\/strona-glowna\/pomoc\/\" style=\"border-width:2px;border-radius:0px\">Pomoc<\/a><\/div>\n<\/div>\n","protected":false},"excerpt":{"rendered":"","protected":false},"author":1,"featured_media":0,"parent":0,"menu_order":0,"comment_status":"closed","ping_status":"closed","template":"page-no-title","meta":{"footnotes":""},"class_list":["post-41","page","type-page","status-publish","hentry"],"_links":{"self":[{"href":"https:\/\/mnzp-muzealnik.pl\/index.php\/wp-json\/wp\/v2\/pages\/41","targetHints":{"allow":["GET"]}}],"collection":[{"href":"https:\/\/mnzp-muzealnik.pl\/index.php\/wp-json\/wp\/v2\/pages"}],"about":[{"href":"https:\/\/mnzp-muzealnik.pl\/index.php\/wp-json\/wp\/v2\/types\/page"}],"author":[{"embeddable":true,"href":"https:\/\/mnzp-muzealnik.pl\/index.php\/wp-json\/wp\/v2\/users\/1"}],"replies":[{"embeddable":true,"href":"https:\/\/mnzp-muzealnik.pl\/index.php\/wp-json\/wp\/v2\/comments?post=41"}],"version-history":[{"count":30,"href":"https:\/\/mnzp-muzealnik.pl\/index.php\/wp-json\/wp\/v2\/pages\/41\/revisions"}],"predecessor-version":[{"id":1156,"href":"https:\/\/mnzp-muzealnik.pl\/index.php\/wp-json\/wp\/v2\/pages\/41\/revisions\/1156"}],"wp:attachment":[{"href":"https:\/\/mnzp-muzealnik.pl\/index.php\/wp-json\/wp\/v2\/media?parent=41"}],"curies":[{"name":"wp","href":"https:\/\/api.w.org\/{rel}","templated":true}]}}