{"id":410,"date":"2025-10-20T20:08:16","date_gmt":"2025-10-20T18:08:16","guid":{"rendered":"https:\/\/mnzp-muzealnik.pl\/?page_id=410"},"modified":"2026-02-09T13:00:58","modified_gmt":"2026-02-09T12:00:58","slug":"pisanki","status":"publish","type":"page","link":"https:\/\/mnzp-muzealnik.pl\/index.php\/strona-glowna\/budynek-glowny-muzeum-narodowego-ziemi-przemyskiej\/huculskie-skarby\/pisanki\/","title":{"rendered":"Pisanki"},"content":{"rendered":"\n<p>Wszystkie pisanki prezentowane na wystawie pochodz\u0105 z Huculszczyzny. Zosta\u0142y wykonane w 1936 roku. W zbiorach Muzeum Narodowe Ziemi Przemyskiej. Pisanki huculskie wykonane s\u0105 technik\u0105 batiku, czyli nanoszenia gor\u0105cego wosku na jajko i farbowania na kolejne kolory. Technika ta wymaga treningu, dlatego huculskie dziewczynki rozpoczyna\u0142y pisanie wielkanocnych jaj bardzo wcze\u015bnie, aby po wielu latach doj\u015b\u0107 do perfekcji. Najpi\u0119kniejsze pisanki, misterne i finezyjne by\u0142y swoistymi amuletami i \u015bwi\u0105tecznymi podarunkami dla krewnych i znajomych. S\u0105 zrobione z ogromn\u0105 precyzj\u0105 i staranno\u015bci\u0105. Huculskie pisanki wyr\u00f3\u017cnia bogata ornamentyka i bardzo drobne wzornictwo, kt\u00f3re mo\u017cna okre\u015bli\u0107 jako mozaikowe. Dominuj\u0105 motywy geometryczne w postaci linii, tr\u00f3jk\u0105t\u00f3w, k\u00f3\u0142, romb\u00f3w, prostok\u0105t\u00f3w, k\u0119dzior\u00f3w, krzy\u017cy, kratkowa\u0144, spiral, szachownic, kt\u00f3re maj\u0105 symbolik\u0119 solarn\u0105, magiczn\u0105 i p\u0142odno\u015bciow\u0105. Charakterystyczna dla pisanek z regionu huculskiego jest r\u00f3wnie\u017c ornamentyka zoomorficzna. Wizerunki konia, jelenia, ptaka i ryby nale\u017c\u0105 do motyw\u00f3w zdobniczych s\u0142u\u017c\u0105cych dawnym magicznym dzia\u0142aniom i zwi\u0119kszaj\u0105cych moc pisanki. Cz\u0119sto pojawia si\u0119 na pisankach \u201edrzewo \u017cycia\u201d, czyli symbol niesko\u0144czono\u015bci i zwi\u0105zku mi\u0119dzy \u017cyciem na ziemi a wieczno\u015bci\u0105. R\u00f3\u017cne ornamenty wype\u0142niaj\u0105 ca\u0142\u0105 powierzchni\u0119 jajka, najcz\u0119\u015bciej w uk\u0142adzie pasowym. Kolorystyka t\u0142a pisanek huculskich jest utrzymana w tonacji \u017c\u00f3\u0142tobr\u0105zowej lub czarnej, a motywy zdobnicze w kolorach: \u017c\u00f3\u0142tym, pomara\u0144czowym, czerwonym, zielonym, bia\u0142ym wype\u0142niaj\u0105 ca\u0142\u0105 powierzchni\u0119 jajka. Dla pisanek huculskich charakterystyczne s\u0105 ciep\u0142e barwy.<\/p>\n","protected":false},"excerpt":{"rendered":"<p>Wszystkie pisanki prezentowane na wystawie pochodz\u0105 z Huculszczyzny. Zosta\u0142y wykonane w 1936 roku. W zbiorach Muzeum Narodowe Ziemi Przemyskiej. Pisanki huculskie wykonane s\u0105 technik\u0105 batiku, czyli nanoszenia gor\u0105cego wosku na jajko i farbowania na kolejne kolory. Technika ta wymaga treningu, dlatego huculskie dziewczynki rozpoczyna\u0142y pisanie wielkanocnych jaj bardzo wcze\u015bnie, aby po wielu latach doj\u015b\u0107 do [&hellip;]<\/p>\n","protected":false},"author":1,"featured_media":1260,"parent":128,"menu_order":71,"comment_status":"closed","ping_status":"closed","template":"","meta":{"footnotes":""},"class_list":["post-410","page","type-page","status-publish","has-post-thumbnail","hentry"],"_links":{"self":[{"href":"https:\/\/mnzp-muzealnik.pl\/index.php\/wp-json\/wp\/v2\/pages\/410","targetHints":{"allow":["GET"]}}],"collection":[{"href":"https:\/\/mnzp-muzealnik.pl\/index.php\/wp-json\/wp\/v2\/pages"}],"about":[{"href":"https:\/\/mnzp-muzealnik.pl\/index.php\/wp-json\/wp\/v2\/types\/page"}],"author":[{"embeddable":true,"href":"https:\/\/mnzp-muzealnik.pl\/index.php\/wp-json\/wp\/v2\/users\/1"}],"replies":[{"embeddable":true,"href":"https:\/\/mnzp-muzealnik.pl\/index.php\/wp-json\/wp\/v2\/comments?post=410"}],"version-history":[{"count":2,"href":"https:\/\/mnzp-muzealnik.pl\/index.php\/wp-json\/wp\/v2\/pages\/410\/revisions"}],"predecessor-version":[{"id":412,"href":"https:\/\/mnzp-muzealnik.pl\/index.php\/wp-json\/wp\/v2\/pages\/410\/revisions\/412"}],"up":[{"embeddable":true,"href":"https:\/\/mnzp-muzealnik.pl\/index.php\/wp-json\/wp\/v2\/pages\/128"}],"wp:featuredmedia":[{"embeddable":true,"href":"https:\/\/mnzp-muzealnik.pl\/index.php\/wp-json\/wp\/v2\/media\/1260"}],"wp:attachment":[{"href":"https:\/\/mnzp-muzealnik.pl\/index.php\/wp-json\/wp\/v2\/media?parent=410"}],"curies":[{"name":"wp","href":"https:\/\/api.w.org\/{rel}","templated":true}]}}