{"id":419,"date":"2025-10-20T20:10:36","date_gmt":"2025-10-20T18:10:36","guid":{"rendered":"https:\/\/mnzp-muzealnik.pl\/?page_id=419"},"modified":"2025-10-23T15:47:44","modified_gmt":"2025-10-23T13:47:44","slug":"tas-tarcza-na-tore","status":"publish","type":"page","link":"https:\/\/mnzp-muzealnik.pl\/index.php\/strona-glowna\/budynek-glowny-muzeum-narodowego-ziemi-przemyskiej\/opowiesc-o-zydach-przemyskich\/tas-tarcza-na-tore\/","title":{"rendered":"Tas \u2013 \u201etarcza\u201d na Tor\u0119"},"content":{"rendered":"\n<p>Tas \u2013 inaczej tarcza na Tor\u0119. Tarcza jest cz\u0119\u015bci\u0105 uroczystego \u201estroju\u201d Tory, nak\u0142adanego w czasie najwa\u017cniejszych \u015bwi\u0105t \u017cydowskich. Stanowi\u0142a komplet z aksamitnym pokrowcem na Tor\u0119 oraz Koron\u0105 Tory. Wykonana z blachy mosi\u0119\u017cnej posrebrzanej, ozdobiona repusowanymi ornamentami. Tarcza bogato zdobiona stylizowanymi motywami ro\u015blinnymi \u2013 z\u0142asz\u0105 li\u015bciem akantu. Opr\u00f3cz tego palmetami, kwiatami i pere\u0142kowaniem. Najwa\u017cniejszymi elementami dekoracji s\u0105 przedstawione symbole wa\u017cnymi dla judaizmu. Tarcza zwie\u0144czona koron\u0105 \u2013 symbol majestatu Boga. Tarcz\u0119 na bokach flankuj\u0105 dwie kolumny \u2013 odnosz\u0105 si\u0119 do dw\u00f3ch kolumn z dawniej \u015awi\u0105tyni Jerozolimskiej. Posiada\u0142y one symboliczne nazwy: Jachin \u2013 \u201eB\u00f3g utwierdzi\u0142\u201d i Boaz \u2013 \u201ew Nim moc\u201d. Na \u015brodku tarczy, przedstawione dwie tablice o \u0142ukowatych szczytach \u2013 przedstawienie Tablic z Dziesi\u0119ciorga Przykaza\u0144. Po obu ich stronach lwy, stoj\u0105 na tylnych \u0142apach, przednimi podtrzymuj\u0105 tablice. Podobnie jak w heraldyce i tu lwy dodaj\u0105 rangi trzymanym tablicom. Natomiast w kulturze \u017cydowskiej lew symbolizuje plemi\u0119 Judy, z kt\u00f3rego pochodzi\u0142 Kr\u00f3l Dawid, i z kt\u00f3rego, wed\u0142ug \u017cydowskiej tradycji, b\u0119dzie si\u0119 wywodzi\u0107 Mesjasz. Na tarczy wida\u0107 prostok\u0105tny, wkl\u0119s\u0142y otw\u00f3r. S\u0142u\u017cy\u0142 on do umieszczania tabliczek z nazw\u0105 aktualnego \u015bwi\u0119ta. Prezentowana tarcza pochodzi z drugiej po\u0142owy XIX wieku, z teren\u00f3w Polski. Do zbior\u00f3w trafi\u0142a przed 1939 rokiem.<\/p>\n","protected":false},"excerpt":{"rendered":"<p>Tas \u2013 inaczej tarcza na Tor\u0119. Tarcza jest cz\u0119\u015bci\u0105 uroczystego \u201estroju\u201d Tory, nak\u0142adanego w czasie najwa\u017cniejszych \u015bwi\u0105t \u017cydowskich. Stanowi\u0142a komplet z aksamitnym pokrowcem na Tor\u0119 oraz Koron\u0105 Tory. Wykonana z blachy mosi\u0119\u017cnej posrebrzanej, ozdobiona repusowanymi ornamentami. Tarcza bogato zdobiona stylizowanymi motywami ro\u015blinnymi \u2013 z\u0142asz\u0105 li\u015bciem akantu. Opr\u00f3cz tego palmetami, kwiatami i pere\u0142kowaniem. Najwa\u017cniejszymi elementami dekoracji [&hellip;]<\/p>\n","protected":false},"author":1,"featured_media":901,"parent":126,"menu_order":55,"comment_status":"closed","ping_status":"closed","template":"","meta":{"footnotes":""},"class_list":["post-419","page","type-page","status-publish","has-post-thumbnail","hentry"],"_links":{"self":[{"href":"https:\/\/mnzp-muzealnik.pl\/index.php\/wp-json\/wp\/v2\/pages\/419","targetHints":{"allow":["GET"]}}],"collection":[{"href":"https:\/\/mnzp-muzealnik.pl\/index.php\/wp-json\/wp\/v2\/pages"}],"about":[{"href":"https:\/\/mnzp-muzealnik.pl\/index.php\/wp-json\/wp\/v2\/types\/page"}],"author":[{"embeddable":true,"href":"https:\/\/mnzp-muzealnik.pl\/index.php\/wp-json\/wp\/v2\/users\/1"}],"replies":[{"embeddable":true,"href":"https:\/\/mnzp-muzealnik.pl\/index.php\/wp-json\/wp\/v2\/comments?post=419"}],"version-history":[{"count":2,"href":"https:\/\/mnzp-muzealnik.pl\/index.php\/wp-json\/wp\/v2\/pages\/419\/revisions"}],"predecessor-version":[{"id":902,"href":"https:\/\/mnzp-muzealnik.pl\/index.php\/wp-json\/wp\/v2\/pages\/419\/revisions\/902"}],"up":[{"embeddable":true,"href":"https:\/\/mnzp-muzealnik.pl\/index.php\/wp-json\/wp\/v2\/pages\/126"}],"wp:featuredmedia":[{"embeddable":true,"href":"https:\/\/mnzp-muzealnik.pl\/index.php\/wp-json\/wp\/v2\/media\/901"}],"wp:attachment":[{"href":"https:\/\/mnzp-muzealnik.pl\/index.php\/wp-json\/wp\/v2\/media?parent=419"}],"curies":[{"name":"wp","href":"https:\/\/api.w.org\/{rel}","templated":true}]}}