{"id":421,"date":"2025-10-20T20:10:51","date_gmt":"2025-10-20T18:10:51","guid":{"rendered":"https:\/\/mnzp-muzealnik.pl\/?page_id=421"},"modified":"2025-10-23T15:52:42","modified_gmt":"2025-10-23T13:52:42","slug":"lampka-chanukowa","status":"publish","type":"page","link":"https:\/\/mnzp-muzealnik.pl\/index.php\/strona-glowna\/budynek-glowny-muzeum-narodowego-ziemi-przemyskiej\/opowiesc-o-zydach-przemyskich\/lampka-chanukowa\/","title":{"rendered":"\u015awiecznik Chanukowy"},"content":{"rendered":"\n<p>Prezentowany \u015bwiecznik chanukowy bardzo przypomina menor\u0119 \u2013 czyli tradycyjny \u017cydowski \u015bwi\u0119ty \u015bwiecznik. R\u00f3\u017cnica miedzy nimi polega na tym, \u017ce menora ma zawsze siedem ramion. Chanukowe \u015bwieczniki lub lampki chanukowe maj\u0105 miejsce na osiem \u015bwieczek. Liczba ta odpowiada o\u015bmiu dniom tego \u015bwi\u0119ta. Wed\u0142ug tradycji, ka\u017cdego wieczoru zapala si\u0119 kolejn\u0105 \u015bwieczk\u0119. Zdarzaj\u0105 si\u0119 chanukowe \u015bwieczniki z dodatkowym dziewi\u0105tym ramieniem \u2013 zwanym \u201es\u0142ug\u0105\u201d, poniewa\u017c osadzon\u0105 w nim \u015bwieczk\u0105 odpala si\u0119 pozosta\u0142e. \u015awiecznik ozdobiony figurk\u0105 siedz\u0105cego or\u0142a z uniesionymi skrzyd\u0142ami. W judaizmie przedstawienia ptak\u00f3w lub gryf\u00f3w symbolizuj\u0105 sfer\u0119 bosk\u0105. W Torze wymieniane s\u0105 cechy or\u0142a \u2013 si\u0142a i opieku\u0144czo\u015b\u0107, kt\u00f3re symbolizuj\u0105 charakter Boga.<\/p>\n","protected":false},"excerpt":{"rendered":"<p>Prezentowany \u015bwiecznik chanukowy bardzo przypomina menor\u0119 \u2013 czyli tradycyjny \u017cydowski \u015bwi\u0119ty \u015bwiecznik. R\u00f3\u017cnica miedzy nimi polega na tym, \u017ce menora ma zawsze siedem ramion. Chanukowe \u015bwieczniki lub lampki chanukowe maj\u0105 miejsce na osiem \u015bwieczek. Liczba ta odpowiada o\u015bmiu dniom tego \u015bwi\u0119ta. Wed\u0142ug tradycji, ka\u017cdego wieczoru zapala si\u0119 kolejn\u0105 \u015bwieczk\u0119. Zdarzaj\u0105 si\u0119 chanukowe \u015bwieczniki z dodatkowym [&hellip;]<\/p>\n","protected":false},"author":1,"featured_media":906,"parent":126,"menu_order":57,"comment_status":"closed","ping_status":"closed","template":"","meta":{"footnotes":""},"class_list":["post-421","page","type-page","status-publish","has-post-thumbnail","hentry"],"_links":{"self":[{"href":"https:\/\/mnzp-muzealnik.pl\/index.php\/wp-json\/wp\/v2\/pages\/421","targetHints":{"allow":["GET"]}}],"collection":[{"href":"https:\/\/mnzp-muzealnik.pl\/index.php\/wp-json\/wp\/v2\/pages"}],"about":[{"href":"https:\/\/mnzp-muzealnik.pl\/index.php\/wp-json\/wp\/v2\/types\/page"}],"author":[{"embeddable":true,"href":"https:\/\/mnzp-muzealnik.pl\/index.php\/wp-json\/wp\/v2\/users\/1"}],"replies":[{"embeddable":true,"href":"https:\/\/mnzp-muzealnik.pl\/index.php\/wp-json\/wp\/v2\/comments?post=421"}],"version-history":[{"count":2,"href":"https:\/\/mnzp-muzealnik.pl\/index.php\/wp-json\/wp\/v2\/pages\/421\/revisions"}],"predecessor-version":[{"id":908,"href":"https:\/\/mnzp-muzealnik.pl\/index.php\/wp-json\/wp\/v2\/pages\/421\/revisions\/908"}],"up":[{"embeddable":true,"href":"https:\/\/mnzp-muzealnik.pl\/index.php\/wp-json\/wp\/v2\/pages\/126"}],"wp:featuredmedia":[{"embeddable":true,"href":"https:\/\/mnzp-muzealnik.pl\/index.php\/wp-json\/wp\/v2\/media\/906"}],"wp:attachment":[{"href":"https:\/\/mnzp-muzealnik.pl\/index.php\/wp-json\/wp\/v2\/media?parent=421"}],"curies":[{"name":"wp","href":"https:\/\/api.w.org\/{rel}","templated":true}]}}