{"id":423,"date":"2025-10-20T20:11:08","date_gmt":"2025-10-20T18:11:08","guid":{"rendered":"https:\/\/mnzp-muzealnik.pl\/?page_id=423"},"modified":"2026-02-09T12:27:17","modified_gmt":"2026-02-09T11:27:17","slug":"tora-korona-na-tore","status":"publish","type":"page","link":"https:\/\/mnzp-muzealnik.pl\/index.php\/strona-glowna\/budynek-glowny-muzeum-narodowego-ziemi-przemyskiej\/opowiesc-o-zydach-przemyskich\/tora-korona-na-tore\/","title":{"rendered":"Tora + korona na Tor\u0119"},"content":{"rendered":"\n<p>Tora to pi\u0119\u0107 pierwszych ksi\u0105g Biblii tak zwany Pi\u0119cioksi\u0105g Moj\u017cesza \u2013 zawiera \u201eKsi\u0119g\u0119 Rodzaju\u201d, \u201eKsi\u0119g\u0119 Wyj\u015bcia\u201d, \u201eKsi\u0119g\u0119 Kap\u0142a\u0144ska\u201d, \u201eKsi\u0119g\u0119 Liczb\u201d i \u201eKsi\u0119g\u0119 Powt\u00f3rzonego Prawa\u201d. Tora jest naj\u015bwi\u0119tszym obiektem kultu. Przechowuje si\u0119 j\u0105 w synagodze w aron ha-kodesz \u2013 specjalnej szafie bogato zdobionej. Tora jest zwojem pergaminu, nawini\u0119tego na dwa dr\u0105\u017cki \u2013 roda\u0142y. Prezentowany na wystawie zw\u00f3j ma d\u0142ugo\u015b\u0107 435 cm. Wida\u0107 na nim tekst zapisany alfabetem hebrajskim, pisany tuszem, od strony prawej do lewej. Tora pochodzi z prze\u0142omu XIX i XX wieku prawdopodobnie z teren\u00f3w Polski. Podczas czytania Tory, by\u0142 zakaz jej dotykania, s\u0142u\u017cy\u0142a do tego ozdobna wskaz\u00f3wka \u2013 jad. Tora by\u0142a traktowana z najwy\u017cszym szacunkiem. W czasie najwa\u017cniejszych \u015bwi\u0105t \u017cydowskich ubierano j\u0105 w ozdobny str\u00f3j, sk\u0142ada\u0142 si\u0119 on z haftowanego, aksamitnego pokrowca, na roda\u0142y nak\u0142adano Koron\u0119 Tory. Jej przyk\u0142ad prezentujemy w nast\u0119pnej gablocie. Korona Tory symbolizuje Boga oraz uznanie m\u0105dro\u015bci, \u015bwi\u0119to\u015bci i w\u0142adzy Tory nad wyznawcami judaizmu. Prezentowana Korona Tory powsta\u0142a w pod koniec XIX wieku w Wiedniu. Wykonana jest z srebra. Jej kszta\u0142t sk\u0142ada si\u0119 z trzech na\u0142o\u017conych na siebie, zmniejszaj\u0105cych si\u0119 ku g\u00f3rze koron. Ozdobiona motywami ro\u015blinnymi. Wyposa\u017cona w ruchome dzwoneczki, na jej szczycie motyw or\u0142a. Korona wykopana na miejscu synagogi w Dubiecku i przekazana do przemyskiego muzeum w 1953 r.<\/p>\n","protected":false},"excerpt":{"rendered":"<p>Tora to pi\u0119\u0107 pierwszych ksi\u0105g Biblii tak zwany Pi\u0119cioksi\u0105g Moj\u017cesza \u2013 zawiera \u201eKsi\u0119g\u0119 Rodzaju\u201d, \u201eKsi\u0119g\u0119 Wyj\u015bcia\u201d, \u201eKsi\u0119g\u0119 Kap\u0142a\u0144ska\u201d, \u201eKsi\u0119g\u0119 Liczb\u201d i \u201eKsi\u0119g\u0119 Powt\u00f3rzonego Prawa\u201d. Tora jest naj\u015bwi\u0119tszym obiektem kultu. Przechowuje si\u0119 j\u0105 w synagodze w aron ha-kodesz \u2013 specjalnej szafie bogato zdobionej. Tora jest zwojem pergaminu, nawini\u0119tego na dwa dr\u0105\u017cki \u2013 roda\u0142y. Prezentowany na wystawie [&hellip;]<\/p>\n","protected":false},"author":1,"featured_media":1234,"parent":126,"menu_order":59,"comment_status":"closed","ping_status":"closed","template":"","meta":{"footnotes":""},"class_list":["post-423","page","type-page","status-publish","has-post-thumbnail","hentry"],"_links":{"self":[{"href":"https:\/\/mnzp-muzealnik.pl\/index.php\/wp-json\/wp\/v2\/pages\/423","targetHints":{"allow":["GET"]}}],"collection":[{"href":"https:\/\/mnzp-muzealnik.pl\/index.php\/wp-json\/wp\/v2\/pages"}],"about":[{"href":"https:\/\/mnzp-muzealnik.pl\/index.php\/wp-json\/wp\/v2\/types\/page"}],"author":[{"embeddable":true,"href":"https:\/\/mnzp-muzealnik.pl\/index.php\/wp-json\/wp\/v2\/users\/1"}],"replies":[{"embeddable":true,"href":"https:\/\/mnzp-muzealnik.pl\/index.php\/wp-json\/wp\/v2\/comments?post=423"}],"version-history":[{"count":2,"href":"https:\/\/mnzp-muzealnik.pl\/index.php\/wp-json\/wp\/v2\/pages\/423\/revisions"}],"predecessor-version":[{"id":912,"href":"https:\/\/mnzp-muzealnik.pl\/index.php\/wp-json\/wp\/v2\/pages\/423\/revisions\/912"}],"up":[{"embeddable":true,"href":"https:\/\/mnzp-muzealnik.pl\/index.php\/wp-json\/wp\/v2\/pages\/126"}],"wp:featuredmedia":[{"embeddable":true,"href":"https:\/\/mnzp-muzealnik.pl\/index.php\/wp-json\/wp\/v2\/media\/1234"}],"wp:attachment":[{"href":"https:\/\/mnzp-muzealnik.pl\/index.php\/wp-json\/wp\/v2\/media?parent=423"}],"curies":[{"name":"wp","href":"https:\/\/api.w.org\/{rel}","templated":true}]}}