{"id":427,"date":"2025-10-20T20:11:28","date_gmt":"2025-10-20T18:11:28","guid":{"rendered":"https:\/\/mnzp-muzealnik.pl\/?page_id=427"},"modified":"2026-02-09T12:16:26","modified_gmt":"2026-02-09T11:16:26","slug":"rog","status":"publish","type":"page","link":"https:\/\/mnzp-muzealnik.pl\/index.php\/strona-glowna\/budynek-glowny-muzeum-narodowego-ziemi-przemyskiej\/opowiesc-o-zydach-przemyskich\/rog\/","title":{"rendered":"Szofar"},"content":{"rendered":"\n<p>Instrument muzyczny wykonany z rogu koszernego zwierz\u0119cia, najcz\u0119\u015bciej barana. U\u017cywany przez \u017byd\u00f3w w celach kultowych, szczeg\u00f3lnie podczas \u015bwi\u0119ta Rosz-Ha-Szana, k\u00f3re w Polsce nazywano \u015awi\u0119tem Tr\u0105bek. Uroczyste d\u0119cie w szofar ko\u0144czy\u0142o \u015awi\u0119to Jom, Kipur. W staro\u017cytno\u015bci d\u017awi\u0119ki szofaru towarzyszy\u0142y wojnom, ostrzega\u0142y przed niebezpiecze\u0144stwem, by\u0142y obecne w liturgii \u015bwi\u0105tynnej. Wed\u0142ug wierze\u0144 judaizmu, prorok Eliasz b\u0119dzie nim zwo\u0142ywa\u0142 zmartwychwsta\u0142ych na s\u0105d ostateczny. Szofar pochodzi z pierwszej po\u0142owy XX wieku. Zosta\u0142 podarowany do zbior\u00f3w Muzeum Narodowego Ziemi Przemyskiej w 1983 r. przez Salomona Freifelda. By\u0142 on jednym z g\u0142\u00f3wnych dzia\u0142aczy Towarzystwa Spo\u0142eczno-Kulturalnego \u017byd\u00f3w, kt\u00f3re powsta\u0142o w Przemy\u015blu w 1950 r. G\u0142\u00f3wnym celem Towarzystwa by\u0142a dba\u0142o\u015b\u0107 o ci\u0105g\u0142o\u015b\u0107 kultury i j\u0119zyka jidysz.<\/p>\n","protected":false},"excerpt":{"rendered":"<p>Instrument muzyczny wykonany z rogu koszernego zwierz\u0119cia, najcz\u0119\u015bciej barana. U\u017cywany przez \u017byd\u00f3w w celach kultowych, szczeg\u00f3lnie podczas \u015bwi\u0119ta Rosz-Ha-Szana, k\u00f3re w Polsce nazywano \u015awi\u0119tem Tr\u0105bek. Uroczyste d\u0119cie w szofar ko\u0144czy\u0142o \u015awi\u0119to Jom, Kipur. W staro\u017cytno\u015bci d\u017awi\u0119ki szofaru towarzyszy\u0142y wojnom, ostrzega\u0142y przed niebezpiecze\u0144stwem, by\u0142y obecne w liturgii \u015bwi\u0105tynnej. Wed\u0142ug wierze\u0144 judaizmu, prorok Eliasz b\u0119dzie nim zwo\u0142ywa\u0142 [&hellip;]<\/p>\n","protected":false},"author":1,"featured_media":1227,"parent":126,"menu_order":61,"comment_status":"closed","ping_status":"closed","template":"","meta":{"footnotes":""},"class_list":["post-427","page","type-page","status-publish","has-post-thumbnail","hentry"],"_links":{"self":[{"href":"https:\/\/mnzp-muzealnik.pl\/index.php\/wp-json\/wp\/v2\/pages\/427","targetHints":{"allow":["GET"]}}],"collection":[{"href":"https:\/\/mnzp-muzealnik.pl\/index.php\/wp-json\/wp\/v2\/pages"}],"about":[{"href":"https:\/\/mnzp-muzealnik.pl\/index.php\/wp-json\/wp\/v2\/types\/page"}],"author":[{"embeddable":true,"href":"https:\/\/mnzp-muzealnik.pl\/index.php\/wp-json\/wp\/v2\/users\/1"}],"replies":[{"embeddable":true,"href":"https:\/\/mnzp-muzealnik.pl\/index.php\/wp-json\/wp\/v2\/comments?post=427"}],"version-history":[{"count":2,"href":"https:\/\/mnzp-muzealnik.pl\/index.php\/wp-json\/wp\/v2\/pages\/427\/revisions"}],"predecessor-version":[{"id":918,"href":"https:\/\/mnzp-muzealnik.pl\/index.php\/wp-json\/wp\/v2\/pages\/427\/revisions\/918"}],"up":[{"embeddable":true,"href":"https:\/\/mnzp-muzealnik.pl\/index.php\/wp-json\/wp\/v2\/pages\/126"}],"wp:featuredmedia":[{"embeddable":true,"href":"https:\/\/mnzp-muzealnik.pl\/index.php\/wp-json\/wp\/v2\/media\/1227"}],"wp:attachment":[{"href":"https:\/\/mnzp-muzealnik.pl\/index.php\/wp-json\/wp\/v2\/media?parent=427"}],"curies":[{"name":"wp","href":"https:\/\/api.w.org\/{rel}","templated":true}]}}