{"id":431,"date":"2025-10-20T20:11:51","date_gmt":"2025-10-20T18:11:51","guid":{"rendered":"https:\/\/mnzp-muzealnik.pl\/?page_id=431"},"modified":"2025-10-23T15:57:48","modified_gmt":"2025-10-23T13:57:48","slug":"mezuza","status":"publish","type":"page","link":"https:\/\/mnzp-muzealnik.pl\/index.php\/strona-glowna\/budynek-glowny-muzeum-narodowego-ziemi-przemyskiej\/opowiesc-o-zydach-przemyskich\/mezuza\/","title":{"rendered":"Mezuza"},"content":{"rendered":"\n<p>Mezuza to bardzo charakterystyczny dla wyznawc\u00f3w judaizmu przedmiot religijny. S\u0105 to dwa zwitki pergaminu z zapisanymi r\u0119cznie fragmentami z Tory, a konkretnie Ksi\u0119gi Powt\u00f3rzonego Prawa. Jeden z fragment\u00f3w to modlitwa \u201eSzma Izrael\u201d \u2013 czyli \u201eS\u0142uchaj Izraelu\u201d, drugi fragment to obietnica Boga o Jego opiece i b\u0142ogos\u0142awie\u0144stwie, dla tych kt\u00f3rzy s\u0105 mu wierni. Pergaminy umieszcza si\u0119 i zamyka w pojemniku, np. drewnianym, metalowym lub szklanym. Tradycyjnie zawiesza si\u0119 mezuz\u0119 na prawej zewn\u0119trznej framudze drzwi. Ka\u017cda wchodz\u0105ca do budynku osoba powinna jej dotkn\u0105\u0107 palcami, a nast\u0119pnie przy\u0142o\u017cy\u0107 do ust. Gest ten mia\u0142 przypomina\u0107 cz\u0142owiekowi, aby nie grzeszy\u0142. Wed\u0142ug ludowych wierze\u0144, mezuza chroni\u0142a dom przed z\u0142ymi duchami i nieszcz\u0119\u015bciami.<\/p>\n","protected":false},"excerpt":{"rendered":"<p>Mezuza to bardzo charakterystyczny dla wyznawc\u00f3w judaizmu przedmiot religijny. S\u0105 to dwa zwitki pergaminu z zapisanymi r\u0119cznie fragmentami z Tory, a konkretnie Ksi\u0119gi Powt\u00f3rzonego Prawa. Jeden z fragment\u00f3w to modlitwa \u201eSzma Izrael\u201d \u2013 czyli \u201eS\u0142uchaj Izraelu\u201d, drugi fragment to obietnica Boga o Jego opiece i b\u0142ogos\u0142awie\u0144stwie, dla tych kt\u00f3rzy s\u0105 mu wierni. Pergaminy umieszcza si\u0119 [&hellip;]<\/p>\n","protected":false},"author":1,"featured_media":0,"parent":126,"menu_order":63,"comment_status":"closed","ping_status":"closed","template":"","meta":{"footnotes":""},"class_list":["post-431","page","type-page","status-publish","hentry"],"_links":{"self":[{"href":"https:\/\/mnzp-muzealnik.pl\/index.php\/wp-json\/wp\/v2\/pages\/431","targetHints":{"allow":["GET"]}}],"collection":[{"href":"https:\/\/mnzp-muzealnik.pl\/index.php\/wp-json\/wp\/v2\/pages"}],"about":[{"href":"https:\/\/mnzp-muzealnik.pl\/index.php\/wp-json\/wp\/v2\/types\/page"}],"author":[{"embeddable":true,"href":"https:\/\/mnzp-muzealnik.pl\/index.php\/wp-json\/wp\/v2\/users\/1"}],"replies":[{"embeddable":true,"href":"https:\/\/mnzp-muzealnik.pl\/index.php\/wp-json\/wp\/v2\/comments?post=431"}],"version-history":[{"count":2,"href":"https:\/\/mnzp-muzealnik.pl\/index.php\/wp-json\/wp\/v2\/pages\/431\/revisions"}],"predecessor-version":[{"id":924,"href":"https:\/\/mnzp-muzealnik.pl\/index.php\/wp-json\/wp\/v2\/pages\/431\/revisions\/924"}],"up":[{"embeddable":true,"href":"https:\/\/mnzp-muzealnik.pl\/index.php\/wp-json\/wp\/v2\/pages\/126"}],"wp:attachment":[{"href":"https:\/\/mnzp-muzealnik.pl\/index.php\/wp-json\/wp\/v2\/media?parent=431"}],"curies":[{"name":"wp","href":"https:\/\/api.w.org\/{rel}","templated":true}]}}