{"id":433,"date":"2025-10-20T20:12:01","date_gmt":"2025-10-20T18:12:01","guid":{"rendered":"https:\/\/mnzp-muzealnik.pl\/?page_id=433"},"modified":"2026-02-09T12:25:31","modified_gmt":"2026-02-09T11:25:31","slug":"talerz-sederowy","status":"publish","type":"page","link":"https:\/\/mnzp-muzealnik.pl\/index.php\/strona-glowna\/budynek-glowny-muzeum-narodowego-ziemi-przemyskiej\/opowiesc-o-zydach-przemyskich\/talerz-sederowy\/","title":{"rendered":"Talerz sederowy"},"content":{"rendered":"\n<p>Wa\u017cnym elementem Paschy jest kolacja seder, kt\u00f3ra rozpoczyna \u015bwi\u0119to. Seder po hebrajsku znaczy \u201eporz\u0105dek\u201d. Uroczysto\u015b\u0107 odbywa si\u0119 wed\u0142ug ustalonego porz\u0105dku, wzbogacona tradycja i wielo\u015bci\u0105 symboli. Dotyczy to r\u00f3wnie\u017c zastawy sto\u0142owej i podawanych potraw. W gablocie prezentujemy kilka talerzy sederowych, wykonanych z r\u00f3\u017cnych materia\u0142\u00f3w i technikach. Na tym naczyniu, w wyznaczonych i odpowiednio opisanych polach uk\u0142ada\u0142o si\u0119 symboliczne potrawy. Gorzkie zio\u0142a, w Polsce stosowano chrzan i natk\u0119 pietruszki \u2013 symbolizowa\u0142y gorzkie i trudne \u017cycie Izraelit\u00f3w w Egipcie. Sur\u00f3wka z jab\u0142ek, orzech\u00f3w, migda\u0142\u00f3w, cynamonu i wina \u2013 jej barwa przypomina\u0142a ceg\u0142y wyrabiane w niewoli egipskiej. Jajka gotowane na twardo \u2013 to symbol przetrwania i odrodzenia. Ko\u015b\u0107 jagni\u0119ca \u2013 symbol ofiary paschalnej sk\u0142adanej w \u015awi\u0105tyni Jerozolimskiej. Opr\u00f3cz tego osolona woda \u2013 symbolizuj\u0105ca wylane \u0142zy. Na stole musia\u0142y by\u0107 trzy mace \u2013 symbolizuj\u0105ce trzy warstwy spo\u0142eczne narodu izraelskiego.<\/p>\n","protected":false},"excerpt":{"rendered":"<p>Wa\u017cnym elementem Paschy jest kolacja seder, kt\u00f3ra rozpoczyna \u015bwi\u0119to. Seder po hebrajsku znaczy \u201eporz\u0105dek\u201d. Uroczysto\u015b\u0107 odbywa si\u0119 wed\u0142ug ustalonego porz\u0105dku, wzbogacona tradycja i wielo\u015bci\u0105 symboli. Dotyczy to r\u00f3wnie\u017c zastawy sto\u0142owej i podawanych potraw. W gablocie prezentujemy kilka talerzy sederowych, wykonanych z r\u00f3\u017cnych materia\u0142\u00f3w i technikach. Na tym naczyniu, w wyznaczonych i odpowiednio opisanych polach uk\u0142ada\u0142o [&hellip;]<\/p>\n","protected":false},"author":1,"featured_media":1232,"parent":126,"menu_order":64,"comment_status":"closed","ping_status":"closed","template":"","meta":{"footnotes":""},"class_list":["post-433","page","type-page","status-publish","has-post-thumbnail","hentry"],"_links":{"self":[{"href":"https:\/\/mnzp-muzealnik.pl\/index.php\/wp-json\/wp\/v2\/pages\/433","targetHints":{"allow":["GET"]}}],"collection":[{"href":"https:\/\/mnzp-muzealnik.pl\/index.php\/wp-json\/wp\/v2\/pages"}],"about":[{"href":"https:\/\/mnzp-muzealnik.pl\/index.php\/wp-json\/wp\/v2\/types\/page"}],"author":[{"embeddable":true,"href":"https:\/\/mnzp-muzealnik.pl\/index.php\/wp-json\/wp\/v2\/users\/1"}],"replies":[{"embeddable":true,"href":"https:\/\/mnzp-muzealnik.pl\/index.php\/wp-json\/wp\/v2\/comments?post=433"}],"version-history":[{"count":2,"href":"https:\/\/mnzp-muzealnik.pl\/index.php\/wp-json\/wp\/v2\/pages\/433\/revisions"}],"predecessor-version":[{"id":927,"href":"https:\/\/mnzp-muzealnik.pl\/index.php\/wp-json\/wp\/v2\/pages\/433\/revisions\/927"}],"up":[{"embeddable":true,"href":"https:\/\/mnzp-muzealnik.pl\/index.php\/wp-json\/wp\/v2\/pages\/126"}],"wp:featuredmedia":[{"embeddable":true,"href":"https:\/\/mnzp-muzealnik.pl\/index.php\/wp-json\/wp\/v2\/media\/1232"}],"wp:attachment":[{"href":"https:\/\/mnzp-muzealnik.pl\/index.php\/wp-json\/wp\/v2\/media?parent=433"}],"curies":[{"name":"wp","href":"https:\/\/api.w.org\/{rel}","templated":true}]}}