{"id":441,"date":"2025-10-20T20:15:08","date_gmt":"2025-10-20T18:15:08","guid":{"rendered":"https:\/\/mnzp-muzealnik.pl\/?page_id=441"},"modified":"2025-10-22T00:01:11","modified_gmt":"2025-10-21T22:01:11","slug":"siekierka-brazowa","status":"publish","type":"page","link":"https:\/\/mnzp-muzealnik.pl\/index.php\/strona-glowna\/budynek-glowny-muzeum-narodowego-ziemi-przemyskiej\/panorama-pradziejow-i-wczesnego-sredniowieczaregionu-przemyskiego\/siekierka-brazowa\/","title":{"rendered":"Siekierka br\u0105zowa"},"content":{"rendered":"\n<p>Siekierka br\u0105zowa pochodzi z dawnych zbior\u00f3w muzeum. Informacje na temat miejsca odnalezienia i okoliczno\u015bci nie s\u0105 znane. Zabytek zaliczy\u0107 mo\u017cna do grupy siekierek \u201e\u015brodkowoeuropejskich z prosto zako\u0144czon\u0105 tulejk\u0105\u201d. W odr\u00f3\u017cnieniu od innych okaz\u00f3w zaliczanych do tego typu, posiada delikatnie odmienne zdobienie wsuwanych w siebie potr\u00f3jnych tr\u00f3jk\u0105t\u00f3w. Ich wierzcho\u0142ki s\u0105 zaokr\u0105glone, zwr\u00f3cone w kierunku ostrza. U pozosta\u0142ych siekierek wierzcho\u0142ki s\u0105 ostre. Najprawdopodobniej takie siekierki wi\u0105\u017c\u0105 si\u0119 z miejscow\u0105 produkcj\u0105 wzorowan\u0105 na formach zakarpackich. Nieliczne analogie pochodz\u0105 z teren\u00f3w S\u0142owacji. Wymiary siekierki 12 x 4,7 x 3,7 cm, ci\u0119\u017car 300 g. Odlana z br\u0105zu. Datowanie siekierki umie\u015bci\u0107 mo\u017cna w przedziale czasowym pomi\u0119dzy 1200-1100 r. p.n.e. Szczeg\u00f3\u0142owe okre\u015blenie funkcji pe\u0142nionej przez siekierki w okresie pradziejowym nie jest \u0142atwe. Mog\u0142y s\u0142u\u017cy\u0107 zar\u00f3wno jako narz\u0119dzia, jak i bro\u0144 b\u0105d\u017a by\u0107 wyznacznikiem pozycji spo\u0142ecznej jej posiadacza. By\u0107 mo\u017ce siekierki pe\u0142ni\u0142y funkcj\u0119 pieni\u0105dza przedmonetarnego na co wskazywa\u0107 mo\u017ce zestandaryzowana forma i zbli\u017cony ci\u0119\u017car poszczeg\u00f3lnych typ\u00f3w. Niemniej jednak w g\u0142\u00f3wnej mierze uznawane s\u0105 za przedmioty s\u0142u\u017c\u0105ce do obr\u00f3bki drewna. Rzadziej przypisuje si\u0119 im funkcj\u0119 broni. Przedmioty tego typu odlewane by\u0142y w specjalnie przygotowanych formach glinianych lub kamiennych. Siekierki z tulejk\u0105 i uszkiem nale\u017c\u0105 do najm\u0142odszych typ\u00f3w br\u0105zowych siekierek. Okazy zaopatrzone w tulejk\u0119 umo\u017cliwia\u0142y osadzenie w niej uchwytu, kt\u00f3rego rol\u0119 pe\u0142ni\u0142 odpowiednio przygotowany kij. Niewielkie uszko s\u0142u\u017cy\u0142o do po\u0142\u0105czenia siekierki z drewnianym trzonkiem. Poprzez uszko przeci\u0105gano sznur b\u0105d\u017a rzemie\u0144, nast\u0119pnie okr\u0119cano go dok\u0142adnie dooko\u0142a drzewca lub blisko brzegu tulejki. Znaczna cz\u0119\u015b\u0107 odnajdywanych okaz\u00f3w tego typu to formy zakarpackie. W wi\u0119kszo\u015bci koncentruj\u0105 w cz\u0119\u015bci po\u0142udniowej Polski, mi\u0119dzy innymi na terenach obj\u0119tych osadnictwem tarnobrzeskiej kultury \u0142u\u017cyckiej.<\/p>\n","protected":false},"excerpt":{"rendered":"<p>Siekierka br\u0105zowa pochodzi z dawnych zbior\u00f3w muzeum. Informacje na temat miejsca odnalezienia i okoliczno\u015bci nie s\u0105 znane. Zabytek zaliczy\u0107 mo\u017cna do grupy siekierek \u201e\u015brodkowoeuropejskich z prosto zako\u0144czon\u0105 tulejk\u0105\u201d. W odr\u00f3\u017cnieniu od innych okaz\u00f3w zaliczanych do tego typu, posiada delikatnie odmienne zdobienie wsuwanych w siebie potr\u00f3jnych tr\u00f3jk\u0105t\u00f3w. Ich wierzcho\u0142ki s\u0105 zaokr\u0105glone, zwr\u00f3cone w kierunku ostrza. U [&hellip;]<\/p>\n","protected":false},"author":1,"featured_media":801,"parent":123,"menu_order":31,"comment_status":"closed","ping_status":"closed","template":"","meta":{"footnotes":""},"class_list":["post-441","page","type-page","status-publish","has-post-thumbnail","hentry"],"_links":{"self":[{"href":"https:\/\/mnzp-muzealnik.pl\/index.php\/wp-json\/wp\/v2\/pages\/441","targetHints":{"allow":["GET"]}}],"collection":[{"href":"https:\/\/mnzp-muzealnik.pl\/index.php\/wp-json\/wp\/v2\/pages"}],"about":[{"href":"https:\/\/mnzp-muzealnik.pl\/index.php\/wp-json\/wp\/v2\/types\/page"}],"author":[{"embeddable":true,"href":"https:\/\/mnzp-muzealnik.pl\/index.php\/wp-json\/wp\/v2\/users\/1"}],"replies":[{"embeddable":true,"href":"https:\/\/mnzp-muzealnik.pl\/index.php\/wp-json\/wp\/v2\/comments?post=441"}],"version-history":[{"count":4,"href":"https:\/\/mnzp-muzealnik.pl\/index.php\/wp-json\/wp\/v2\/pages\/441\/revisions"}],"predecessor-version":[{"id":803,"href":"https:\/\/mnzp-muzealnik.pl\/index.php\/wp-json\/wp\/v2\/pages\/441\/revisions\/803"}],"up":[{"embeddable":true,"href":"https:\/\/mnzp-muzealnik.pl\/index.php\/wp-json\/wp\/v2\/pages\/123"}],"wp:featuredmedia":[{"embeddable":true,"href":"https:\/\/mnzp-muzealnik.pl\/index.php\/wp-json\/wp\/v2\/media\/801"}],"wp:attachment":[{"href":"https:\/\/mnzp-muzealnik.pl\/index.php\/wp-json\/wp\/v2\/media?parent=441"}],"curies":[{"name":"wp","href":"https:\/\/api.w.org\/{rel}","templated":true}]}}