{"id":461,"date":"2025-10-20T20:16:33","date_gmt":"2025-10-20T18:16:33","guid":{"rendered":"https:\/\/mnzp-muzealnik.pl\/?page_id=461"},"modified":"2025-10-22T16:33:28","modified_gmt":"2025-10-22T14:33:28","slug":"monety-celtyckie-z-pikulic-dodac-do-wystawy","status":"publish","type":"page","link":"https:\/\/mnzp-muzealnik.pl\/index.php\/strona-glowna\/budynek-glowny-muzeum-narodowego-ziemi-przemyskiej\/panorama-pradziejow-i-wczesnego-sredniowieczaregionu-przemyskiego\/monety-celtyckie-z-pikulic-dodac-do-wystawy\/","title":{"rendered":"Monety celtyckie z Pikulic"},"content":{"rendered":"\n<p>Sze\u015b\u0107 srebrnych monet celtyckich z Pikulic pod Przemy\u015blem. Dar od przypadkowego znalazcy. \u015arednica monet waha si\u0119 pomi\u0119dzy 18,1 a 21 mm, grubo\u015b\u0107 od 5 do 5,7 mm, a waga wynosi 8,257 do 10,064 g. Srebro, bite stemplem. Zabytki datowane s\u0105 na II \u2013 I w. p.n.e. Na kolekcj\u0119 monet sk\u0142ada si\u0119 sze\u015b\u0107 srebrnych tetradrachm. Maj\u0105 one charakterystyczn\u0105, p\u0142asko, b\u0105d\u017a wkl\u0119s\u0142o \u2013 wypuk\u0142\u0105 form\u0119. Na awersach numizmat\u00f3w widniej\u0105 pojedyncze, du\u017ce, lekko sp\u0142aszczone guzki o regularnym, kolistym b\u0105d\u017a owalnym obrysie. Natomiast na rewersach pojawia si\u0119 schematyczny wizerunek konia zwr\u00f3conego w lewo. Poszczeg\u00f3lne cz\u0119\u015bci cia\u0142a zwierz\u0119cia takie jak ogon, grzywa, stawy skokowe czy te\u017c p\u0119ciny podkre\u015blone s\u0105 niekiedy pojedynczymi kropkami. Ponad grzbietem konia widniej\u0105 okr\u0105g\u0142e kropki rozmieszczone w r\u00f3\u017cnych konfiguracjach: czworok\u0105t, trapez, okr\u0105g, pi\u0119ciobok?, a pod jego brzuchem czasami widoczne s\u0105 kropki i tr\u00f3jk\u0105tne b\u0105d\u017a \u0142ezkowate znaki. Niekiedy r\u00f3wnie\u017c po lewej stronie konia odbito pojedyncz\u0105 kropk\u0119. Na niekt\u00f3rych numizmatach stempel zosta\u0142 przy\u0142o\u017cony nier\u00f3wno i cz\u0119\u015b\u0107 konia oraz pozosta\u0142ych znak\u00f3w nie jest widoczna albo te\u017c poszczeg\u00f3lne elementy wizerunku zosta\u0142y zatarte wskutek intensywnego u\u017cytkowania przedmiotu. Monety nale\u017c\u0105 do typu Vel\u2019k\u00fd Bysterec i trafi\u0142y na ziemie polskie zapewne jako import z obszar\u00f3w kultury puchowskiej. Jednostka ta rozwija\u0142a si\u0119 na terenach p\u00f3\u0142nocnej oraz wschodniej S\u0142owacji od po\u0142owy III w. p.n.e., a jej materialne \u015blady \u0142\u0105czone s\u0105 z dzia\u0142alno\u015bci\u0105 celtyckiego plemienia Kotyn\u00f3w. Przedstawiciele tej ludno\u015bci pojawili si\u0119 r\u00f3wnie\u017c na p\u00f3\u0142noc od Karpat, na obszarze Kotliny S\u0105deckiej i \u017bywieckiej. Spo\u0142eczno\u015bci late\u0144skie przynios\u0142y ze sob\u0105 nowe zdobycze cywilizacyjne: nieznane narz\u0119dzia, ceramik\u0119 toczon\u0105 na kole, ozdoby, a tak\u017ce bite przez siebie monety. Nie wiadomo dok\u0142adnie, w jakich okoliczno\u015bciach srebrne numizmaty pojawi\u0142y si\u0119 na terenie Pikulic. Jednak\u017ce w dorzeczu g\u00f3rnego i \u015brodkowego Sanu, r\u00f3wnie\u017c w okolicach Przemy\u015bla, po\u015bwiadczone jest wyst\u0119powanie enklaw celtyckiego osadnictwa. Obecno\u015b\u0107 tych spo\u0142ecze\u0144stw potwierdzaj\u0105 znaleziska materia\u0142\u00f3w celtyckich z okolic Bach\u00f3rza i celto-dackie z Medyki.<\/p>\n","protected":false},"excerpt":{"rendered":"<p>Sze\u015b\u0107 srebrnych monet celtyckich z Pikulic pod Przemy\u015blem. Dar od przypadkowego znalazcy. \u015arednica monet waha si\u0119 pomi\u0119dzy 18,1 a 21 mm, grubo\u015b\u0107 od 5 do 5,7 mm, a waga wynosi 8,257 do 10,064 g. Srebro, bite stemplem. Zabytki datowane s\u0105 na II \u2013 I w. p.n.e. Na kolekcj\u0119 monet sk\u0142ada si\u0119 sze\u015b\u0107 srebrnych tetradrachm. Maj\u0105 [&hellip;]<\/p>\n","protected":false},"author":1,"featured_media":855,"parent":123,"menu_order":46,"comment_status":"closed","ping_status":"closed","template":"","meta":{"footnotes":""},"class_list":["post-461","page","type-page","status-publish","has-post-thumbnail","hentry"],"_links":{"self":[{"href":"https:\/\/mnzp-muzealnik.pl\/index.php\/wp-json\/wp\/v2\/pages\/461","targetHints":{"allow":["GET"]}}],"collection":[{"href":"https:\/\/mnzp-muzealnik.pl\/index.php\/wp-json\/wp\/v2\/pages"}],"about":[{"href":"https:\/\/mnzp-muzealnik.pl\/index.php\/wp-json\/wp\/v2\/types\/page"}],"author":[{"embeddable":true,"href":"https:\/\/mnzp-muzealnik.pl\/index.php\/wp-json\/wp\/v2\/users\/1"}],"replies":[{"embeddable":true,"href":"https:\/\/mnzp-muzealnik.pl\/index.php\/wp-json\/wp\/v2\/comments?post=461"}],"version-history":[{"count":3,"href":"https:\/\/mnzp-muzealnik.pl\/index.php\/wp-json\/wp\/v2\/pages\/461\/revisions"}],"predecessor-version":[{"id":856,"href":"https:\/\/mnzp-muzealnik.pl\/index.php\/wp-json\/wp\/v2\/pages\/461\/revisions\/856"}],"up":[{"embeddable":true,"href":"https:\/\/mnzp-muzealnik.pl\/index.php\/wp-json\/wp\/v2\/pages\/123"}],"wp:featuredmedia":[{"embeddable":true,"href":"https:\/\/mnzp-muzealnik.pl\/index.php\/wp-json\/wp\/v2\/media\/855"}],"wp:attachment":[{"href":"https:\/\/mnzp-muzealnik.pl\/index.php\/wp-json\/wp\/v2\/media?parent=461"}],"curies":[{"name":"wp","href":"https:\/\/api.w.org\/{rel}","templated":true}]}}