{"id":469,"date":"2025-10-20T20:17:12","date_gmt":"2025-10-20T18:17:12","guid":{"rendered":"https:\/\/mnzp-muzealnik.pl\/?page_id=469"},"modified":"2025-10-22T16:43:02","modified_gmt":"2025-10-22T14:43:02","slug":"grob-wojownika-starowegierskiego-z-koniem-na-przykladzie-gr-6-z-ul-rycerskiej","status":"publish","type":"page","link":"https:\/\/mnzp-muzealnik.pl\/index.php\/strona-glowna\/budynek-glowny-muzeum-narodowego-ziemi-przemyskiej\/panorama-pradziejow-i-wczesnego-sredniowieczaregionu-przemyskiego\/grob-wojownika-starowegierskiego-z-koniem-na-przykladzie-gr-6-z-ul-rycerskiej\/","title":{"rendered":"Gr\u00f3b wojownika starow\u0119gierskiego z koniem (na przyk\u0142adzie gr. 6 z ul. Rycerskiej)"},"content":{"rendered":"\n<p>Poch\u00f3wek m\u0119ski ze szcz\u0105tkami konia z cmentarzyska staromadziarskiego. Znaleziony w Przemy\u015blu w dzielnicy Zasanie i datowany na koniec IX \u2013 1 po\u0142ow\u0119 X w. W 1976 roku odkryto pierwszy poch\u00f3wek staromadziarski na parceli przy \u00f3wczesnej ul. Rycerskiej (dzi\u015b ul. gen. M. Karaszewicza-Tokarzewskiego). W latach 1977-1982 przeprowadzono w tym miejscu prace wykopaliskowe natrafiaj\u0105c w sumie na 16 grob\u00f3w. Cmentarzysko zlokalizowane by\u0142o na wschodniej kraw\u0119dzi cypla b\u0119d\u0105cego odnog\u0105 jednego ze wzg\u00f3rz wznosz\u0105cych si\u0119 na lewym brzegu rzeki San. W\u015br\u00f3d poch\u00f3wk\u00f3w bogactwem inwentarza wyr\u00f3\u017cnia\u0142 si\u0119 gr\u00f3b nr 6. Prostok\u0105tny obiekt o zaokr\u0105glonym boku wschodnim i wymiarach 285 x 80-95 cm zorientowany by\u0142 na osi po\u0142udniowy zach\u00f3d \u2013 p\u00f3\u0142nocny wsch\u00f3d z odchyleniem na wsch\u00f3d. Gr\u00f3b zawiera\u0142 szcz\u0105tki m\u0119\u017cczyzny pochowanego w pozycji wyprostowanej, z r\u0119kami u\u0142o\u017conymi wzd\u0142u\u017c tu\u0142owia i g\u0142ow\u0105 skierowan\u0105 na zach\u00f3d. Po lewej stronie zmar\u0142ego, przy jego nogach, z\u0142o\u017cono czaszk\u0119 oraz ko\u0144czyny konia oraz trzy \u017cebra bydl\u0119ce. W czasie eksploracji grobu natrafiono na liczne przedmioty stanowi\u0105ce wyposa\u017cenie wojownika konnego, na kt\u00f3re sk\u0142ada\u0142y si\u0119 elementy oporz\u0105dzenia je\u017adzieckiego (\u017celazne w\u0119dzid\u0142o, dwa strzemiona, prostok\u0105tna sprz\u0105czka do popr\u0119gu) oraz bro\u0144 (\u017celazne okucia ko\u0142czanu oraz ko\u015bciane okucie \u0142uku refleksyjnego, pi\u0119\u0107 \u017celaznych grot\u00f3w strza\u0142, czekan i okucie pendentu szabli). Przy zmar\u0142ym znaleziono r\u00f3wnie\u017c narz\u0119dzia osobiste i cz\u0119\u015bci stroju: dwie ozdobne br\u0105zowe sprz\u0105czki, okucie pasa, romboidalne okucie sakwy i jej rzemienia, krzesiwo z krzemienn\u0105 ska\u0142k\u0105, d\u0142utko i szyd\u0142o \u017celazne. Podw\u00f3jny pas i bogato zdobiona sakwa wskazuj\u0105, i\u017c zmar\u0142y pe\u0142ni\u0142 wa\u017cn\u0105 funkcj\u0119, prawdopodobnie naczelnika rodowego. Nekropolia ma charakter rz\u0119dowego cmentarzyska rodowego i jest unikatowa w skali Polski. Wyposa\u017cenie grob\u00f3w oraz poch\u00f3wki wojownik\u00f3w wraz ze szcz\u0105tkami koni wskazuj\u0105 na madziarskie pochodzenie zmar\u0142ych stanowi\u0105c bezpo\u015bredni dow\u00f3d obecno\u015bci plemion w\u0119gierskich na p\u00f3\u0142noc od Karpat. Charakter tego pobytu nie jest do ko\u0144ca jasny, nie m\u00f3g\u0142 by\u0107 on jednak kr\u00f3tkotrwa\u0142y, skoro na cmentarzysku opr\u00f3cz poch\u00f3wk\u00f3w m\u0119skich pojawi\u0142y si\u0119 groby kobiet i dzieci. By\u0107 mo\u017ce w rejonie Przemy\u015bla znajdowa\u0142a si\u0119 jedna ze stra\u017cnic, a oddzia\u0142 stacjonuj\u0105cy tutaj mia\u0142 za zadanie broni\u0107 dost\u0119pu do prze\u0142\u0105czy karpackich.<\/p>\n","protected":false},"excerpt":{"rendered":"<p>Poch\u00f3wek m\u0119ski ze szcz\u0105tkami konia z cmentarzyska staromadziarskiego. Znaleziony w Przemy\u015blu w dzielnicy Zasanie i datowany na koniec IX \u2013 1 po\u0142ow\u0119 X w. W 1976 roku odkryto pierwszy poch\u00f3wek staromadziarski na parceli przy \u00f3wczesnej ul. Rycerskiej (dzi\u015b ul. gen. M. Karaszewicza-Tokarzewskiego). W latach 1977-1982 przeprowadzono w tym miejscu prace wykopaliskowe natrafiaj\u0105c w sumie na [&hellip;]<\/p>\n","protected":false},"author":1,"featured_media":878,"parent":123,"menu_order":50,"comment_status":"closed","ping_status":"closed","template":"","meta":{"footnotes":""},"class_list":["post-469","page","type-page","status-publish","has-post-thumbnail","hentry"],"_links":{"self":[{"href":"https:\/\/mnzp-muzealnik.pl\/index.php\/wp-json\/wp\/v2\/pages\/469","targetHints":{"allow":["GET"]}}],"collection":[{"href":"https:\/\/mnzp-muzealnik.pl\/index.php\/wp-json\/wp\/v2\/pages"}],"about":[{"href":"https:\/\/mnzp-muzealnik.pl\/index.php\/wp-json\/wp\/v2\/types\/page"}],"author":[{"embeddable":true,"href":"https:\/\/mnzp-muzealnik.pl\/index.php\/wp-json\/wp\/v2\/users\/1"}],"replies":[{"embeddable":true,"href":"https:\/\/mnzp-muzealnik.pl\/index.php\/wp-json\/wp\/v2\/comments?post=469"}],"version-history":[{"count":2,"href":"https:\/\/mnzp-muzealnik.pl\/index.php\/wp-json\/wp\/v2\/pages\/469\/revisions"}],"predecessor-version":[{"id":879,"href":"https:\/\/mnzp-muzealnik.pl\/index.php\/wp-json\/wp\/v2\/pages\/469\/revisions\/879"}],"up":[{"embeddable":true,"href":"https:\/\/mnzp-muzealnik.pl\/index.php\/wp-json\/wp\/v2\/pages\/123"}],"wp:featuredmedia":[{"embeddable":true,"href":"https:\/\/mnzp-muzealnik.pl\/index.php\/wp-json\/wp\/v2\/media\/878"}],"wp:attachment":[{"href":"https:\/\/mnzp-muzealnik.pl\/index.php\/wp-json\/wp\/v2\/media?parent=469"}],"curies":[{"name":"wp","href":"https:\/\/api.w.org\/{rel}","templated":true}]}}