{"id":477,"date":"2025-10-20T20:22:56","date_gmt":"2025-10-20T18:22:56","guid":{"rendered":"https:\/\/mnzp-muzealnik.pl\/?page_id=477"},"modified":"2025-10-23T16:19:08","modified_gmt":"2025-10-23T14:19:08","slug":"pistolet-vis","status":"publish","type":"page","link":"https:\/\/mnzp-muzealnik.pl\/index.php\/strona-glowna\/budynek-glowny-muzeum-narodowego-ziemi-przemyskiej\/rozstrzelane-miasto-przemysl-w-czasie-iiwojny-swiatowej\/pistolet-vis\/","title":{"rendered":"Pistolet VIS"},"content":{"rendered":"\n<p>Pistolet samopowtarzalny VIS wz\u00f3r 1935 z\u0142o\u017cony z lufy, zamka z suwad\u0142em, spr\u0119\u017cyny powrotnej z \u017cerdzi\u0105, \u0142\u0105cznika-zatrzasku zamkowego, szkieletu z wodzid\u0142ami zamkowymi, urz\u0105dzeniem spustowym z j\u0119zykiem os\u0142oni\u0119tym kab\u0142\u0105kiem, z chwytem z komor\u0105 magazynka i bezpiecznikiem samoczynnym, kurka i magazynku. Lufa o d\u0142ugo\u015bci 120 mm kal. 9 mm.<\/p>\n","protected":false},"excerpt":{"rendered":"<p>Pistolet samopowtarzalny VIS wz\u00f3r 1935 z\u0142o\u017cony z lufy, zamka z suwad\u0142em, spr\u0119\u017cyny powrotnej z \u017cerdzi\u0105, \u0142\u0105cznika-zatrzasku zamkowego, szkieletu z wodzid\u0142ami zamkowymi, urz\u0105dzeniem spustowym z j\u0119zykiem os\u0142oni\u0119tym kab\u0142\u0105kiem, z chwytem z komor\u0105 magazynka i bezpiecznikiem samoczynnym, kurka i magazynku. Lufa o d\u0142ugo\u015bci 120 mm kal. 9 mm.<\/p>\n","protected":false},"author":1,"featured_media":959,"parent":132,"menu_order":92,"comment_status":"closed","ping_status":"closed","template":"","meta":{"footnotes":""},"class_list":["post-477","page","type-page","status-publish","has-post-thumbnail","hentry"],"_links":{"self":[{"href":"https:\/\/mnzp-muzealnik.pl\/index.php\/wp-json\/wp\/v2\/pages\/477","targetHints":{"allow":["GET"]}}],"collection":[{"href":"https:\/\/mnzp-muzealnik.pl\/index.php\/wp-json\/wp\/v2\/pages"}],"about":[{"href":"https:\/\/mnzp-muzealnik.pl\/index.php\/wp-json\/wp\/v2\/types\/page"}],"author":[{"embeddable":true,"href":"https:\/\/mnzp-muzealnik.pl\/index.php\/wp-json\/wp\/v2\/users\/1"}],"replies":[{"embeddable":true,"href":"https:\/\/mnzp-muzealnik.pl\/index.php\/wp-json\/wp\/v2\/comments?post=477"}],"version-history":[{"count":3,"href":"https:\/\/mnzp-muzealnik.pl\/index.php\/wp-json\/wp\/v2\/pages\/477\/revisions"}],"predecessor-version":[{"id":965,"href":"https:\/\/mnzp-muzealnik.pl\/index.php\/wp-json\/wp\/v2\/pages\/477\/revisions\/965"}],"up":[{"embeddable":true,"href":"https:\/\/mnzp-muzealnik.pl\/index.php\/wp-json\/wp\/v2\/pages\/132"}],"wp:featuredmedia":[{"embeddable":true,"href":"https:\/\/mnzp-muzealnik.pl\/index.php\/wp-json\/wp\/v2\/media\/959"}],"wp:attachment":[{"href":"https:\/\/mnzp-muzealnik.pl\/index.php\/wp-json\/wp\/v2\/media?parent=477"}],"curies":[{"name":"wp","href":"https:\/\/api.w.org\/{rel}","templated":true}]}}