{"id":481,"date":"2025-10-20T20:23:10","date_gmt":"2025-10-20T18:23:10","guid":{"rendered":"https:\/\/mnzp-muzealnik.pl\/?page_id=481"},"modified":"2026-01-12T14:00:00","modified_gmt":"2026-01-12T13:00:00","slug":"odznaka-1-pulku-artylerii-przeciwpancernej","status":"publish","type":"page","link":"https:\/\/mnzp-muzealnik.pl\/index.php\/strona-glowna\/budynek-glowny-muzeum-narodowego-ziemi-przemyskiej\/rozstrzelane-miasto-przemysl-w-czasie-iiwojny-swiatowej\/odznaka-1-pulku-artylerii-przeciwpancernej\/","title":{"rendered":"Odznaka 1. pu\u0142ku artylerii przeciwpancernej"},"content":{"rendered":"\n<p>Odznaka pami\u0105tkowa 1. pu\u0142ku artylerii przeciwpancernej 1 dywizji pancernej Wojska Polskiego (PSZ) na Zachodzie, wybita i wyci\u0119ta(?) w metalu, zapewne tombaku, srebrzona i oksydowana, z czarn\u0105, filcow\u0105 podk\u0142adk\u0105. Odznaka owalna, a\u017curowa, z wyci\u0119tym t\u0142em pola wewn\u0119trznego. W otok z napisem: B\u00d3G HONOR I OJCZYZNA &#8211; PIERWSZY PU\u0141K PRZECIWPANCERNY &#8211; 4 XI 1937, przedstawiona posta\u0107 \u015bw. Jerzego na koniu, przebijaj\u0105cego w\u0142\u00f3czni\u0105 smoka<\/p>\n","protected":false},"excerpt":{"rendered":"<p>Odznaka pami\u0105tkowa 1. pu\u0142ku artylerii przeciwpancernej 1 dywizji pancernej Wojska Polskiego (PSZ) na Zachodzie, wybita i wyci\u0119ta(?) w metalu, zapewne tombaku, srebrzona i oksydowana, z czarn\u0105, filcow\u0105 podk\u0142adk\u0105. Odznaka owalna, a\u017curowa, z wyci\u0119tym t\u0142em pola wewn\u0119trznego. W otok z napisem: B\u00d3G HONOR I OJCZYZNA &#8211; PIERWSZY PU\u0141K PRZECIWPANCERNY &#8211; 4 XI 1937, przedstawiona posta\u0107 \u015bw. [&hellip;]<\/p>\n","protected":false},"author":1,"featured_media":972,"parent":132,"menu_order":96,"comment_status":"closed","ping_status":"closed","template":"","meta":{"footnotes":""},"class_list":["post-481","page","type-page","status-publish","has-post-thumbnail","hentry"],"_links":{"self":[{"href":"https:\/\/mnzp-muzealnik.pl\/index.php\/wp-json\/wp\/v2\/pages\/481","targetHints":{"allow":["GET"]}}],"collection":[{"href":"https:\/\/mnzp-muzealnik.pl\/index.php\/wp-json\/wp\/v2\/pages"}],"about":[{"href":"https:\/\/mnzp-muzealnik.pl\/index.php\/wp-json\/wp\/v2\/types\/page"}],"author":[{"embeddable":true,"href":"https:\/\/mnzp-muzealnik.pl\/index.php\/wp-json\/wp\/v2\/users\/1"}],"replies":[{"embeddable":true,"href":"https:\/\/mnzp-muzealnik.pl\/index.php\/wp-json\/wp\/v2\/comments?post=481"}],"version-history":[{"count":3,"href":"https:\/\/mnzp-muzealnik.pl\/index.php\/wp-json\/wp\/v2\/pages\/481\/revisions"}],"predecessor-version":[{"id":1222,"href":"https:\/\/mnzp-muzealnik.pl\/index.php\/wp-json\/wp\/v2\/pages\/481\/revisions\/1222"}],"up":[{"embeddable":true,"href":"https:\/\/mnzp-muzealnik.pl\/index.php\/wp-json\/wp\/v2\/pages\/132"}],"wp:featuredmedia":[{"embeddable":true,"href":"https:\/\/mnzp-muzealnik.pl\/index.php\/wp-json\/wp\/v2\/media\/972"}],"wp:attachment":[{"href":"https:\/\/mnzp-muzealnik.pl\/index.php\/wp-json\/wp\/v2\/media?parent=481"}],"curies":[{"name":"wp","href":"https:\/\/api.w.org\/{rel}","templated":true}]}}