{"id":509,"date":"2025-10-20T20:52:49","date_gmt":"2025-10-20T18:52:49","guid":{"rendered":"https:\/\/mnzp-muzealnik.pl\/?page_id=509"},"modified":"2025-10-23T16:03:35","modified_gmt":"2025-10-23T14:03:35","slug":"pocisk","status":"publish","type":"page","link":"https:\/\/mnzp-muzealnik.pl\/index.php\/strona-glowna\/budynek-glowny-muzeum-narodowego-ziemi-przemyskiej\/twierdza-przemysl\/pocisk\/","title":{"rendered":"P\u0142aszcz pocisku artyleryjskiego"},"content":{"rendered":"\n<p>P\u0142aszcz pocisku artyleryjskiego. P\u0142aszcz wykonany ze stali w kszta\u0142cie walca, zw\u0119\u017conego przy g\u00f3rnej cz\u0119\u015bci. P\u0142aszcz posiada w dolne cz\u0119\u015bci pier\u015bcie\u0144 tzw. \u201eobr\u0105czk\u0119\u201d. W g\u00f3rnej cz\u0119\u015bci p\u0142aszcza widoczne dwa otwory.<\/p>\n","protected":false},"excerpt":{"rendered":"<p>P\u0142aszcz pocisku artyleryjskiego. P\u0142aszcz wykonany ze stali w kszta\u0142cie walca, zw\u0119\u017conego przy g\u00f3rnej cz\u0119\u015bci. P\u0142aszcz posiada w dolne cz\u0119\u015bci pier\u015bcie\u0144 tzw. \u201eobr\u0105czk\u0119\u201d. W g\u00f3rnej cz\u0119\u015bci p\u0142aszcza widoczne dwa otwory.<\/p>\n","protected":false},"author":1,"featured_media":932,"parent":130,"menu_order":73,"comment_status":"closed","ping_status":"closed","template":"","meta":{"footnotes":""},"class_list":["post-509","page","type-page","status-publish","has-post-thumbnail","hentry"],"_links":{"self":[{"href":"https:\/\/mnzp-muzealnik.pl\/index.php\/wp-json\/wp\/v2\/pages\/509","targetHints":{"allow":["GET"]}}],"collection":[{"href":"https:\/\/mnzp-muzealnik.pl\/index.php\/wp-json\/wp\/v2\/pages"}],"about":[{"href":"https:\/\/mnzp-muzealnik.pl\/index.php\/wp-json\/wp\/v2\/types\/page"}],"author":[{"embeddable":true,"href":"https:\/\/mnzp-muzealnik.pl\/index.php\/wp-json\/wp\/v2\/users\/1"}],"replies":[{"embeddable":true,"href":"https:\/\/mnzp-muzealnik.pl\/index.php\/wp-json\/wp\/v2\/comments?post=509"}],"version-history":[{"count":2,"href":"https:\/\/mnzp-muzealnik.pl\/index.php\/wp-json\/wp\/v2\/pages\/509\/revisions"}],"predecessor-version":[{"id":933,"href":"https:\/\/mnzp-muzealnik.pl\/index.php\/wp-json\/wp\/v2\/pages\/509\/revisions\/933"}],"up":[{"embeddable":true,"href":"https:\/\/mnzp-muzealnik.pl\/index.php\/wp-json\/wp\/v2\/pages\/130"}],"wp:featuredmedia":[{"embeddable":true,"href":"https:\/\/mnzp-muzealnik.pl\/index.php\/wp-json\/wp\/v2\/media\/932"}],"wp:attachment":[{"href":"https:\/\/mnzp-muzealnik.pl\/index.php\/wp-json\/wp\/v2\/media?parent=509"}],"curies":[{"name":"wp","href":"https:\/\/api.w.org\/{rel}","templated":true}]}}