{"id":511,"date":"2025-10-20T20:52:55","date_gmt":"2025-10-20T18:52:55","guid":{"rendered":"https:\/\/mnzp-muzealnik.pl\/?page_id=511"},"modified":"2025-10-23T16:07:35","modified_gmt":"2025-10-23T14:07:35","slug":"pioro","status":"publish","type":"page","link":"https:\/\/mnzp-muzealnik.pl\/index.php\/strona-glowna\/budynek-glowny-muzeum-narodowego-ziemi-przemyskiej\/twierdza-przemysl\/pioro\/","title":{"rendered":"Pi\u00f3ro"},"content":{"rendered":"\n<p>Pi\u00f3ro z\u0142ote ze z\u0142ot\u0105 stal\u00f3wk\u0105 osadzon\u0105 na czarnej obsadce. Pi\u00f3ro to zosta\u0142o ofiarowane cesarzowi Austrii Franciszkowi J\u00f3zefowi I w czasie pobytu w Przemy\u015blu. Wpisa\u0142 si\u0119 nim do ksi\u0119gi pami\u0105tkowej Obywateli Honorowych Miasta Przemy\u015bla<\/p>\n","protected":false},"excerpt":{"rendered":"<p>Pi\u00f3ro z\u0142ote ze z\u0142ot\u0105 stal\u00f3wk\u0105 osadzon\u0105 na czarnej obsadce. Pi\u00f3ro to zosta\u0142o ofiarowane cesarzowi Austrii Franciszkowi J\u00f3zefowi I w czasie pobytu w Przemy\u015blu. Wpisa\u0142 si\u0119 nim do ksi\u0119gi pami\u0105tkowej Obywateli Honorowych Miasta Przemy\u015bla<\/p>\n","protected":false},"author":1,"featured_media":937,"parent":130,"menu_order":75,"comment_status":"closed","ping_status":"closed","template":"","meta":{"footnotes":""},"class_list":["post-511","page","type-page","status-publish","has-post-thumbnail","hentry"],"_links":{"self":[{"href":"https:\/\/mnzp-muzealnik.pl\/index.php\/wp-json\/wp\/v2\/pages\/511","targetHints":{"allow":["GET"]}}],"collection":[{"href":"https:\/\/mnzp-muzealnik.pl\/index.php\/wp-json\/wp\/v2\/pages"}],"about":[{"href":"https:\/\/mnzp-muzealnik.pl\/index.php\/wp-json\/wp\/v2\/types\/page"}],"author":[{"embeddable":true,"href":"https:\/\/mnzp-muzealnik.pl\/index.php\/wp-json\/wp\/v2\/users\/1"}],"replies":[{"embeddable":true,"href":"https:\/\/mnzp-muzealnik.pl\/index.php\/wp-json\/wp\/v2\/comments?post=511"}],"version-history":[{"count":2,"href":"https:\/\/mnzp-muzealnik.pl\/index.php\/wp-json\/wp\/v2\/pages\/511\/revisions"}],"predecessor-version":[{"id":938,"href":"https:\/\/mnzp-muzealnik.pl\/index.php\/wp-json\/wp\/v2\/pages\/511\/revisions\/938"}],"up":[{"embeddable":true,"href":"https:\/\/mnzp-muzealnik.pl\/index.php\/wp-json\/wp\/v2\/pages\/130"}],"wp:featuredmedia":[{"embeddable":true,"href":"https:\/\/mnzp-muzealnik.pl\/index.php\/wp-json\/wp\/v2\/media\/937"}],"wp:attachment":[{"href":"https:\/\/mnzp-muzealnik.pl\/index.php\/wp-json\/wp\/v2\/media?parent=511"}],"curies":[{"name":"wp","href":"https:\/\/api.w.org\/{rel}","templated":true}]}}