{"id":513,"date":"2025-10-20T20:53:03","date_gmt":"2025-10-20T18:53:03","guid":{"rendered":"https:\/\/mnzp-muzealnik.pl\/?page_id=513"},"modified":"2025-10-23T16:10:08","modified_gmt":"2025-10-23T14:10:08","slug":"buzdygan-okopowy","status":"publish","type":"page","link":"https:\/\/mnzp-muzealnik.pl\/index.php\/strona-glowna\/budynek-glowny-muzeum-narodowego-ziemi-przemyskiej\/twierdza-przemysl\/buzdygan-okopowy\/","title":{"rendered":"Buzdygan okopowy"},"content":{"rendered":"\n<p>Buzdygan okopowy, stosowany by\u0142 przez wojska C.K. monarchii w czasie Wielkiej Wojny. S\u0142u\u017cy\u0142 do obrony ataku na okopy. Buzdygan ma drewnian\u0105 r\u0119koje\u015b\u0107, na zako\u0144czeniu kt\u00f3rej znajduje si\u0119 \u017celazna g\u0142owica o nieregularnym kszta\u0142cie.<\/p>\n","protected":false},"excerpt":{"rendered":"<p>Buzdygan okopowy, stosowany by\u0142 przez wojska C.K. monarchii w czasie Wielkiej Wojny. S\u0142u\u017cy\u0142 do obrony ataku na okopy. Buzdygan ma drewnian\u0105 r\u0119koje\u015b\u0107, na zako\u0144czeniu kt\u00f3rej znajduje si\u0119 \u017celazna g\u0142owica o nieregularnym kszta\u0142cie.<\/p>\n","protected":false},"author":1,"featured_media":942,"parent":130,"menu_order":77,"comment_status":"closed","ping_status":"closed","template":"","meta":{"footnotes":""},"class_list":["post-513","page","type-page","status-publish","has-post-thumbnail","hentry"],"_links":{"self":[{"href":"https:\/\/mnzp-muzealnik.pl\/index.php\/wp-json\/wp\/v2\/pages\/513","targetHints":{"allow":["GET"]}}],"collection":[{"href":"https:\/\/mnzp-muzealnik.pl\/index.php\/wp-json\/wp\/v2\/pages"}],"about":[{"href":"https:\/\/mnzp-muzealnik.pl\/index.php\/wp-json\/wp\/v2\/types\/page"}],"author":[{"embeddable":true,"href":"https:\/\/mnzp-muzealnik.pl\/index.php\/wp-json\/wp\/v2\/users\/1"}],"replies":[{"embeddable":true,"href":"https:\/\/mnzp-muzealnik.pl\/index.php\/wp-json\/wp\/v2\/comments?post=513"}],"version-history":[{"count":2,"href":"https:\/\/mnzp-muzealnik.pl\/index.php\/wp-json\/wp\/v2\/pages\/513\/revisions"}],"predecessor-version":[{"id":943,"href":"https:\/\/mnzp-muzealnik.pl\/index.php\/wp-json\/wp\/v2\/pages\/513\/revisions\/943"}],"up":[{"embeddable":true,"href":"https:\/\/mnzp-muzealnik.pl\/index.php\/wp-json\/wp\/v2\/pages\/130"}],"wp:featuredmedia":[{"embeddable":true,"href":"https:\/\/mnzp-muzealnik.pl\/index.php\/wp-json\/wp\/v2\/media\/942"}],"wp:attachment":[{"href":"https:\/\/mnzp-muzealnik.pl\/index.php\/wp-json\/wp\/v2\/media?parent=513"}],"curies":[{"name":"wp","href":"https:\/\/api.w.org\/{rel}","templated":true}]}}