{"id":515,"date":"2025-10-20T20:53:08","date_gmt":"2025-10-20T18:53:08","guid":{"rendered":"https:\/\/mnzp-muzealnik.pl\/?page_id=515"},"modified":"2025-10-23T16:12:37","modified_gmt":"2025-10-23T14:12:37","slug":"bagnet","status":"publish","type":"page","link":"https:\/\/mnzp-muzealnik.pl\/index.php\/strona-glowna\/budynek-glowny-muzeum-narodowego-ziemi-przemyskiej\/twierdza-przemysl\/bagnet\/","title":{"rendered":"Bagnet M95 z pochw\u0105"},"content":{"rendered":"\n<p>Austro-W\u0119gierski bagnet wz. 95 z pochw\u0105 do karabinu Mannlicher wz. 95, oficerski. Bagnet posiada drewniane ok\u0142adziny r\u0119koje\u015bci mocowane dwoma nitami do trzpienia. G\u0142owica stalowa posiadaj\u0105ca sko\u015bn\u0105 kraw\u0119d\u017a doln\u0105 wychylona ku przodowi. Przycisk zatrzasku po stronie zewn\u0119trznej. Jelec stalowy z zaokr\u0105glonym ramieniem oraz otworem przeznaczonym na luf\u0119 karabinu. Pochwa do bagnetu z widocznymi dwoma nitami.<\/p>\n","protected":false},"excerpt":{"rendered":"<p>Austro-W\u0119gierski bagnet wz. 95 z pochw\u0105 do karabinu Mannlicher wz. 95, oficerski. Bagnet posiada drewniane ok\u0142adziny r\u0119koje\u015bci mocowane dwoma nitami do trzpienia. G\u0142owica stalowa posiadaj\u0105ca sko\u015bn\u0105 kraw\u0119d\u017a doln\u0105 wychylona ku przodowi. Przycisk zatrzasku po stronie zewn\u0119trznej. Jelec stalowy z zaokr\u0105glonym ramieniem oraz otworem przeznaczonym na luf\u0119 karabinu. Pochwa do bagnetu z widocznymi dwoma nitami.<\/p>\n","protected":false},"author":1,"featured_media":947,"parent":130,"menu_order":79,"comment_status":"closed","ping_status":"closed","template":"","meta":{"footnotes":""},"class_list":["post-515","page","type-page","status-publish","has-post-thumbnail","hentry"],"_links":{"self":[{"href":"https:\/\/mnzp-muzealnik.pl\/index.php\/wp-json\/wp\/v2\/pages\/515","targetHints":{"allow":["GET"]}}],"collection":[{"href":"https:\/\/mnzp-muzealnik.pl\/index.php\/wp-json\/wp\/v2\/pages"}],"about":[{"href":"https:\/\/mnzp-muzealnik.pl\/index.php\/wp-json\/wp\/v2\/types\/page"}],"author":[{"embeddable":true,"href":"https:\/\/mnzp-muzealnik.pl\/index.php\/wp-json\/wp\/v2\/users\/1"}],"replies":[{"embeddable":true,"href":"https:\/\/mnzp-muzealnik.pl\/index.php\/wp-json\/wp\/v2\/comments?post=515"}],"version-history":[{"count":2,"href":"https:\/\/mnzp-muzealnik.pl\/index.php\/wp-json\/wp\/v2\/pages\/515\/revisions"}],"predecessor-version":[{"id":948,"href":"https:\/\/mnzp-muzealnik.pl\/index.php\/wp-json\/wp\/v2\/pages\/515\/revisions\/948"}],"up":[{"embeddable":true,"href":"https:\/\/mnzp-muzealnik.pl\/index.php\/wp-json\/wp\/v2\/pages\/130"}],"wp:featuredmedia":[{"embeddable":true,"href":"https:\/\/mnzp-muzealnik.pl\/index.php\/wp-json\/wp\/v2\/media\/947"}],"wp:attachment":[{"href":"https:\/\/mnzp-muzealnik.pl\/index.php\/wp-json\/wp\/v2\/media?parent=515"}],"curies":[{"name":"wp","href":"https:\/\/api.w.org\/{rel}","templated":true}]}}