{"id":517,"date":"2025-10-20T20:53:13","date_gmt":"2025-10-20T18:53:13","guid":{"rendered":"https:\/\/mnzp-muzealnik.pl\/?page_id=517"},"modified":"2025-10-23T16:15:50","modified_gmt":"2025-10-23T14:15:50","slug":"manierka","status":"publish","type":"page","link":"https:\/\/mnzp-muzealnik.pl\/index.php\/strona-glowna\/budynek-glowny-muzeum-narodowego-ziemi-przemyskiej\/twierdza-przemysl\/manierka\/","title":{"rendered":"Manierka"},"content":{"rendered":"\n<p>Manierka aluminiowa. Kszta\u0142tem zbli\u017cona do owalu z d\u0142ug\u0105 szyjk\u0105 zako\u0144czon\u0105 podw\u00f3jnym gwintem. Na nakr\u0119tce pier\u015bcie\u0144 z karb\u00f3w. Na pierwszy gwint zak\u0142adany aluminiowy kieliszek s\u0142u\u017c\u0105cy zapewne do spo\u017cywania alkoholu. Brak oznakowa\u0144.<\/p>\n","protected":false},"excerpt":{"rendered":"<p>Manierka aluminiowa. Kszta\u0142tem zbli\u017cona do owalu z d\u0142ug\u0105 szyjk\u0105 zako\u0144czon\u0105 podw\u00f3jnym gwintem. Na nakr\u0119tce pier\u015bcie\u0144 z karb\u00f3w. Na pierwszy gwint zak\u0142adany aluminiowy kieliszek s\u0142u\u017c\u0105cy zapewne do spo\u017cywania alkoholu. Brak oznakowa\u0144.<\/p>\n","protected":false},"author":1,"featured_media":952,"parent":130,"menu_order":81,"comment_status":"closed","ping_status":"closed","template":"","meta":{"footnotes":""},"class_list":["post-517","page","type-page","status-publish","has-post-thumbnail","hentry"],"_links":{"self":[{"href":"https:\/\/mnzp-muzealnik.pl\/index.php\/wp-json\/wp\/v2\/pages\/517","targetHints":{"allow":["GET"]}}],"collection":[{"href":"https:\/\/mnzp-muzealnik.pl\/index.php\/wp-json\/wp\/v2\/pages"}],"about":[{"href":"https:\/\/mnzp-muzealnik.pl\/index.php\/wp-json\/wp\/v2\/types\/page"}],"author":[{"embeddable":true,"href":"https:\/\/mnzp-muzealnik.pl\/index.php\/wp-json\/wp\/v2\/users\/1"}],"replies":[{"embeddable":true,"href":"https:\/\/mnzp-muzealnik.pl\/index.php\/wp-json\/wp\/v2\/comments?post=517"}],"version-history":[{"count":2,"href":"https:\/\/mnzp-muzealnik.pl\/index.php\/wp-json\/wp\/v2\/pages\/517\/revisions"}],"predecessor-version":[{"id":953,"href":"https:\/\/mnzp-muzealnik.pl\/index.php\/wp-json\/wp\/v2\/pages\/517\/revisions\/953"}],"up":[{"embeddable":true,"href":"https:\/\/mnzp-muzealnik.pl\/index.php\/wp-json\/wp\/v2\/pages\/130"}],"wp:featuredmedia":[{"embeddable":true,"href":"https:\/\/mnzp-muzealnik.pl\/index.php\/wp-json\/wp\/v2\/media\/952"}],"wp:attachment":[{"href":"https:\/\/mnzp-muzealnik.pl\/index.php\/wp-json\/wp\/v2\/media?parent=517"}],"curies":[{"name":"wp","href":"https:\/\/api.w.org\/{rel}","templated":true}]}}