{"id":530,"date":"2025-10-20T21:22:40","date_gmt":"2025-10-20T19:22:40","guid":{"rendered":"https:\/\/mnzp-muzealnik.pl\/?page_id=530"},"modified":"2025-10-20T21:23:06","modified_gmt":"2025-10-20T19:23:06","slug":"museum-of-bells-and-pipes","status":"publish","type":"page","link":"https:\/\/mnzp-muzealnik.pl\/index.php\/en\/main-page\/museum-of-bells-and-pipes\/","title":{"rendered":"Museum of Bells and Pipes"},"content":{"rendered":"<ul class=\"wp-block-page-list\"><li class=\"wp-block-pages-list__item\"><a class=\"wp-block-pages-list__item__link\" href=\"https:\/\/mnzp-muzealnik.pl\/index.php\/en\/main-page\/museum-of-bells-and-pipes\/horse-headed-pipe\/\">Horse-Headed Pipe<\/a><\/li><li class=\"wp-block-pages-list__item\"><a class=\"wp-block-pages-list__item__link\" href=\"https:\/\/mnzp-muzealnik.pl\/index.php\/en\/main-page\/museum-of-bells-and-pipes\/a-bell-bearing-the-przemysl-coat-of-arms-from-the-partition-period-mounted-on-a-yoke\/\">A bell bearing the Przemy\u015bl coat of arms from the partition period, mounted on a yoke<\/a><\/li><li class=\"wp-block-pages-list__item\"><a class=\"wp-block-pages-list__item__link\" href=\"https:\/\/mnzp-muzealnik.pl\/index.php\/en\/main-page\/museum-of-bells-and-pipes\/the-paul-bell-from-daromin\/\">The Paul Bell from Daromin<\/a><\/li><li class=\"wp-block-pages-list__item\"><a class=\"wp-block-pages-list__item__link\" href=\"https:\/\/mnzp-muzealnik.pl\/index.php\/en\/main-page\/museum-of-bells-and-pipes\/ludwik-felczynski-with-his-partners-wladyslaw-buciak-and-alojzy-kedzielski-in-front-of-the-przemysl-foundry\/\">Ludwik Felczy\u0144ski with his partners: W\u0142adys\u0142aw Buciak and Alojzy K\u0119dzielski in front of the Przemy\u015bl foundry<\/a><\/li><li class=\"wp-block-pages-list__item\"><a class=\"wp-block-pages-list__item__link\" href=\"https:\/\/mnzp-muzealnik.pl\/index.php\/en\/main-page\/museum-of-bells-and-pipes\/a-concentration-camp-prisoners-pipe\/\">A concentration camp prisoner&#8217;s pipe<\/a><\/li><li class=\"wp-block-pages-list__item\"><a class=\"wp-block-pages-list__item__link\" href=\"https:\/\/mnzp-muzealnik.pl\/index.php\/en\/main-page\/museum-of-bells-and-pipes\/1863-uprising-pipe\/\">1863 Uprising Pipe<\/a><\/li><li class=\"wp-block-pages-list__item\"><a class=\"wp-block-pages-list__item__link\" href=\"https:\/\/mnzp-muzealnik.pl\/index.php\/en\/main-page\/museum-of-bells-and-pipes\/cigarette-holders\/\">Cigarette Holders<\/a><\/li><li class=\"wp-block-pages-list__item\"><a class=\"wp-block-pages-list__item__link\" href=\"https:\/\/mnzp-muzealnik.pl\/index.php\/en\/main-page\/museum-of-bells-and-pipes\/pipe-with-a-boy-from-barbizon\/\">Pipe with a Boy from Barbizon<\/a><\/li><li class=\"wp-block-pages-list__item\"><a class=\"wp-block-pages-list__item__link\" href=\"https:\/\/mnzp-muzealnik.pl\/index.php\/en\/main-page\/museum-of-bells-and-pipes\/hungarian-style-pipe-bowl-so-called-millennium-pipe\/\">&#8222;Hungarian&#8221;-style pipe bowl, so-called &#8222;Millennium Pipe&#8221;<\/a><\/li><li class=\"wp-block-pages-list__item\"><a class=\"wp-block-pages-list__item__link\" href=\"https:\/\/mnzp-muzealnik.pl\/index.php\/en\/main-page\/museum-of-bells-and-pipes\/bell-with-the-przemysl-coat-of-arms-with-suspension\/\">Bell with the Przemy\u015bl coat of arms, with suspension<\/a><\/li><li class=\"wp-block-pages-list__item\"><a class=\"wp-block-pages-list__item__link\" href=\"https:\/\/mnzp-muzealnik.pl\/index.php\/en\/main-page\/museum-of-bells-and-pipes\/handbell-with-neo-mannerist-decoration\/\">Handbell with Neo-Mannerist Decoration<\/a><\/li><li class=\"wp-block-pages-list__item\"><a class=\"wp-block-pages-list__item__link\" href=\"https:\/\/mnzp-muzealnik.pl\/index.php\/en\/main-page\/museum-of-bells-and-pipes\/crucifixion-plaque-from-the-dylagowa-bell\/\">&#8222;Crucifixion&#8221; Plaque from the Dyl\u0105gowa Bell<\/a><\/li><li class=\"wp-block-pages-list__item\"><a class=\"wp-block-pages-list__item__link\" href=\"https:\/\/mnzp-muzealnik.pl\/index.php\/en\/main-page\/museum-of-bells-and-pipes\/meerschaum-cigarette-holder-with-horses\/\">Meerschaum Cigarette Holder with Horses<\/a><\/li><li class=\"wp-block-pages-list__item\"><a class=\"wp-block-pages-list__item__link\" href=\"https:\/\/mnzp-muzealnik.pl\/index.php\/en\/main-page\/museum-of-bells-and-pipes\/compound-pipe\/\">Compound Pipe<\/a><\/li><li class=\"wp-block-pages-list__item\"><a class=\"wp-block-pages-list__item__link\" href=\"https:\/\/mnzp-muzealnik.pl\/index.php\/en\/main-page\/museum-of-bells-and-pipes\/ash-pan\/\">Ash Pan<\/a><\/li><li class=\"wp-block-pages-list__item\"><a class=\"wp-block-pages-list__item__link\" href=\"https:\/\/mnzp-muzealnik.pl\/index.php\/en\/main-page\/museum-of-bells-and-pipes\/cannon\/\">Cannon<\/a><\/li><li class=\"wp-block-pages-list__item\"><a class=\"wp-block-pages-list__item__link\" href=\"https:\/\/mnzp-muzealnik.pl\/index.php\/en\/main-page\/museum-of-bells-and-pipes\/jozef-wilks-plaster-bell-decoration-designs\/\">J\u00f3zef Wilk&#8217;s Plaster Bell Decoration Designs<\/a><\/li><li class=\"wp-block-pages-list__item\"><a class=\"wp-block-pages-list__item__link\" href=\"https:\/\/mnzp-muzealnik.pl\/index.php\/en\/main-page\/museum-of-bells-and-pipes\/warehouse-bell-collection\/\">Warehouse (bell collection)<\/a><\/li><\/ul>","protected":false},"excerpt":{"rendered":"","protected":false},"author":1,"featured_media":0,"parent":214,"menu_order":0,"comment_status":"closed","ping_status":"closed","template":"","meta":{"footnotes":""},"class_list":["post-530","page","type-page","status-publish","hentry"],"_links":{"self":[{"href":"https:\/\/mnzp-muzealnik.pl\/index.php\/wp-json\/wp\/v2\/pages\/530","targetHints":{"allow":["GET"]}}],"collection":[{"href":"https:\/\/mnzp-muzealnik.pl\/index.php\/wp-json\/wp\/v2\/pages"}],"about":[{"href":"https:\/\/mnzp-muzealnik.pl\/index.php\/wp-json\/wp\/v2\/types\/page"}],"author":[{"embeddable":true,"href":"https:\/\/mnzp-muzealnik.pl\/index.php\/wp-json\/wp\/v2\/users\/1"}],"replies":[{"embeddable":true,"href":"https:\/\/mnzp-muzealnik.pl\/index.php\/wp-json\/wp\/v2\/comments?post=530"}],"version-history":[{"count":2,"href":"https:\/\/mnzp-muzealnik.pl\/index.php\/wp-json\/wp\/v2\/pages\/530\/revisions"}],"predecessor-version":[{"id":532,"href":"https:\/\/mnzp-muzealnik.pl\/index.php\/wp-json\/wp\/v2\/pages\/530\/revisions\/532"}],"up":[{"embeddable":true,"href":"https:\/\/mnzp-muzealnik.pl\/index.php\/wp-json\/wp\/v2\/pages\/214"}],"wp:attachment":[{"href":"https:\/\/mnzp-muzealnik.pl\/index.php\/wp-json\/wp\/v2\/media?parent=530"}],"curies":[{"name":"wp","href":"https:\/\/api.w.org\/{rel}","templated":true}]}}