{"id":550,"date":"2025-10-20T21:36:33","date_gmt":"2025-10-20T19:36:33","guid":{"rendered":"https:\/\/mnzp-muzealnik.pl\/?page_id=550"},"modified":"2025-10-20T21:41:01","modified_gmt":"2025-10-20T19:41:01","slug":"kurek","status":"publish","type":"page","link":"https:\/\/mnzp-muzealnik.pl\/index.php\/strona-glowna\/muzeum-historii-miasta-przemysla\/wielka-izba\/kurek\/","title":{"rendered":"Kurek"},"content":{"rendered":"\n<p>Nie wiadomo sk\u0105d wzi\u0119\u0142a si\u0119 nazwa pomieszczenia, ale pojawia si\u0119 stosunkowo wcze\u015bnie w opisach krakowskich i przemyskich kamienic. Oznacza ono niewielk\u0105 izb\u0119 znajduj\u0105c\u0105 si\u0119 w tylnym trakcie kamienicy, nad sieni\u0105 prowadz\u0105c\u0105 na zaplecze budynku. Jej istnienie wynika\u0142o z faktu, i\u017c tylne sienie by\u0142y o wiele w\u0119\u017csze od przednich i odpowiednio ni\u017csze od pozosta\u0142ych pomieszcze\u0144, co dawa\u0142o dodatkow\u0105 przestrze\u0144 pomi\u0119dzy sklepieniem sieni, a stropem pierwszego pi\u0119tra. Wykorzystywano j\u0105 wi\u0119c na dodatkowe wn\u0119trza. Wed\u0142ug zapis\u00f3w w archiwalnych inwentarzach, mia\u0142y one niedu\u017ce okratowane okno, czasem z metalow\u0105 okiennic\u0105, co wskazuje, i\u017c przechowywano w nich cenne przedmioty. Dost\u0119p dodatkowo utrudnia\u0142o umieszczenie wej\u015bcia w wielkiej izbie, a nie bezpo\u015brednio z klatki schodowej.<\/p>\n","protected":false},"excerpt":{"rendered":"<p>Nie wiadomo sk\u0105d wzi\u0119\u0142a si\u0119 nazwa pomieszczenia, ale pojawia si\u0119 stosunkowo wcze\u015bnie w opisach krakowskich i przemyskich kamienic. Oznacza ono niewielk\u0105 izb\u0119 znajduj\u0105c\u0105 si\u0119 w tylnym trakcie kamienicy, nad sieni\u0105 prowadz\u0105c\u0105 na zaplecze budynku. Jej istnienie wynika\u0142o z faktu, i\u017c tylne sienie by\u0142y o wiele w\u0119\u017csze od przednich i odpowiednio ni\u017csze od pozosta\u0142ych pomieszcze\u0144, co [&hellip;]<\/p>\n","protected":false},"author":1,"featured_media":0,"parent":153,"menu_order":104,"comment_status":"closed","ping_status":"closed","template":"","meta":{"footnotes":""},"class_list":["post-550","page","type-page","status-publish","hentry"],"_links":{"self":[{"href":"https:\/\/mnzp-muzealnik.pl\/index.php\/wp-json\/wp\/v2\/pages\/550","targetHints":{"allow":["GET"]}}],"collection":[{"href":"https:\/\/mnzp-muzealnik.pl\/index.php\/wp-json\/wp\/v2\/pages"}],"about":[{"href":"https:\/\/mnzp-muzealnik.pl\/index.php\/wp-json\/wp\/v2\/types\/page"}],"author":[{"embeddable":true,"href":"https:\/\/mnzp-muzealnik.pl\/index.php\/wp-json\/wp\/v2\/users\/1"}],"replies":[{"embeddable":true,"href":"https:\/\/mnzp-muzealnik.pl\/index.php\/wp-json\/wp\/v2\/comments?post=550"}],"version-history":[{"count":2,"href":"https:\/\/mnzp-muzealnik.pl\/index.php\/wp-json\/wp\/v2\/pages\/550\/revisions"}],"predecessor-version":[{"id":553,"href":"https:\/\/mnzp-muzealnik.pl\/index.php\/wp-json\/wp\/v2\/pages\/550\/revisions\/553"}],"up":[{"embeddable":true,"href":"https:\/\/mnzp-muzealnik.pl\/index.php\/wp-json\/wp\/v2\/pages\/153"}],"wp:attachment":[{"href":"https:\/\/mnzp-muzealnik.pl\/index.php\/wp-json\/wp\/v2\/media?parent=550"}],"curies":[{"name":"wp","href":"https:\/\/api.w.org\/{rel}","templated":true}]}}