{"id":555,"date":"2025-10-20T21:41:21","date_gmt":"2025-10-20T19:41:21","guid":{"rendered":"https:\/\/mnzp-muzealnik.pl\/?page_id=555"},"modified":"2025-10-20T21:52:00","modified_gmt":"2025-10-20T19:52:00","slug":"tasak-do-miesa-z-koniem","status":"publish","type":"page","link":"https:\/\/mnzp-muzealnik.pl\/index.php\/strona-glowna\/muzeum-historii-miasta-przemysla\/wnetrza-mieszczanskie\/tasak-do-miesa-z-koniem\/","title":{"rendered":"Tasak do mi\u0119sa z koniem"},"content":{"rendered":"\n<p>Tasak \u2013 przyrz\u0105d do porcjowania mi\u0119sa, sk\u0142ada si\u0119 z ostrza i uchwytu. Pochodzenie Austro-W\u0119gry, XIX\/XX w, o wymiarach szeroko\u015b\u0107: 14 cm i d\u0142ugo\u015b\u0107: 29 cm. Szerokie, a\u017curowe ostrze jest wykonane ze stali. Zosta\u0142o wyci\u0119te po konturze w kszta\u0142t biegn\u0105cego konia, z \u0142ukowato u\u0142o\u017conym szerokim pasem gruntu pod nogami. Dzi\u0119ki wyci\u0119ciu dw\u00f3ch otwor\u00f3w w powierzchni zosta\u0142 uzyskany kszta\u0142t n\u00f3g, tylko trzech, poniewa\u017c dwie przednie zosta\u0142y potraktowane jako ca\u0142o\u015b\u0107, tylko szersza od tylnych. Dolna kraw\u0119d\u017a pasa jest zaostrzona i tworzy w\u0142a\u015bciw\u0105 powierzchni\u0119 tn\u0105c\u0105. Szeroki ogon, u\u0142o\u017cony poziomo przechodzi bezpo\u015brednio w trzon uchwytu. Uchwyt jest lekko rozszerzony ku ty\u0142owi, prosto zako\u0144czony. Do trzonu zamocowane s\u0105 p\u0142askie ok\u0142adziny, dopasowane do niego szeroko\u015bci\u0105. Ok\u0142adziny s\u0105 wykonane z masy rogowej i przymocowane nitami. Na g\u0142owie konia w miejscu oka zamontowana jest jego imitacja z mosi\u0119\u017cnego nitu na szerszej, mosi\u0119\u017cnej podk\u0142adce.<\/p>\n","protected":false},"excerpt":{"rendered":"<p>Tasak \u2013 przyrz\u0105d do porcjowania mi\u0119sa, sk\u0142ada si\u0119 z ostrza i uchwytu. Pochodzenie Austro-W\u0119gry, XIX\/XX w, o wymiarach szeroko\u015b\u0107: 14 cm i d\u0142ugo\u015b\u0107: 29 cm. Szerokie, a\u017curowe ostrze jest wykonane ze stali. Zosta\u0142o wyci\u0119te po konturze w kszta\u0142t biegn\u0105cego konia, z \u0142ukowato u\u0142o\u017conym szerokim pasem gruntu pod nogami. Dzi\u0119ki wyci\u0119ciu dw\u00f3ch otwor\u00f3w w powierzchni zosta\u0142 [&hellip;]<\/p>\n","protected":false},"author":1,"featured_media":558,"parent":157,"menu_order":105,"comment_status":"closed","ping_status":"closed","template":"","meta":{"footnotes":""},"class_list":["post-555","page","type-page","status-publish","has-post-thumbnail","hentry"],"_links":{"self":[{"href":"https:\/\/mnzp-muzealnik.pl\/index.php\/wp-json\/wp\/v2\/pages\/555","targetHints":{"allow":["GET"]}}],"collection":[{"href":"https:\/\/mnzp-muzealnik.pl\/index.php\/wp-json\/wp\/v2\/pages"}],"about":[{"href":"https:\/\/mnzp-muzealnik.pl\/index.php\/wp-json\/wp\/v2\/types\/page"}],"author":[{"embeddable":true,"href":"https:\/\/mnzp-muzealnik.pl\/index.php\/wp-json\/wp\/v2\/users\/1"}],"replies":[{"embeddable":true,"href":"https:\/\/mnzp-muzealnik.pl\/index.php\/wp-json\/wp\/v2\/comments?post=555"}],"version-history":[{"count":2,"href":"https:\/\/mnzp-muzealnik.pl\/index.php\/wp-json\/wp\/v2\/pages\/555\/revisions"}],"predecessor-version":[{"id":559,"href":"https:\/\/mnzp-muzealnik.pl\/index.php\/wp-json\/wp\/v2\/pages\/555\/revisions\/559"}],"up":[{"embeddable":true,"href":"https:\/\/mnzp-muzealnik.pl\/index.php\/wp-json\/wp\/v2\/pages\/157"}],"wp:featuredmedia":[{"embeddable":true,"href":"https:\/\/mnzp-muzealnik.pl\/index.php\/wp-json\/wp\/v2\/media\/558"}],"wp:attachment":[{"href":"https:\/\/mnzp-muzealnik.pl\/index.php\/wp-json\/wp\/v2\/media?parent=555"}],"curies":[{"name":"wp","href":"https:\/\/api.w.org\/{rel}","templated":true}]}}