{"id":567,"date":"2025-10-20T21:56:37","date_gmt":"2025-10-20T19:56:37","guid":{"rendered":"https:\/\/mnzp-muzealnik.pl\/?page_id=567"},"modified":"2025-10-20T21:57:39","modified_gmt":"2025-10-20T19:57:39","slug":"bibularz","status":"publish","type":"page","link":"https:\/\/mnzp-muzealnik.pl\/index.php\/strona-glowna\/muzeum-historii-miasta-przemysla\/wnetrza-mieszczanskie\/bibularz\/","title":{"rendered":"Bibularz"},"content":{"rendered":"\n<p>Bibularz \u2013 przyrz\u0105d s\u0142u\u017c\u0105cy do osuszania atramentu. Pochodzenie Polska, Przemy\u015bl, ok. po\u0142. XX w. o wymiarach 11 cm wysoko\u015bci, 11 cm szeroko\u015bci, 8,2 cm g\u0142\u0119boko\u015bci. Sk\u0142ada si\u0119 z dw\u00f3ch cz\u0119\u015bci \u2013 prostok\u0105tnego wierzchu z uchwytem i p\u00f3\u0142okr\u0105g\u0142ej dolnej cz\u0119\u015bci, w\u0142a\u015bciwej suszki. Wierzch jest wykonany z trzech p\u0142ytek u\u0142o\u017conych jedna na drugiej. \u015arodkowa jest wyci\u0119ta z ciemnobr\u0105zowego tworzywa sztucznego. Po\u015brodku g\u00f3rnej p\u0142ytki zamocowany uchwyt w kszta\u0142cie kuli na okr\u0105g\u0142ej, podstawie. W po\u0142owie kuli, uformowana pozioma opaska z paskiem z tworzywa po\u015brodku. Dolna cz\u0119\u015b\u0107 podstawy tak\u017ce wykonana z tworzywa. Na spodzie dolnej p\u0142ytki przy kr\u00f3tszych bokach przylutowane paski blachy, w po\u0142owie zagi\u0119te po \u0142uku, przez co tworz\u0105 si\u0119 uchwyty do suszki. Suszk\u0119 \u2013 doln\u0105 cz\u0119\u015b\u0107 bibularza tworzy \u0142ukowato wygi\u0119ty pas blachy, z kr\u00f3tszymi bokami wsuni\u0119tymi w uchwyty. Na pas od spodu nak\u0142adana by\u0142a odpowiednio przyci\u0119ta bibu\u0142a \u2013 mi\u0119kki, ch\u0142onny papier, w kt\u00f3ry \u0142atwo wsi\u0105ka\u0142 atrament.<\/p>\n","protected":false},"excerpt":{"rendered":"<p>Bibularz \u2013 przyrz\u0105d s\u0142u\u017c\u0105cy do osuszania atramentu. Pochodzenie Polska, Przemy\u015bl, ok. po\u0142. XX w. o wymiarach 11 cm wysoko\u015bci, 11 cm szeroko\u015bci, 8,2 cm g\u0142\u0119boko\u015bci. Sk\u0142ada si\u0119 z dw\u00f3ch cz\u0119\u015bci \u2013 prostok\u0105tnego wierzchu z uchwytem i p\u00f3\u0142okr\u0105g\u0142ej dolnej cz\u0119\u015bci, w\u0142a\u015bciwej suszki. Wierzch jest wykonany z trzech p\u0142ytek u\u0142o\u017conych jedna na drugiej. \u015arodkowa jest wyci\u0119ta z [&hellip;]<\/p>\n","protected":false},"author":1,"featured_media":568,"parent":157,"menu_order":106,"comment_status":"closed","ping_status":"closed","template":"","meta":{"footnotes":""},"class_list":["post-567","page","type-page","status-publish","has-post-thumbnail","hentry"],"_links":{"self":[{"href":"https:\/\/mnzp-muzealnik.pl\/index.php\/wp-json\/wp\/v2\/pages\/567","targetHints":{"allow":["GET"]}}],"collection":[{"href":"https:\/\/mnzp-muzealnik.pl\/index.php\/wp-json\/wp\/v2\/pages"}],"about":[{"href":"https:\/\/mnzp-muzealnik.pl\/index.php\/wp-json\/wp\/v2\/types\/page"}],"author":[{"embeddable":true,"href":"https:\/\/mnzp-muzealnik.pl\/index.php\/wp-json\/wp\/v2\/users\/1"}],"replies":[{"embeddable":true,"href":"https:\/\/mnzp-muzealnik.pl\/index.php\/wp-json\/wp\/v2\/comments?post=567"}],"version-history":[{"count":1,"href":"https:\/\/mnzp-muzealnik.pl\/index.php\/wp-json\/wp\/v2\/pages\/567\/revisions"}],"predecessor-version":[{"id":569,"href":"https:\/\/mnzp-muzealnik.pl\/index.php\/wp-json\/wp\/v2\/pages\/567\/revisions\/569"}],"up":[{"embeddable":true,"href":"https:\/\/mnzp-muzealnik.pl\/index.php\/wp-json\/wp\/v2\/pages\/157"}],"wp:featuredmedia":[{"embeddable":true,"href":"https:\/\/mnzp-muzealnik.pl\/index.php\/wp-json\/wp\/v2\/media\/568"}],"wp:attachment":[{"href":"https:\/\/mnzp-muzealnik.pl\/index.php\/wp-json\/wp\/v2\/media?parent=567"}],"curies":[{"name":"wp","href":"https:\/\/api.w.org\/{rel}","templated":true}]}}