{"id":573,"date":"2025-10-20T22:01:24","date_gmt":"2025-10-20T20:01:24","guid":{"rendered":"https:\/\/mnzp-muzealnik.pl\/?page_id=573"},"modified":"2025-10-20T22:05:48","modified_gmt":"2025-10-20T20:05:48","slug":"obraz-portret-starej-kobiety","status":"publish","type":"page","link":"https:\/\/mnzp-muzealnik.pl\/index.php\/strona-glowna\/muzeum-historii-miasta-przemysla\/wnetrza-mieszczanskie\/obraz-portret-starej-kobiety\/","title":{"rendered":"Obraz \u201ePortret starej kobiety\u201d"},"content":{"rendered":"\n<p>Autor nieokre\u015blony (podpisany V. Mos.. lub V. Mof\u2026), \u201ePortret starszej kobiety\u201d, pierwsza po\u0142owa dziewi\u0119tnastego wieku, farby olejne na p\u0142\u00f3tnie. Obraz o wymiarach: 69 na 57 cm. Zbiory Muzeum Narodowego Ziemi Przemyskiej w Przemy\u015blu. Obraz przedstawia kobiet\u0119 w uj\u0119ciu na wprost, do wysoko\u015bci bioder. Kobieta ma twarz o okr\u0105g\u0142ych policzkach, wystaj\u0105cym, podw\u00f3jnym podbr\u00f3dku i w\u0105skich zaci\u015bni\u0119tych ustach. Nos ma du\u017cy, oczy b\u0142\u0119kitne, brwi jasne, a czo\u0142o wysokie. Jej bardzo jasna, niemal bia\u0142a cera kontrastuje z bardzo ciemnymi, br\u0105zowymi w\u0142osami. W\u0142osy upi\u0119te s\u0105 w dwa koki po bokach g\u0142owy, na wysoko\u015bci uszu. Przewi\u0105zane s\u0105 czarn\u0105 wst\u0105\u017ck\u0105 nad czo\u0142em. Na g\u0142owie za\u0142o\u017cony ma czepek obszyty dwoma rz\u0119dami falbanek, kt\u00f3re otaczaj\u0105 twarz portretowanej. Czepek zwi\u0105zany jest pod szyj\u0105 b\u0142\u0119kitn\u0105 wst\u0105\u017ck\u0105. Nakrycie g\u0142owy u kobiety oznacza, \u017ce by\u0142a ona m\u0119\u017catk\u0105 lub wdow\u0105. Na kr\u00f3tkiej szyi znajduje si\u0119 podw\u00f3jny sznur pere\u0142 spi\u0119tych z przodu okr\u0105g\u0142\u0105 zapink\u0105. Kobieta ubrana jest w czarn\u0105 sukni\u0119 z szerokim dekoltem i bufiastymi, d\u0142ugimi r\u0119kawami. Na skraju dekoltu, na \u015brodku przypi\u0119t\u0105 ma broszk\u0119 z per\u0142ami. Portretowana trzyma w d\u0142oni na wysoko\u015bci pasa bia\u0142\u0105 chusteczk\u0105 w drobne, niebieskie kwiatki, prawdopodobnie niezapominajki. Na przedramionach zarzucony ma ciemnoniebieski szal. T\u0142o obrazu jest bardzo ciemne, br\u0105zowe. Obraz jest przyk\u0142adem portretu mieszcza\u0144skiego z pierwszej po\u0142owy XIX wieku. W tym okresie (w latach 1815 \u2013 1848) stylem dominuj\u0105cym w \u015brodowiskach mieszcza\u0144skich by\u0142 Biedermeier. Widoczny by\u0142 on g\u0142\u00f3wnie w meblarstwie i w urz\u0105dzaniu wn\u0119trz mieszkalnych. Mia\u0142y by\u0107 one funkcjonalne i wygodne. Salony, jak ten, w kt\u00f3rym si\u0119 znajdujemy, to miejsca, gdzie spotyka\u0142a si\u0119 rodzina, gdzie sp\u0119dzano mile czas na wsp\u00f3lnym muzykowaniu, rozmowach i gdzie przyjmowano go\u015bci. Mia\u0142o to by\u0107 zatem miejsce odznaczaj\u0105ce si\u0119 skromn\u0105 elegancj\u0105 i zarazem przytulno\u015bci\u0105. W malarstwie styl ten charakteryzowa\u0142 si\u0119 nieupi\u0119kszonym realizmem, odej\u015bciem od idealizacji postaci, prostot\u0105, specyficzn\u0105 powag\u0105 i pochwa\u0142\u0105 \u017cycia rodzinnego. Cz\u0119ste by\u0142o portretowanie ca\u0142ych rodzin. W portretach pojedynczych os\u00f3b istotne by\u0142y detale m\u00f3wi\u0105ce o statusie spo\u0142ecznym portretowanego, czy portretowanej, zawodzie, czy zamo\u017cno\u015bci danej osoby. Na opisanym wy\u017cej portrecie przedstawiona zosta\u0142a kobieta w \u015brednim wieku, bogata m\u0119\u017catka lub wdowa, o czym \u015bwiadcz\u0105: czepek na g\u0142owie i noszona przez ni\u0105 bi\u017cuteria.<\/p>\n","protected":false},"excerpt":{"rendered":"<p>Autor nieokre\u015blony (podpisany V. Mos.. lub V. Mof\u2026), \u201ePortret starszej kobiety\u201d, pierwsza po\u0142owa dziewi\u0119tnastego wieku, farby olejne na p\u0142\u00f3tnie. Obraz o wymiarach: 69 na 57 cm. Zbiory Muzeum Narodowego Ziemi Przemyskiej w Przemy\u015blu. Obraz przedstawia kobiet\u0119 w uj\u0119ciu na wprost, do wysoko\u015bci bioder. Kobieta ma twarz o okr\u0105g\u0142ych policzkach, wystaj\u0105cym, podw\u00f3jnym podbr\u00f3dku i w\u0105skich zaci\u015bni\u0119tych [&hellip;]<\/p>\n","protected":false},"author":1,"featured_media":574,"parent":157,"menu_order":107,"comment_status":"closed","ping_status":"closed","template":"","meta":{"footnotes":""},"class_list":["post-573","page","type-page","status-publish","has-post-thumbnail","hentry"],"_links":{"self":[{"href":"https:\/\/mnzp-muzealnik.pl\/index.php\/wp-json\/wp\/v2\/pages\/573","targetHints":{"allow":["GET"]}}],"collection":[{"href":"https:\/\/mnzp-muzealnik.pl\/index.php\/wp-json\/wp\/v2\/pages"}],"about":[{"href":"https:\/\/mnzp-muzealnik.pl\/index.php\/wp-json\/wp\/v2\/types\/page"}],"author":[{"embeddable":true,"href":"https:\/\/mnzp-muzealnik.pl\/index.php\/wp-json\/wp\/v2\/users\/1"}],"replies":[{"embeddable":true,"href":"https:\/\/mnzp-muzealnik.pl\/index.php\/wp-json\/wp\/v2\/comments?post=573"}],"version-history":[{"count":1,"href":"https:\/\/mnzp-muzealnik.pl\/index.php\/wp-json\/wp\/v2\/pages\/573\/revisions"}],"predecessor-version":[{"id":575,"href":"https:\/\/mnzp-muzealnik.pl\/index.php\/wp-json\/wp\/v2\/pages\/573\/revisions\/575"}],"up":[{"embeddable":true,"href":"https:\/\/mnzp-muzealnik.pl\/index.php\/wp-json\/wp\/v2\/pages\/157"}],"wp:featuredmedia":[{"embeddable":true,"href":"https:\/\/mnzp-muzealnik.pl\/index.php\/wp-json\/wp\/v2\/media\/574"}],"wp:attachment":[{"href":"https:\/\/mnzp-muzealnik.pl\/index.php\/wp-json\/wp\/v2\/media?parent=573"}],"curies":[{"name":"wp","href":"https:\/\/api.w.org\/{rel}","templated":true}]}}