{"id":585,"date":"2025-10-20T22:09:24","date_gmt":"2025-10-20T20:09:24","guid":{"rendered":"https:\/\/mnzp-muzealnik.pl\/?page_id=585"},"modified":"2025-10-20T22:10:40","modified_gmt":"2025-10-20T20:10:40","slug":"samowar-z-taca","status":"publish","type":"page","link":"https:\/\/mnzp-muzealnik.pl\/index.php\/strona-glowna\/muzeum-historii-miasta-przemysla\/wnetrza-mieszczanskie\/samowar-z-taca\/","title":{"rendered":"Samowar z tac\u0105"},"content":{"rendered":"\n<p>Samowar mosi\u0119\u017cny o typowym kszta\u0142cie, z tac\u0105. Pochodzenie: Rosja, 2 po\u0142. XIX w. o wymiarach 60,5 cm wysoko\u015bci, 36 cm szeroko\u015bci, 33 cm g\u0142\u0119boko\u015bci, taca o wymiarach: 1,5 cm wysoko\u015bci, 27 cm szeroko\u015bci, 39,5 cm g\u0142\u0119boko\u015bci. Stopa okr\u0105g\u0142a, profilowana, wsparta na czterech \u0142ukowatych n\u00f3\u017ckach. Stopa p\u0142ynnie przechodzi w bardzo kr\u00f3tki &#8222;trzon&#8221; &#8211; przew\u0119\u017cenie stanowi\u0105ce po\u0142\u0105czenie z masywnym korpusem. Korpus wazonowaty, o\u015bmioboczny rozszerza si\u0119 ku g\u00f3rze i uwypukla, by przej\u015b\u0107 w w\u0119\u017csz\u0105 walcowat\u0105 szyjk\u0119 zako\u0144czon\u0105 p\u0142askim, \u0142ukowatym &#8222;ko\u0142nierzem&#8221;. W dole korpusu zamocowany jest okr\u0105g\u0142y ruszt na w\u0119giel drzewny, otoczony a\u017curow\u0105 os\u0142on\u0105 doprowadzaj\u0105c\u0105 powietrze. \u015acianki podzielone na osiem owalnych p\u00f3l, dodatkowo podkre\u015blonych pionowymi wa\u0142kami. Na kraw\u0119dzi ko\u0142nierza plastyczne pere\u0142ki. Korpus zamkni\u0119ty jest stosunkowo p\u0142ask\u0105, profilowan\u0105, pierwotnie \u015bci\u015ble dopasowan\u0105 pokryw\u0105 z okr\u0105g\u0142ym otworem po\u015brodku, z podniesion\u0105 kraw\u0119dzi\u0105. Wewn\u0105trz korpusu zamontowana jest pionowa, do\u015b\u0107 szeroka rura, po\u0142\u0105czona z paleniskiem na w\u0119giel drzewny. Ca\u0142o\u015b\u0107 tworzy grza\u0142k\u0119 do zagotowania wody nalewanej do korpusu &#8211; zbiornika. Rura zw\u0119\u017ca si\u0119 lekko przy wylocie i dopasowuje do kraw\u0119dzi otworu po\u015brodku pokrywy, wystaj\u0105c nad niego ok. 0,5 cm. Na kraw\u0119d\u017a rury nak\u0142adany jest wysoki, mosi\u0119\u017cny kominek z rozszerzonym wylotem, do oprowadzania spalin. Na kraw\u0119d\u017a otworu pokrywy nak\u0142adany jest rozszerzany, a\u017curowy w dolnej cz\u0119\u015bci &#8222;ko\u0142nierz&#8221;, na kt\u00f3rym ustawia si\u0119 czajniczek z esencj\u0105, po wyj\u0119ciu komina. U do\u0142u korpusu zamocowany jest kranik z esowat\u0105 d\u017awigienk\u0105 w formie wici ro\u015blinnej do wypuszczania wody ze zbiornika. Na pokrywie zbiornika wybity s\u0142abo czytelny znak fabryczny: symbol podobny do szczypiec w kole, a pod spodem litery, prawdopodobnie E A. Samowar ustawiony jest na tacy, stanowi\u0105cej z nim komplet, r\u00f3wnie\u017c mosi\u0119\u017cnej, w formie wyd\u0142u\u017conego prostok\u0105ta, z zaokr\u0105glonym jednym z kr\u00f3tszych bok\u00f3w, o do\u015b\u0107 wysokiej, rozchylonej na boki kraw\u0119dzi. Po\u015brodku d\u0142u\u017cszych bok\u00f3w przynitowane ozdobne, odlewane uchwyty w formie p\u0119tli.<\/p>\n","protected":false},"excerpt":{"rendered":"<p>Samowar mosi\u0119\u017cny o typowym kszta\u0142cie, z tac\u0105. Pochodzenie: Rosja, 2 po\u0142. XIX w. o wymiarach 60,5 cm wysoko\u015bci, 36 cm szeroko\u015bci, 33 cm g\u0142\u0119boko\u015bci, taca o wymiarach: 1,5 cm wysoko\u015bci, 27 cm szeroko\u015bci, 39,5 cm g\u0142\u0119boko\u015bci. Stopa okr\u0105g\u0142a, profilowana, wsparta na czterech \u0142ukowatych n\u00f3\u017ckach. Stopa p\u0142ynnie przechodzi w bardzo kr\u00f3tki &#8222;trzon&#8221; &#8211; przew\u0119\u017cenie stanowi\u0105ce po\u0142\u0105czenie [&hellip;]<\/p>\n","protected":false},"author":1,"featured_media":587,"parent":157,"menu_order":108,"comment_status":"closed","ping_status":"closed","template":"","meta":{"footnotes":""},"class_list":["post-585","page","type-page","status-publish","has-post-thumbnail","hentry"],"_links":{"self":[{"href":"https:\/\/mnzp-muzealnik.pl\/index.php\/wp-json\/wp\/v2\/pages\/585","targetHints":{"allow":["GET"]}}],"collection":[{"href":"https:\/\/mnzp-muzealnik.pl\/index.php\/wp-json\/wp\/v2\/pages"}],"about":[{"href":"https:\/\/mnzp-muzealnik.pl\/index.php\/wp-json\/wp\/v2\/types\/page"}],"author":[{"embeddable":true,"href":"https:\/\/mnzp-muzealnik.pl\/index.php\/wp-json\/wp\/v2\/users\/1"}],"replies":[{"embeddable":true,"href":"https:\/\/mnzp-muzealnik.pl\/index.php\/wp-json\/wp\/v2\/comments?post=585"}],"version-history":[{"count":2,"href":"https:\/\/mnzp-muzealnik.pl\/index.php\/wp-json\/wp\/v2\/pages\/585\/revisions"}],"predecessor-version":[{"id":589,"href":"https:\/\/mnzp-muzealnik.pl\/index.php\/wp-json\/wp\/v2\/pages\/585\/revisions\/589"}],"up":[{"embeddable":true,"href":"https:\/\/mnzp-muzealnik.pl\/index.php\/wp-json\/wp\/v2\/pages\/157"}],"wp:featuredmedia":[{"embeddable":true,"href":"https:\/\/mnzp-muzealnik.pl\/index.php\/wp-json\/wp\/v2\/media\/587"}],"wp:attachment":[{"href":"https:\/\/mnzp-muzealnik.pl\/index.php\/wp-json\/wp\/v2\/media?parent=585"}],"curies":[{"name":"wp","href":"https:\/\/api.w.org\/{rel}","templated":true}]}}